{"id":2422,"date":"2017-04-19T09:56:44","date_gmt":"2017-04-19T07:56:44","guid":{"rendered":"https:\/\/www.andbank.com\/andorra\/information-legale\/conformite-reglementaire\/"},"modified":"2024-08-26T07:34:26","modified_gmt":"2024-08-26T05:34:26","slug":"conformite-reglementaire","status":"publish","type":"page","link":"https:\/\/pre.andbank.com\/andorra\/fr\/information-legale\/conformite-reglementaire\/","title":{"rendered":"Conformit\u00e9 r\u00e9glementaire"},"content":{"rendered":"<h2>Loi 8\/2013 (directive march\u00e9s et instruments financiers &#8211; MiFID)<\/h2>\n<p>La loi 8\/213 du 9 mai contient les principes de base concernant les exigences organisationnelles et les conditions de fonctionnement des entit\u00e9s op\u00e9rationnelles du syst\u00e8me financier, la protection des investisseurs, les abus de march\u00e9 et les accords de garantie financi\u00e8re. Cette loi est align\u00e9e sur la directive 2004\/39 \/ CE dans le cadre de l&rsquo;accord mon\u00e9taire sign\u00e9 entre la Principaut\u00e9 d&rsquo;Andorre et l&rsquo;Union Europ\u00e9enne.<\/p>\n<ul>\n<li><a href=\"https:\/\/www.andbank.com\/wp-content\/uploads\/2023\/08\/frances-documento-web-mifid-vfinal_v2-4.pdf\" target=\"_blank\" rel=\"noopener noreferrer\">Informations pr\u00e9contractuelles.<\/a><\/li>\n<li><a href=\"https:\/\/www.andbank.com\/wp-content\/uploads\/2022\/03\/politica_de_conflicto_de_interes_fra.pdf\" target=\"_blank\" rel=\"noopener noreferrer\">Politique de gestion des conflits d&rsquo;int\u00e9r\u00eats.<\/a><\/li>\n<li><a href=\"https:\/\/www.andbank.com\/andorra\/wp-content\/uploads\/sites\/10\/2023\/11\/AND-POL-045-WEB-FRA-Politica-de-Mejor-Ejecucion.pdf\">Politique d&rsquo;ex\u00e9cution des ordres.<\/a><\/li>\n<li><a href=\"https:\/\/www.andbank.com\/wp-content\/uploads\/2022\/03\/politica_de_salvaguarda_activos_fra.pdf\" target=\"_blank\" rel=\"noopener noreferrer\">Politique de sauvegarde des actifs.<\/a><\/li>\n<\/ul>\n<h2><\/h2>\n<h2>CRS<\/h2>\n<p>Common Reporting Standards (CRS) est un syst\u00e8me d\u2019\u00e9change automatique de renseignements fiscaux entre les pays, qui permet aux administrations fiscales des pays qui y adh\u00e8rent d\u2019obtenir annuellement des renseignements fiscaux relatifs aux investissements ou aux positions que leurs r\u00e9sidents fiscaux poss\u00e8dent dans des \u00e9tablissements financiers situ\u00e9s \u00e0 l\u2019\u00e9tranger (hors du pays dans lequel ils sont r\u00e9sidents fiscaux).<\/p>\n<p>Dans ce sens, le 1er janvier 2017, entra en vigueur en Principaut\u00e9 d\u2019Andorre la Loi\u00a019\/2016, du 30 novembre, sur l\u2019\u00e9change automatique de renseignements \u00e0 des fins fiscales (ci-apr\u00e8s, Loi d\u2019\u00e9change automatique).<br \/>\nLa Loi d\u2019\u00e9change automatique implante en Principaut\u00e9 d\u2019Andorre le standard commun de l\u2019OCDE (Common Reporting Standards) des normes de communication et de diligence raisonnable, relative \u00e0 l\u2019information sur les comptes financiers, dans le but d\u2019am\u00e9liorer la conformit\u00e9 fiscale internationale \u00e0 partir de l\u2019\u00e9change automatique r\u00e9ciproque.<\/p>\n<p>La Loi qui r\u00e8glemente l\u2019\u00e9change automatique de renseignements sur les comptes financiers entre la Principaut\u00e9 d\u2019Andorre et d\u2019autres \u00c9tats conform\u00e9ment aux accords ou aux conventions internationales respectifs applicables, situe la Principaut\u00e9 d\u2019Andorre au niveau des standards les plus \u00e9lev\u00e9es quant \u00e0 la transparence en mati\u00e8re d\u2019\u00e9change de renseignement avec d\u2019autres pays OCDE.<\/p>\n<ul>\n<li><a href=\"https:\/\/www.andbank.com\/andorra\/fr\/particuliers\/andbank-vous-informe\/\">Plus d&rsquo;informations sur le CRS<\/a><\/li>\n<\/ul>\n<h2><\/h2>\n<h2>Pr\u00e9vention contre le blanchiment de capitaux et lutte contre le terrorisme<\/h2>\n<p>D\u00e9claration g\u00e9n\u00e9rale sur les politiques de pr\u00e9vention du blanchiment de capitaux dans le groupe Andbank<\/p>\n<ul>\n<li><a href=\"https:\/\/www.andbank.com\/andorra\/wp-content\/uploads\/sites\/10\/2023\/01\/2023_DECLARACION-AML-AB_FR.pdf\" target=\"_blank\" rel=\"noopener noreferrer\">Acc\u00e9der au pdf<\/a><\/li>\n<\/ul>\n<h2>AML Wolfsberg Questionnaire<\/h2>\n<ul>\n<li><a href=\"https:\/\/www.andbank.com\/andorra\/wp-content\/uploads\/sites\/10\/2024\/08\/CBDDQ-v14.4_ANDBANK.pdf\" target=\"_blank\" rel=\"noopener noreferrer\">Acc\u00e9der au pdf<\/a><\/li>\n<\/ul>\n<h2>USA Patriot Act<\/h2>\n<ul>\n<li><a href=\"https:\/\/www.andbank.com\/andorra\/wp-content\/uploads\/sites\/10\/2024\/03\/ANDBANK-2024-USA-Patriot-Act-Certificate-2.pdf\">Acc\u00e9der au USA PATRIOT ACT CERTIFICATE<\/a><\/li>\n<\/ul>\n<h2>Fonds de garantie<\/h2>\n<ul>\n<li><a href=\"https:\/\/www.afa.ad\/fr\/fons-de-garantia?set_language=fr\" target=\"_blank\" rel=\"noopener\">Acc\u00e9der<\/a><\/li>\n<\/ul>\n","protected":false},"excerpt":{"rendered":"<p>Loi 8\/2013 (directive march\u00e9s et instruments financiers &#8211; MiFID) La loi 8\/213 du 9 mai contient les principes de base concernant les exigences organisationnelles et les conditions de fonctionnement des entit\u00e9s op\u00e9rationnelles du syst\u00e8me financier, la protection des investisseurs, les abus de march\u00e9 et les accords de garantie financi\u00e8re. Cette loi est align\u00e9e sur la [&hellip;]<\/p>\n","protected":false},"author":18,"featured_media":1710,"parent":2391,"menu_order":12,"comment_status":"closed","ping_status":"closed","template":"template-info-detail.php","meta":{"footnotes":""},"yst_prominent_words":[1362,1361,1815,1364,1797,1793,5881,1366,727,1817,1814,1816,5743,1367,1363,5879,1818,1798,1368,1316],"class_list":["post-2422","page","type-page","status-publish","has-post-thumbnail","hentry"],"acf":[],"_links":{"self":[{"href":"https:\/\/pre.andbank.com\/andorra\/fr\/wp-json\/wp\/v2\/pages\/2422"}],"collection":[{"href":"https:\/\/pre.andbank.com\/andorra\/fr\/wp-json\/wp\/v2\/pages"}],"about":[{"href":"https:\/\/pre.andbank.com\/andorra\/fr\/wp-json\/wp\/v2\/types\/page"}],"author":[{"embeddable":true,"href":"https:\/\/pre.andbank.com\/andorra\/fr\/wp-json\/wp\/v2\/users\/18"}],"replies":[{"embeddable":true,"href":"https:\/\/pre.andbank.com\/andorra\/fr\/wp-json\/wp\/v2\/comments?post=2422"}],"version-history":[{"count":15,"href":"https:\/\/pre.andbank.com\/andorra\/fr\/wp-json\/wp\/v2\/pages\/2422\/revisions"}],"predecessor-version":[{"id":26168,"href":"https:\/\/pre.andbank.com\/andorra\/fr\/wp-json\/wp\/v2\/pages\/2422\/revisions\/26168"}],"up":[{"embeddable":true,"href":"https:\/\/pre.andbank.com\/andorra\/fr\/wp-json\/wp\/v2\/pages\/2391"}],"wp:featuredmedia":[{"embeddable":true,"href":"https:\/\/pre.andbank.com\/andorra\/fr\/wp-json\/wp\/v2\/media\/1710"}],"wp:attachment":[{"href":"https:\/\/pre.andbank.com\/andorra\/fr\/wp-json\/wp\/v2\/media?parent=2422"}],"wp:term":[{"taxonomy":"yst_prominent_words","embeddable":true,"href":"https:\/\/pre.andbank.com\/andorra\/fr\/wp-json\/wp\/v2\/yst_prominent_words?post=2422"}],"curies":[{"name":"wp","href":"https:\/\/api.w.org\/{rel}","templated":true}]}}