{"id":2419,"date":"2017-04-19T09:18:02","date_gmt":"2017-04-19T07:18:02","guid":{"rendered":"https:\/\/www.andbank.com\/andorra\/qui-sommes-nous\/travaillez-avec-nous\/"},"modified":"2023-04-02T19:20:58","modified_gmt":"2023-04-02T17:20:58","slug":"travaillez-avec-nous","status":"publish","type":"page","link":"https:\/\/pre.andbank.com\/andorra\/fr\/qui-sommes-nous\/travaillez-avec-nous\/","title":{"rendered":"Travailler chez Andbank"},"content":{"rendered":"<p><strong>Notre engagement est d\u2019attirer les meilleurs talents o\u00f9 qu\u2019ils se trouvent afin de compl\u00e9ter une \u00e9quipe de professionnels exceptionnels qui partagent notre philosophie et nos valeurs de travail.<\/strong><\/p>\n<p>Si vous souhaitez faire partie d&rsquo;une \u00e9quipe jeune et innovatrice, \u00e0 forte vocation de service et passionn\u00e9e par son travail, envoyez-nous votre CV gr\u00e2ce au formulaire suivant.<\/p>\n","protected":false},"excerpt":{"rendered":"<p>Nous sommes une soci\u00e9t\u00e9 engag\u00e9e envers ses travailleurs, toujours en qu\u00eate des meilleures options de formation afin d\u2019assurer \u00e0 nos clients un service professionnel et d\u2019avant-garde.<\/p>\n","protected":false},"author":18,"featured_media":1746,"parent":2402,"menu_order":197,"comment_status":"closed","ping_status":"closed","template":"template-detail.php","meta":{"footnotes":""},"yst_prominent_words":[636,631,635,5526],"class_list":["post-2419","page","type-page","status-publish","has-post-thumbnail","hentry"],"acf":[],"_links":{"self":[{"href":"https:\/\/pre.andbank.com\/andorra\/fr\/wp-json\/wp\/v2\/pages\/2419"}],"collection":[{"href":"https:\/\/pre.andbank.com\/andorra\/fr\/wp-json\/wp\/v2\/pages"}],"about":[{"href":"https:\/\/pre.andbank.com\/andorra\/fr\/wp-json\/wp\/v2\/types\/page"}],"author":[{"embeddable":true,"href":"https:\/\/pre.andbank.com\/andorra\/fr\/wp-json\/wp\/v2\/users\/18"}],"replies":[{"embeddable":true,"href":"https:\/\/pre.andbank.com\/andorra\/fr\/wp-json\/wp\/v2\/comments?post=2419"}],"version-history":[{"count":1,"href":"https:\/\/pre.andbank.com\/andorra\/fr\/wp-json\/wp\/v2\/pages\/2419\/revisions"}],"predecessor-version":[{"id":25010,"href":"https:\/\/pre.andbank.com\/andorra\/fr\/wp-json\/wp\/v2\/pages\/2419\/revisions\/25010"}],"up":[{"embeddable":true,"href":"https:\/\/pre.andbank.com\/andorra\/fr\/wp-json\/wp\/v2\/pages\/2402"}],"wp:featuredmedia":[{"embeddable":true,"href":"https:\/\/pre.andbank.com\/andorra\/fr\/wp-json\/wp\/v2\/media\/1746"}],"wp:attachment":[{"href":"https:\/\/pre.andbank.com\/andorra\/fr\/wp-json\/wp\/v2\/media?parent=2419"}],"wp:term":[{"taxonomy":"yst_prominent_words","embeddable":true,"href":"https:\/\/pre.andbank.com\/andorra\/fr\/wp-json\/wp\/v2\/yst_prominent_words?post=2419"}],"curies":[{"name":"wp","href":"https:\/\/api.w.org\/{rel}","templated":true}]}}