{"id":2418,"date":"2017-04-18T18:46:52","date_gmt":"2017-04-18T16:46:52","guid":{"rendered":"https:\/\/www.andbank.com\/andorra\/qui-sommes-nous\/responsabilite-sociale\/"},"modified":"2021-01-28T13:00:13","modified_gmt":"2021-01-28T11:00:13","slug":"responsabilidad-social-corporativa","status":"publish","type":"page","link":"https:\/\/pre.andbank.com\/andorra\/fr\/qui-sommes-nous\/responsabilidad-social-corporativa\/","title":{"rendered":"Responsabilit\u00e9 Sociale"},"content":{"rendered":"","protected":false},"excerpt":{"rendered":"<p>Andbank est une soci\u00e9t\u00e9 engag\u00e9e en faveur des personnes et des valeurs sociales. Au cours de nos 90 ans d&rsquo;histoire, nous avons privil\u00e9gi\u00e9 un esprit corporatif solidaire et nous nous sommes impliqu\u00e9s dans les causes sociales qui nous entourent.<\/p>\n","protected":false},"author":1,"featured_media":1569,"parent":2402,"menu_order":201,"comment_status":"closed","ping_status":"closed","template":"template-detail.php","meta":{"footnotes":""},"yst_prominent_words":[],"class_list":["post-2418","page","type-page","status-publish","has-post-thumbnail","hentry"],"acf":[],"_links":{"self":[{"href":"https:\/\/pre.andbank.com\/andorra\/fr\/wp-json\/wp\/v2\/pages\/2418"}],"collection":[{"href":"https:\/\/pre.andbank.com\/andorra\/fr\/wp-json\/wp\/v2\/pages"}],"about":[{"href":"https:\/\/pre.andbank.com\/andorra\/fr\/wp-json\/wp\/v2\/types\/page"}],"author":[{"embeddable":true,"href":"https:\/\/pre.andbank.com\/andorra\/fr\/wp-json\/wp\/v2\/users\/1"}],"replies":[{"embeddable":true,"href":"https:\/\/pre.andbank.com\/andorra\/fr\/wp-json\/wp\/v2\/comments?post=2418"}],"version-history":[{"count":0,"href":"https:\/\/pre.andbank.com\/andorra\/fr\/wp-json\/wp\/v2\/pages\/2418\/revisions"}],"up":[{"embeddable":true,"href":"https:\/\/pre.andbank.com\/andorra\/fr\/wp-json\/wp\/v2\/pages\/2402"}],"wp:featuredmedia":[{"embeddable":true,"href":"https:\/\/pre.andbank.com\/andorra\/fr\/wp-json\/wp\/v2\/media\/1569"}],"wp:attachment":[{"href":"https:\/\/pre.andbank.com\/andorra\/fr\/wp-json\/wp\/v2\/media?parent=2418"}],"wp:term":[{"taxonomy":"yst_prominent_words","embeddable":true,"href":"https:\/\/pre.andbank.com\/andorra\/fr\/wp-json\/wp\/v2\/yst_prominent_words?post=2418"}],"curies":[{"name":"wp","href":"https:\/\/api.w.org\/{rel}","templated":true}]}}