{"id":2417,"date":"2017-04-18T18:42:59","date_gmt":"2017-04-18T16:42:59","guid":{"rendered":"https:\/\/www.andbank.com\/andorra\/qui-sommes-nous\/structure-de-gouvernance\/"},"modified":"2023-11-14T15:08:57","modified_gmt":"2023-11-14T13:08:57","slug":"structure-de-gouvernance","status":"publish","type":"page","link":"https:\/\/pre.andbank.com\/andorra\/fr\/qui-sommes-nous\/structure-de-gouvernance\/","title":{"rendered":"Structure de gouvernance"},"content":{"rendered":"<h2>Pr\u00e9sidence<\/h2>\n<table style=\"max-width: 1000px;width: 95%\">\n<tbody>\n<tr>\n<td><img loading=\"lazy\" decoding=\"async\" class=\"wp-image-956 alignleft\" src=\"https:\/\/www.andbank.com\/wp-content\/uploads\/2017\/04\/Manuel-Cerqueda-Donadeu.png\" alt=\"\" width=\"150\" height=\"150\"><\/td>\n<td><\/td>\n<td style=\"width: 30%\"><strong>Manel Cerqueda Donadeu<\/strong><br \/>\nPr\u00e9sident<br \/>\n<a href=\"https:\/\/www.andbank.com\/wp-content\/uploads\/sites\/10\/2017\/09\/FR-CV-MANEL-CERQUEDA-WEB.pdf\" target=\"_blank\" rel=\"noopener noreferrer\">Curriculum Vitae<\/a><\/td>\n<td><\/td>\n<td><img loading=\"lazy\" decoding=\"async\" class=\"wp-image-17324 alignleft\" src=\"https:\/\/www.andbank.com\/wp-content\/uploads\/2017\/04\/SERGI-PALLEROLA-GENE.png\" alt=\"Sergi Pallerola Gene\" width=\"150\" height=\"150\" \/><\/td>\n<td><\/td>\n<td style=\"width: 30%\"><strong>Sergi Pallerola Gene<\/strong><br \/>\nVice-pr\u00e9sident<br \/>\n<a href=\"https:\/\/www.andbank.com\/wp-content\/uploads\/2017\/04\/Sergi-Pallerola-Gene.pdf\" target=\"_blank\" rel=\"noopener noreferrer\">Curriculum Vitae<\/a><\/td>\n<\/tr>\n<\/tbody>\n<\/table>\n<p>&nbsp;<\/p>\n<h2>Conseil d&rsquo;administration<\/h2>\n<table style=\"max-width: 1000px;width: 95%\">\n<tbody>\n<tr>\n<td><img loading=\"lazy\" decoding=\"async\" class=\" wp-image-3206 alignleft\" src=\"https:\/\/www.andbank.com\/wp-content\/uploads\/2019\/11\/carmen_arrequeta.png\" alt=\"\" width=\"153\" height=\"153\"><\/td>\n<td><\/td>\n<td style=\"width: 30%\"><strong>Carmen Aquerreta Ferraz<\/strong><br \/>\nConseiller<br \/>\n<a href=\"https:\/\/www.andbank.com\/wp-content\/uploads\/2019\/11\/cv_carmen_aquerreta_fr.pdf\" target=\"_blank\" rel=\"noopener noreferrer\">Curriculum Vitae<\/a><\/td>\n<td><img loading=\"lazy\" decoding=\"async\" class=\"wp-image-955 alignleft\" src=\"https:\/\/www.andbank.com\/wp-content\/uploads\/2017\/04\/Manuel-Cerqueda-Diez.png\" alt=\"\" width=\"150\" height=\"150\"><\/td>\n<td><\/td>\n<td style=\"width: 30%\"><strong>Manel Cerqueda Diez<\/strong><br \/>\nConseiller<br \/>\n<a href=\"https:\/\/www.andbank.com\/wp-content\/uploads\/2017\/04\/CV-MANEL-CERQUEDA-DIEZ-WEB-OK-FRA.pdf\" target=\"_blank\" rel=\"noopener noreferrer\">Curriculum Vitae<\/a><\/td>\n<\/tr>\n<tr>\n<td><img loading=\"lazy\" decoding=\"async\" class=\"wp-image-955 alignleft\" src=\"https:\/\/www.andbank.com\/wp-content\/uploads\/2018\/10\/gomez_acebo.png\" alt=\"\" width=\"150\" height=\"150\"><\/td>\n<td><\/td>\n<td style=\"width: 30%\"><strong>Javier G\u00f3mez Acebo Saenz De Heredia<\/strong><br \/>\nConseiller<br \/>\n<a href=\"https:\/\/www.andbank.com\/wp-content\/uploads\/2018\/10\/CV_GOMEZ-ACEBO_FR.pdf\" target=\"_blank\" rel=\"noopener noreferrer\">Curriculum Vitae<\/a><\/td>\n<td><img loading=\"lazy\" decoding=\"async\" class=\" wp-image-3196 alignleft\" src=\"https:\/\/www.andbank.com\/wp-content\/uploads\/sites\/10\/2017\/08\/Picture4.jpg\" alt=\"\" width=\"157\" height=\"152\"><\/td>\n<td><\/td>\n<td style=\"width: 30%\"><strong>Jorge Maortua<\/strong><br \/>\nConseiller<br \/>\n<a href=\"https:\/\/www.andbank.com\/wp-content\/uploads\/sites\/10\/2017\/09\/FR-CV-JORGE-MAORTUA-WEB.pdf\" target=\"_blank\" rel=\"noopener noreferrer\">Curriculum Vitae<\/a><\/td>\n<\/tr>\n<tr>\n<td><img loading=\"lazy\" decoding=\"async\" class=\"wp-image-17324 alignleft\" src=\"https:\/\/www.andbank.com\/wp-content\/uploads\/2023\/11\/MCRibas.png\" alt=\"Maria Creus Ribas\" width=\"150\" height=\"150\" \/><\/td>\n<td><\/td>\n<td style=\"width: 30%\"><strong>Maria Creus Ribas<\/strong><br \/>\nConseiller<br \/>\n<a href=\"https:\/\/www.andbank.com\/wp-content\/uploads\/2023\/11\/CV-MARIA-CREUS-RIBAS-FR.pdf\" target=\"_blank\" rel=\"noopener noreferrer\">Curriculum Vitae<\/a><\/td>\n<td><img loading=\"lazy\" decoding=\"async\" class=\"wp-image-957 alignleft\" src=\"https:\/\/www.andbank.com\/andorra\/wp-content\/uploads\/sites\/10\/2021\/11\/JAUME-SERRA-1.png\" alt=\"C\u00e9sar Valc\u00e1rcel\" width=\"150\" height=\"150\"><\/td>\n<td><\/td>\n<td style=\"width: 30%\"><strong>Jaume Serra Serra<\/strong><br \/>\nConseiller<br \/>\n<a href=\"https:\/\/www.andbank.com\/andorra\/wp-content\/uploads\/sites\/10\/2021\/11\/CV-JAUME-SERRA-WEB-OK-FR.pdf\" target=\"_blank\" rel=\"noopener noreferrer\">Curriculum Vitae<\/a><\/td>\n<td><\/td>\n<\/tr>\n<tr>\n<td><img loading=\"lazy\" decoding=\"async\" class=\"wp-image-17324 alignleft\" src=\"https:\/\/www.andbank.com\/wp-content\/uploads\/2023\/11\/a-roses.jpg\" alt=\"Albert Ros\u00e9s Noguer\" width=\"150\" height=\"150\" \/><\/td>\n<td><\/td>\n<td style=\"width: 30%\"><strong>Albert Ros\u00e9s Noguer<\/strong><br \/>\nConseiller<br \/>\n<a href=\"https:\/\/www.andbank.com\/wp-content\/uploads\/2023\/11\/CV-ALBERT-ROSES-FR.pdf\" target=\"_blank\" rel=\"noopener noreferrer\">Curriculum Vitae<\/a><\/td>\n<td><img loading=\"lazy\" decoding=\"async\" class=\" wp-image-3206 alignleft\" src=\"https:\/\/www.andbank.com\/wp-content\/uploads\/2019\/11\/pablo_garcia.png\" alt=\"\" width=\"153\" height=\"153\"><\/td>\n<td><\/td>\n<td style=\"width: 30%\"><strong>Pablo Garc\u00eda Monta\u00f1\u00e9s<\/strong><br \/>\nSecr\u00e9taire non membre<br \/>\n<a href=\"https:\/\/www.andbank.com\/wp-content\/uploads\/2019\/11\/cv_pablo_garcia_fr.pdf\" target=\"_blank\" rel=\"noopener noreferrer\">Curriculum Vitae<\/a><\/td>\n<td><\/td>\n<\/tr>\n<\/tbody>\n<\/table>\n<p>&nbsp;<\/p>\n<h2>Direction g\u00e9n\u00e9rale<\/h2>\n<table style=\"max-width: 1000px;width: 95%\">\n<tbody>\n<tr>\n<td><img loading=\"lazy\" decoding=\"async\" class=\"wp-image-959 alignleft\" src=\"https:\/\/www.andbank.com\/wp-content\/uploads\/2021\/07\/Carlos_Aso.png\" alt=\"\" width=\"150\" height=\"150\"><\/td>\n<td><\/td>\n<td style=\"width: 30%\"><strong>Carlos Aso<\/strong><br \/>\nDirecteur G\u00e9n\u00e9ral<br \/>\n<a href=\"https:\/\/www.andbank.com\/wp-content\/uploads\/2021\/07\/CV-CARLOS-ASO-CAT-fr-FR-ok.pdf\" target=\"_blank\" rel=\"noopener noreferrer\">Curriculum Vitae<\/a><\/td>\n<td><\/td>\n<td><img loading=\"lazy\" decoding=\"async\" class=\"wp-image-949 alignleft\" src=\"https:\/\/www.andbank.com\/wp-content\/uploads\/2017\/12\/blanc.png\" alt=\"\" width=\"150\" height=\"150\"><\/td>\n<td><\/td>\n<td style=\"width: 30%\"><\/td>\n<\/tr>\n<\/tbody>\n<\/table>\n","protected":false},"excerpt":{"rendered":"<p>D\u00e9couvrez notre structure organisationnelle et les personnes qui font partie de l&rsquo;\u00e9quipe d&rsquo;Andbank.<\/p>\n","protected":false},"author":32,"featured_media":1560,"parent":2402,"menu_order":192,"comment_status":"closed","ping_status":"closed","template":"template-gerencia.php","meta":{"footnotes":""},"yst_prominent_words":[591,610,587,585,2899,529,597,586],"class_list":["post-2417","page","type-page","status-publish","has-post-thumbnail","hentry"],"acf":[],"_links":{"self":[{"href":"https:\/\/pre.andbank.com\/andorra\/fr\/wp-json\/wp\/v2\/pages\/2417"}],"collection":[{"href":"https:\/\/pre.andbank.com\/andorra\/fr\/wp-json\/wp\/v2\/pages"}],"about":[{"href":"https:\/\/pre.andbank.com\/andorra\/fr\/wp-json\/wp\/v2\/types\/page"}],"author":[{"embeddable":true,"href":"https:\/\/pre.andbank.com\/andorra\/fr\/wp-json\/wp\/v2\/users\/32"}],"replies":[{"embeddable":true,"href":"https:\/\/pre.andbank.com\/andorra\/fr\/wp-json\/wp\/v2\/comments?post=2417"}],"version-history":[{"count":6,"href":"https:\/\/pre.andbank.com\/andorra\/fr\/wp-json\/wp\/v2\/pages\/2417\/revisions"}],"predecessor-version":[{"id":25442,"href":"https:\/\/pre.andbank.com\/andorra\/fr\/wp-json\/wp\/v2\/pages\/2417\/revisions\/25442"}],"up":[{"embeddable":true,"href":"https:\/\/pre.andbank.com\/andorra\/fr\/wp-json\/wp\/v2\/pages\/2402"}],"wp:featuredmedia":[{"embeddable":true,"href":"https:\/\/pre.andbank.com\/andorra\/fr\/wp-json\/wp\/v2\/media\/1560"}],"wp:attachment":[{"href":"https:\/\/pre.andbank.com\/andorra\/fr\/wp-json\/wp\/v2\/media?parent=2417"}],"wp:term":[{"taxonomy":"yst_prominent_words","embeddable":true,"href":"https:\/\/pre.andbank.com\/andorra\/fr\/wp-json\/wp\/v2\/yst_prominent_words?post=2417"}],"curies":[{"name":"wp","href":"https:\/\/api.w.org\/{rel}","templated":true}]}}