{"id":2414,"date":"2017-04-18T17:55:26","date_gmt":"2017-04-18T15:55:26","guid":{"rendered":"https:\/\/www.andbank.com\/andorra\/qui-sommes-nous\/notre-histoire\/"},"modified":"2022-07-25T18:01:41","modified_gmt":"2022-07-25T16:01:41","slug":"groupe-andbank","status":"publish","type":"page","link":"https:\/\/pre.andbank.com\/andorra\/fr\/qui-sommes-nous\/groupe-andbank\/","title":{"rendered":"Groupe Andbank"},"content":{"rendered":"<p><img loading=\"lazy\" decoding=\"async\" class=\"alignnone size-full wp-image-21342\" src=\"https:\/\/www.andbank.com\/andorra\/wp-content\/uploads\/sites\/10\/2017\/04\/Andbank_grafico_01_2020_fr.jpg\" alt=\"\" width=\"1200\" height=\"360\" srcset=\"https:\/\/pre.andbank.com\/andorra\/wp-content\/uploads\/sites\/10\/2017\/04\/Andbank_grafico_01_2020_fr.jpg 1200w, https:\/\/pre.andbank.com\/andorra\/wp-content\/uploads\/sites\/10\/2017\/04\/Andbank_grafico_01_2020_fr-768x230.jpg 768w\" sizes=\"(max-width: 1200px) 100vw, 1200px\" \/><\/p>\n<p><img loading=\"lazy\" decoding=\"async\" class=\"alignnone size-full wp-image-21358\" src=\"https:\/\/www.andbank.com\/andorra\/wp-content\/uploads\/sites\/10\/2021\/10\/grafico_03_fr_v3.jpg\" alt=\"\" width=\"1200\" height=\"1485\" \/><\/p>\n<p><img loading=\"lazy\" decoding=\"async\" class=\"alignnone size-full wp-image-4803\" src=\"https:\/\/www.andbank.com\/andorra\/wp-content\/uploads\/sites\/10\/2017\/04\/Nous-Valeurs.jpg\" alt=\"\" width=\"1169\" height=\"352\" srcset=\"https:\/\/pre.andbank.com\/andorra\/wp-content\/uploads\/sites\/10\/2017\/04\/Nous-Valeurs.jpg 1169w, https:\/\/pre.andbank.com\/andorra\/wp-content\/uploads\/sites\/10\/2017\/04\/Nous-Valeurs-768x231.jpg 768w\" sizes=\"(max-width: 1169px) 100vw, 1169px\" \/><\/p>\n","protected":false},"excerpt":{"rendered":"<p>Nous sommes des banquiers priv\u00e9s depuis 90 ans. Chez Andbank, nous avons su pr\u00e9server notre privil\u00e8ge principal\u00a0: travailler pour nos clients.<\/p>\n","protected":false},"author":18,"featured_media":5536,"parent":2402,"menu_order":148,"comment_status":"closed","ping_status":"closed","template":"template-detail.php","meta":{"footnotes":""},"yst_prominent_words":[],"class_list":["post-2414","page","type-page","status-publish","has-post-thumbnail","hentry"],"acf":[],"_links":{"self":[{"href":"https:\/\/pre.andbank.com\/andorra\/fr\/wp-json\/wp\/v2\/pages\/2414"}],"collection":[{"href":"https:\/\/pre.andbank.com\/andorra\/fr\/wp-json\/wp\/v2\/pages"}],"about":[{"href":"https:\/\/pre.andbank.com\/andorra\/fr\/wp-json\/wp\/v2\/types\/page"}],"author":[{"embeddable":true,"href":"https:\/\/pre.andbank.com\/andorra\/fr\/wp-json\/wp\/v2\/users\/18"}],"replies":[{"embeddable":true,"href":"https:\/\/pre.andbank.com\/andorra\/fr\/wp-json\/wp\/v2\/comments?post=2414"}],"version-history":[{"count":1,"href":"https:\/\/pre.andbank.com\/andorra\/fr\/wp-json\/wp\/v2\/pages\/2414\/revisions"}],"predecessor-version":[{"id":24438,"href":"https:\/\/pre.andbank.com\/andorra\/fr\/wp-json\/wp\/v2\/pages\/2414\/revisions\/24438"}],"up":[{"embeddable":true,"href":"https:\/\/pre.andbank.com\/andorra\/fr\/wp-json\/wp\/v2\/pages\/2402"}],"wp:featuredmedia":[{"embeddable":true,"href":"https:\/\/pre.andbank.com\/andorra\/fr\/wp-json\/wp\/v2\/media\/5536"}],"wp:attachment":[{"href":"https:\/\/pre.andbank.com\/andorra\/fr\/wp-json\/wp\/v2\/media?parent=2414"}],"wp:term":[{"taxonomy":"yst_prominent_words","embeddable":true,"href":"https:\/\/pre.andbank.com\/andorra\/fr\/wp-json\/wp\/v2\/yst_prominent_words?post=2414"}],"curies":[{"name":"wp","href":"https:\/\/api.w.org\/{rel}","templated":true}]}}