{"id":2411,"date":"2017-08-04T16:32:54","date_gmt":"2017-08-04T14:32:54","guid":{"rendered":"https:\/\/www.andbank.com\/andorra\/gestion-dactifs\/nos-produitsservices\/"},"modified":"2017-09-17T19:39:08","modified_gmt":"2017-09-17T17:39:08","slug":"nos-produitsservices","status":"publish","type":"page","link":"https:\/\/pre.andbank.com\/andorra\/fr\/gestion-dactifs\/nos-produitsservices\/","title":{"rendered":"Nos Produits\/Services"},"content":{"rendered":"<p>Elle offre \u00e9galement les solutions s\u2019adaptant le mieux \u00e0 chaque investisseur, parce que nous disposons des meilleurs outils de suivi et une gestion agile et personnalis\u00e9e.<\/p>\n<p>Notre propre opinion du march\u00e9 et la d\u00e9finition de crit\u00e8res objectifs nous permettent de g\u00e9rer votre patrimoine financier avec rigueur afin d\u2019<strong>obtenir les meilleurs r\u00e9sultats conform\u00e9ment \u00e0 vos objectifs<\/strong>.<\/p>\n","protected":false},"excerpt":{"rendered":"<p>Andbank Asset Management met \u00e0 votre disposition une \u00e9quipe d\u2019experts investisseurs poss\u00e9dant une vaste exp\u00e9rience. De nos centres de gestion du monde entier, nous travaillons pour vous offrir une gestion de patrimoine globale reposant sur la connaissance locale de chaque march\u00e9.<\/p>\n","protected":false},"author":1,"featured_media":1482,"parent":2400,"menu_order":220,"comment_status":"closed","ping_status":"closed","template":"template-detail.php","meta":{"footnotes":""},"yst_prominent_words":[],"class_list":["post-2411","page","type-page","status-publish","has-post-thumbnail","hentry"],"acf":[],"_links":{"self":[{"href":"https:\/\/pre.andbank.com\/andorra\/fr\/wp-json\/wp\/v2\/pages\/2411"}],"collection":[{"href":"https:\/\/pre.andbank.com\/andorra\/fr\/wp-json\/wp\/v2\/pages"}],"about":[{"href":"https:\/\/pre.andbank.com\/andorra\/fr\/wp-json\/wp\/v2\/types\/page"}],"author":[{"embeddable":true,"href":"https:\/\/pre.andbank.com\/andorra\/fr\/wp-json\/wp\/v2\/users\/1"}],"replies":[{"embeddable":true,"href":"https:\/\/pre.andbank.com\/andorra\/fr\/wp-json\/wp\/v2\/comments?post=2411"}],"version-history":[{"count":0,"href":"https:\/\/pre.andbank.com\/andorra\/fr\/wp-json\/wp\/v2\/pages\/2411\/revisions"}],"up":[{"embeddable":true,"href":"https:\/\/pre.andbank.com\/andorra\/fr\/wp-json\/wp\/v2\/pages\/2400"}],"wp:featuredmedia":[{"embeddable":true,"href":"https:\/\/pre.andbank.com\/andorra\/fr\/wp-json\/wp\/v2\/media\/1482"}],"wp:attachment":[{"href":"https:\/\/pre.andbank.com\/andorra\/fr\/wp-json\/wp\/v2\/media?parent=2411"}],"wp:term":[{"taxonomy":"yst_prominent_words","embeddable":true,"href":"https:\/\/pre.andbank.com\/andorra\/fr\/wp-json\/wp\/v2\/yst_prominent_words?post=2411"}],"curies":[{"name":"wp","href":"https:\/\/api.w.org\/{rel}","templated":true}]}}