{"id":23559,"date":"2021-10-27T09:35:57","date_gmt":"2021-10-27T07:35:57","guid":{"rendered":"https:\/\/www.andbank.com\/andorra\/particuliers\/comptes-et-cartes\/cuenta-1930\/"},"modified":"2021-10-27T10:46:19","modified_gmt":"2021-10-27T08:46:19","slug":"compte-1930","status":"publish","type":"page","link":"https:\/\/pre.andbank.com\/andorra\/fr\/particuliers\/comptes-et-cartes\/compte-1930\/","title":{"rendered":"Compte 1930"},"content":{"rendered":"<p>Vous \u00e9conomisez entre 10 % et 30 % du co\u00fbt d\u2019\u00e9lectricit\u00e9, en fonction de votre contribution au compte. \u00c0 partir de 10 000 \u20ac de contribution et sans frais de maintenance. Aussi simple que cela.<\/p>\n<p>&nbsp;<\/p>\n<ul>\n<h5><strong><\/p>\n<li>Campagne pour retourner le montant des re\u00e7us d\u2019\u00e9lectricit\u00e9 jusqu\u2019\u00e0 30 %. <\/li>\n<li>Le montant du retour, de 10 %, 20 % ou 30 % sera conditionn\u00e9 au montant minimum de 10 000 \u20ac de solde sur le compte courant .<\/li>\n<li>La campagne s&rsquo;adresse aux habitants de la Principaut\u00e9 d&rsquo;Andorre.<\/li>\n<li>Campagne en vigueur jusqu\u2019au 31\/01\/2022.<\/li>\n<li>Pour plus de renseignements, consultez votre gestionnaire ou n\u2019importe laquelle de nos succursales.<\/strong><\/h5>\n<\/li>\n<\/ul>\n","protected":false},"excerpt":{"rendered":"<p>Vous \u00e9conomisez entre 10 % et 30 % du co\u00fbt d\u2019\u00e9lectricit\u00e9, en fonction de votre contribution au compte. \u00c0 partir de 10 000 \u20ac de contribution et sans frais de maintenance. Aussi simple que cela. &nbsp; Campagne pour retourner le montant des re\u00e7us d\u2019\u00e9lectricit\u00e9 jusqu\u2019\u00e0 30 %. Le montant du retour, de 10 %, 20 [&hellip;]<\/p>\n","protected":false},"author":28,"featured_media":23549,"parent":2426,"menu_order":0,"comment_status":"closed","ping_status":"closed","template":"template-detail.php","meta":{"footnotes":""},"yst_prominent_words":[5397,5796,3700,771,5395,1960,757,631,361,4884,7581,724,753,754],"class_list":["post-23559","page","type-page","status-publish","has-post-thumbnail","hentry"],"acf":[],"_links":{"self":[{"href":"https:\/\/pre.andbank.com\/andorra\/fr\/wp-json\/wp\/v2\/pages\/23559"}],"collection":[{"href":"https:\/\/pre.andbank.com\/andorra\/fr\/wp-json\/wp\/v2\/pages"}],"about":[{"href":"https:\/\/pre.andbank.com\/andorra\/fr\/wp-json\/wp\/v2\/types\/page"}],"author":[{"embeddable":true,"href":"https:\/\/pre.andbank.com\/andorra\/fr\/wp-json\/wp\/v2\/users\/28"}],"replies":[{"embeddable":true,"href":"https:\/\/pre.andbank.com\/andorra\/fr\/wp-json\/wp\/v2\/comments?post=23559"}],"version-history":[{"count":0,"href":"https:\/\/pre.andbank.com\/andorra\/fr\/wp-json\/wp\/v2\/pages\/23559\/revisions"}],"up":[{"embeddable":true,"href":"https:\/\/pre.andbank.com\/andorra\/fr\/wp-json\/wp\/v2\/pages\/2426"}],"wp:featuredmedia":[{"embeddable":true,"href":"https:\/\/pre.andbank.com\/andorra\/fr\/wp-json\/wp\/v2\/media\/23549"}],"wp:attachment":[{"href":"https:\/\/pre.andbank.com\/andorra\/fr\/wp-json\/wp\/v2\/media?parent=23559"}],"wp:term":[{"taxonomy":"yst_prominent_words","embeddable":true,"href":"https:\/\/pre.andbank.com\/andorra\/fr\/wp-json\/wp\/v2\/yst_prominent_words?post=23559"}],"curies":[{"name":"wp","href":"https:\/\/api.w.org\/{rel}","templated":true}]}}