{"id":17006,"date":"2020-10-29T10:43:23","date_gmt":"2020-10-29T08:43:23","guid":{"rendered":"https:\/\/www.andbank.com\/andorra\/entreprises\/encaissements-et-paiements\/paygold\/"},"modified":"2020-10-29T11:02:35","modified_gmt":"2020-10-29T09:02:35","slug":"paygold","status":"publish","type":"page","link":"https:\/\/pre.andbank.com\/andorra\/fr\/entreprises\/encaissements-et-paiements\/paygold\/","title":{"rendered":"PAYGOLD"},"content":{"rendered":"<h2>Vous \u00eates un magasin ou un travailleur ind\u00e9pendant et devez vendre en ligne?<\/h2>\n<p>&nbsp;<\/p>\n<p>Chez Andbank, nous souhaitons faciliter vos transactions avec vos clients gr\u00e2ce \u00e0 PayGold, un service associ\u00e9 au TPV Virtual qui vous permettra d\u2019entamer le processus d\u2019achat en envoyant une requ\u00eate de paiement.<\/p>\n<p>Avec PayGold, vous pourrez percevoir facilement et rapidement le paiement de vos clients en toute s\u00e9curit\u00e9.<\/p>\n<p>&nbsp;<\/p>\n<h2>Comment cela fonctionne-t-il?<\/h2>\n<p>&nbsp;<\/p>\n<ul>\n<li>Les clients vous passent commande par n\u2019importe quel moyen (t\u00e9l\u00e9phone, e-mail, site web).<\/li>\n<li>Nous vous indiquons le num\u00e9ro de t\u00e9l\u00e9phone portable ou l&rsquo;adresse e-mail pour effectuer le paiement.<\/li>\n<li>Votre magasin envoie un SMS ou un e-mail (personnalisable) avec un hyperlien permettant d\u2019acc\u00e9der au paiement et de le finaliser.<\/li>\n<li>Vos clients effectuent le paiement par le biais de l\u2019hyperlien en saisissant les donn\u00e9es de leur carte.<\/li>\n<li>Vous recevez la confirmation du paiement et pouvez donner suite \u00e0 la commande.<\/li>\n<\/ul>\n<p>&nbsp;<\/p>\n<p>PayGold est facile d&rsquo;utilisation, s\u00fbr et enti\u00e8rement flexible pour vos clients. Parce que chez Andbank, nous vous facilitons la vie.<\/p>\n<p>Si vous ne l\u2019avez pas encore activ\u00e9, parlez-en \u00e0 votre gestionnaire.<\/p>\n","protected":false},"excerpt":{"rendered":"<p>Vous \u00eates un magasin ou un travailleur ind\u00e9pendant et devez vendre en ligne? &nbsp; Chez Andbank, nous souhaitons faciliter vos transactions avec vos clients gr\u00e2ce \u00e0 PayGold, un service associ\u00e9 au TPV Virtual qui vous permettra d\u2019entamer le processus d\u2019achat en envoyant une requ\u00eate de paiement. Avec PayGold, vous pourrez percevoir facilement et rapidement le [&hellip;]<\/p>\n","protected":false},"author":28,"featured_media":1677,"parent":2446,"menu_order":0,"comment_status":"closed","ping_status":"closed","template":"template-detail.php","meta":{"footnotes":""},"yst_prominent_words":[7296,769,7299,7295,7294,2922,7277,631,361,4892,7298,760,4722,724,4902,7297,7268,3253,7293,761],"class_list":["post-17006","page","type-page","status-publish","has-post-thumbnail","hentry"],"acf":[],"_links":{"self":[{"href":"https:\/\/pre.andbank.com\/andorra\/fr\/wp-json\/wp\/v2\/pages\/17006"}],"collection":[{"href":"https:\/\/pre.andbank.com\/andorra\/fr\/wp-json\/wp\/v2\/pages"}],"about":[{"href":"https:\/\/pre.andbank.com\/andorra\/fr\/wp-json\/wp\/v2\/types\/page"}],"author":[{"embeddable":true,"href":"https:\/\/pre.andbank.com\/andorra\/fr\/wp-json\/wp\/v2\/users\/28"}],"replies":[{"embeddable":true,"href":"https:\/\/pre.andbank.com\/andorra\/fr\/wp-json\/wp\/v2\/comments?post=17006"}],"version-history":[{"count":0,"href":"https:\/\/pre.andbank.com\/andorra\/fr\/wp-json\/wp\/v2\/pages\/17006\/revisions"}],"up":[{"embeddable":true,"href":"https:\/\/pre.andbank.com\/andorra\/fr\/wp-json\/wp\/v2\/pages\/2446"}],"wp:featuredmedia":[{"embeddable":true,"href":"https:\/\/pre.andbank.com\/andorra\/fr\/wp-json\/wp\/v2\/media\/1677"}],"wp:attachment":[{"href":"https:\/\/pre.andbank.com\/andorra\/fr\/wp-json\/wp\/v2\/media?parent=17006"}],"wp:term":[{"taxonomy":"yst_prominent_words","embeddable":true,"href":"https:\/\/pre.andbank.com\/andorra\/fr\/wp-json\/wp\/v2\/yst_prominent_words?post=17006"}],"curies":[{"name":"wp","href":"https:\/\/api.w.org\/{rel}","templated":true}]}}