{"id":13295,"date":"2020-03-16T14:03:58","date_gmt":"2020-03-16T12:03:58","guid":{"rendered":"https:\/\/www.andbank.com\/andorra\/information-legale\/informacion-basica-la-proteccion-los-depositos\/"},"modified":"2020-03-16T14:21:58","modified_gmt":"2020-03-16T12:21:58","slug":"informations-base-sur-la-protection-du-depot-et-investissements","status":"publish","type":"page","link":"https:\/\/pre.andbank.com\/andorra\/fr\/information-legale\/informations-base-sur-la-protection-du-depot-et-investissements\/","title":{"rendered":"Informations de base sur la protection du d\u00e9p\u00f4t et investissements"},"content":{"rendered":"<h2> Informations de base sur la protection du d\u00e9p\u00f4t<\/h2>\n<p>La loi 20\/2018, du 13 septembre 2018, <strong>r\u00e9glementant le Fonds Andorran de Garantie des D\u00e9p\u00f4ts et le Syst\u00e8me Andorran de Garantie des Investissements<\/strong>, oblige les \u00e9tablissements bancaires \u00e0 mettre \u00e0 la disposition des d\u00e9posants, r\u00e9els ou potentiels, les informations n\u00e9cessaires pour identifier le Fonds Andorran de Garantie des D\u00e9p\u00f4ts (<strong>FAGADI<\/strong>). Ces informations comprennent dans tous les cas la d\u00e9nomination, le si\u00e8ge, le num\u00e9ro de t\u00e9l\u00e9phone, le site Internet et l\u2019adresse de courrier \u00e9lectronique du FAGADI, ainsi que les dispositions applicables, et doivent pr\u00e9ciser le montant, l\u2019\u00e9tendue des garanties offertes et les conditions et formalit\u00e9s \u00e0 remplir en vue du paiement du montant garanti.<\/p>\n<p><a href=\"https:\/\/www.andbank.com\/andorra\/wp-content\/uploads\/sites\/10\/2017\/04\/FULL-INFORMATIU-SOBRE-EL-FAGADI-FR.pdf\" target=\"_blank\" rel=\"noopener noreferrer\">Informations de base sur la protection du d\u00e9p\u00f4t<\/a><\/p>\n<p>&nbsp;<\/p>\n<h2>Informations de base sur la protection des investissements<\/h2>\n<p>La loi 20\/2018, du 13 septembre 2018, <strong>r\u00e9glementant le Fonds Andorran de Garantie des D\u00e9p\u00f4ts et le Syst\u00e8me Andorran de Garantie des Investissements<\/strong>, oblige les \u00e9tablissements bancaires \u00e0 mettre \u00e0 la disposition des investisseurs, r\u00e9els ou potentiels, les informations n\u00e9cessaires pour identifier le Syst\u00e8me Andorran de Garantie des Investissements (<strong>SAGI<\/strong>). Ces informations comprennent dans tous les cas la d\u00e9nomination, le si\u00e8ge, le num\u00e9ro de t\u00e9l\u00e9phone, le site Internet et l\u2019adresse de courrier \u00e9lectronique du SAGI, ainsi que les dispositions applicables, et doivent pr\u00e9ciser le montant, l\u2019\u00e9tendue des garanties offertes et les conditions et formalit\u00e9s \u00e0 remplir en vue du paiement du montant garanti.<\/p>\n<p><a href=\"https:\/\/www.andbank.com\/andorra\/wp-content\/uploads\/sites\/10\/2017\/04\/FULL-INFORMATIU-SOBRE-EL-SAGI-FR.pdf\" target=\"_blank\" rel=\"noopener noreferrer\">Informations de base sur la protection des investissements<\/a><\/p>\n","protected":false},"excerpt":{"rendered":"<p>Informations de base sur la protection du d\u00e9p\u00f4t La loi 20\/2018, du 13 septembre 2018, r\u00e9glementant le Fonds Andorran de Garantie des D\u00e9p\u00f4ts et le Syst\u00e8me Andorran de Garantie des Investissements, oblige les \u00e9tablissements bancaires \u00e0 mettre \u00e0 la disposition des d\u00e9posants, r\u00e9els ou potentiels, les informations n\u00e9cessaires pour identifier le Fonds Andorran de Garantie [&hellip;]<\/p>\n","protected":false},"author":28,"featured_media":0,"parent":2391,"menu_order":0,"comment_status":"closed","ping_status":"closed","template":"template-info-detail.php","meta":{"footnotes":""},"yst_prominent_words":[6418,6416,6420,6393,6392,6414,6404,6423,6422,6417,6424,6391,6421,6403,6425,6390,6412,6415,6419,6413],"class_list":["post-13295","page","type-page","status-publish","hentry"],"acf":[],"_links":{"self":[{"href":"https:\/\/pre.andbank.com\/andorra\/fr\/wp-json\/wp\/v2\/pages\/13295"}],"collection":[{"href":"https:\/\/pre.andbank.com\/andorra\/fr\/wp-json\/wp\/v2\/pages"}],"about":[{"href":"https:\/\/pre.andbank.com\/andorra\/fr\/wp-json\/wp\/v2\/types\/page"}],"author":[{"embeddable":true,"href":"https:\/\/pre.andbank.com\/andorra\/fr\/wp-json\/wp\/v2\/users\/28"}],"replies":[{"embeddable":true,"href":"https:\/\/pre.andbank.com\/andorra\/fr\/wp-json\/wp\/v2\/comments?post=13295"}],"version-history":[{"count":0,"href":"https:\/\/pre.andbank.com\/andorra\/fr\/wp-json\/wp\/v2\/pages\/13295\/revisions"}],"up":[{"embeddable":true,"href":"https:\/\/pre.andbank.com\/andorra\/fr\/wp-json\/wp\/v2\/pages\/2391"}],"wp:attachment":[{"href":"https:\/\/pre.andbank.com\/andorra\/fr\/wp-json\/wp\/v2\/media?parent=13295"}],"wp:term":[{"taxonomy":"yst_prominent_words","embeddable":true,"href":"https:\/\/pre.andbank.com\/andorra\/fr\/wp-json\/wp\/v2\/yst_prominent_words?post=13295"}],"curies":[{"name":"wp","href":"https:\/\/api.w.org\/{rel}","templated":true}]}}