{"id":8629,"date":"2018-10-12T12:11:57","date_gmt":"2018-10-12T10:11:57","guid":{"rendered":"https:\/\/www.andbank.com\/andorra\/andbank-wealth\/"},"modified":"2021-02-04T12:02:04","modified_gmt":"2021-02-04T10:02:04","slug":"andbank-wealth","status":"publish","type":"page","link":"https:\/\/pre.andbank.com\/andorra\/ca\/banca-privada\/els-nostres-serveis\/andbank-wealth\/","title":{"rendered":"Andbank Wealth"},"content":{"rendered":"<p>&nbsp;<\/p>\n<p>&nbsp;<\/p>\n<div class=\"row\">\n<div class=\"col-xs-12 col-ms-8\">\n<p>&nbsp;<\/p>\n<h2>Acc\u00e9s segur<\/h2>\n<h3>Amb<strong> Andbank Wealth<\/strong> nom\u00e9s vost\u00e8 podr\u00e0 accedir a l\u2019aplicaci\u00f3, gr\u00e0cies al reconeixement dactilar i facial.<\/h3>\n<\/div>\n<div class=\"col-xs-12 col-ms-4\"><img loading=\"lazy\" decoding=\"async\" class=\"aligncenter size-full wp-image-8441\" src=\"https:\/\/www.andbank.com\/andorra\/wp-content\/uploads\/sites\/10\/2018\/10\/scr_dact_es.jpg\" alt=\"\" width=\"275\" height=\"275\" \/><\/div>\n<\/div>\n<p>&nbsp;<\/p>\n<div class=\"row\">\n<div class=\"col-xs-12 col-ms-4\"><img loading=\"lazy\" decoding=\"async\" class=\"aligncenter size-full wp-image-8445\" src=\"https:\/\/www.andbank.com\/andorra\/wp-content\/uploads\/sites\/10\/2018\/10\/scr_global.jpg\" alt=\"\" width=\"275\" height=\"275\" \/><\/div>\n<div class=\"col-xs-12 col-ms-8\">\n<p>&nbsp;<\/p>\n<h2>Posici\u00f3 global<\/h2>\n<h3>Visualitzi la seva posici\u00f3 global consolidada i accedeixi online a la seva cartera amb el detall de cada actiu que la compon per consultar-ne la valoraci\u00f3 i el rendiment.<\/h3>\n<\/div>\n<\/div>\n<p>&nbsp;<\/p>\n<div class=\"row\">\n<div class=\"col-xs-12 col-ms-8\">\n<p>&nbsp;<\/p>\n<h2>Informaci\u00f3 financera<\/h2>\n<h3>Podr\u00e0 con\u00e8ixer de primera m\u00e0 l\u2019actualitat m\u00e9s rellevant. A m\u00e9s, permet el seguiment dels mercats, dels \u00edndexs, d\u2019accions i d\u2019ETF de renda variable.<\/h3>\n<\/div>\n<div class=\"col-xs-12 col-ms-4\"><img loading=\"lazy\" decoding=\"async\" class=\"aligncenter size-full wp-image-8433\" src=\"https:\/\/www.andbank.com\/andorra\/wp-content\/uploads\/sites\/10\/2018\/10\/scr_actualitat.jpg\" alt=\"\" width=\"275\" height=\"275\" \/><\/div>\n<\/div>\n<p>&nbsp;<\/p>\n<div class=\"row\">\n<div class=\"col-xs-12 col-ms-4\"><img loading=\"lazy\" decoding=\"async\" class=\"aligncenter size-full wp-image-8445\" src=\"https:\/\/www.andbank.com\/andorra\/wp-content\/uploads\/sites\/10\/2018\/10\/transfe_esp.jpg\" alt=\"\" width=\"275\" height=\"275\" \/><\/div>\n<div class=\"col-xs-12 col-ms-8\">\n<h2>Transfer\u00e8ncies<\/h2>\n<h3>Podr\u00e0 fer transfer\u00e8ncies i traspassos, entre els seus comptes o altres destinacions i consultar el seu estat amb la m\u00e0xima seguretat.<\/h3>\n<\/div>\n<\/div>\n<p>&nbsp;<\/p>\n<div class=\"row\">\n<div class=\"col-xs-12 col-ms-8\">\n<p>&nbsp;<\/p>\n<h2>Targetes<\/h2>\n<h3>En cada moment podr\u00e0 seguir i controlar totes les operacions que faci amb qualsevol de les seves targetes, i podr\u00e0 bloquejar-les o desbloquejar-les en el cas que sigui convenient.<\/h3>\n<\/div>\n<div class=\"col-xs-12 col-ms-4\"><img loading=\"lazy\" decoding=\"async\" class=\"aligncenter size-full wp-image-8441\" src=\"https:\/\/www.andbank.com\/andorra\/wp-content\/uploads\/sites\/10\/2018\/10\/scr_xat.jpg\" alt=\"\" width=\"275\" height=\"275\" \/><\/div>\n<\/div>\n<p>&nbsp;<\/p>\n<div class=\"row\">\n<div class=\"col-xs-12 col-ms-4\"><img loading=\"lazy\" decoding=\"async\" class=\"aligncenter size-full wp-image-8445\" src=\"https:\/\/www.andbank.com\/andorra\/wp-content\/uploads\/sites\/10\/2018\/10\/scr_arxius.jpg\" alt=\"\" width=\"275\" height=\"275\" \/><\/div>\n<div class=\"col-xs-12 col-ms-8\">\n<p>&nbsp;<\/p>\n<h2>El seu banquer online<\/h2>\n<h3>Podr\u00e0 interactuar de forma segura i confidencial amb el seu gestor d\u2019Andbank a trav\u00e9s del xat de l\u2019aplicaci\u00f3, amb la total llibertat que ofereix el seu dispositiu m\u00f2bil, independentment d\u2019on es trobi i del moment que sigui.<\/h3>\n<\/div>\n<\/div>\n<p>&nbsp;<\/p>\n<div class=\"row\" align=\"center\"><\/div>\n<p>&nbsp;<\/p>\n<div class=\"row\">\n<div class=\"col-xs-12 col-ms-8\">\n<p>&nbsp;<\/p>\n<h2>Compravenda de valors i fons<\/h2>\n<h3>Aquesta eina li far\u00e0 m\u00e9s senzilla la manera d\u2019invertir en l\u00ednia. Disposar\u00e0 d\u2019una visi\u00f3 global de la cotitzaci\u00f3 dels mercats. Tamb\u00e9 podr\u00e0 accedir als millors fons del mercat amb un simple clic.<\/h3>\n<h3>Descarregui Andbank Wealth. Per comen\u00e7ar a operar, haur\u00e0 de contactar amb el seu gestor qui li enviar\u00e0 un SMS amb el codi d\u2019activaci\u00f3.<\/h3>\n<\/div>\n<div class=\"col-xs-12 col-ms-4\"><img loading=\"lazy\" decoding=\"async\" class=\"aligncenter size-full wp-image-8441\" src=\"https:\/\/www.andbank.com\/andorra\/wp-content\/uploads\/sites\/10\/2018\/10\/scr_mercats.jpg\" alt=\"\" width=\"275\" height=\"275\" \/><\/div>\n<\/div>\n<p>&nbsp;<\/p>\n<div style=\"text-align: center\"><a class=\"main-button\" href=\"https:\/\/www.andbank.com\/andorra\/wp-content\/uploads\/sites\/10\/2018\/10\/llibretAPP_A5_cat-1.pdf\" target=\"_blank\" rel=\"noopener\">M\u00c9S INFORMACI\u00d3<\/a><\/div>\n<p>&nbsp;<\/p>\n<hr \/>\n<div class=\"row\">\n<div class=\"col-xs-12 col-ms-6\" align=\"right\"><a href=\"https:\/\/itunes.apple.com\/es\/app\/andbank-wealth\/id1362073804?mt=8\" target=\"_blank\" rel=\"noopener\"><img decoding=\"async\" src=\"https:\/\/www.andbank.com\/andorra\/wp-content\/uploads\/sites\/10\/2018\/10\/appstore-1.png\" alt=\"Disponible a App Store\" \/><\/a><\/div>\n<div class=\"col-xs-12 col-ms-6\" align=\"left\"><a href=\"https:\/\/play.google.com\/store\/apps\/details?id=com.andbank.wealth&amp;pcampaignid=MKT-Other-global-all-co-prtnr-py-PartBadge-Mar2515-1\" target=\"_blank\" rel=\"noopener\"><img decoding=\"async\" src=\"https:\/\/www.andbank.com\/andorra\/wp-content\/uploads\/sites\/10\/2018\/10\/google_play.png\" alt=\"Disponible a Google Play\" \/><\/a><\/div>\n<\/div>\n","protected":false},"excerpt":{"rendered":"<p>&nbsp; &nbsp; &nbsp; Acc\u00e9s segur Amb Andbank Wealth nom\u00e9s vost\u00e8 podr\u00e0 accedir a l\u2019aplicaci\u00f3, gr\u00e0cies al reconeixement dactilar i facial. &nbsp; &nbsp; Posici\u00f3 global Visualitzi la seva posici\u00f3 global consolidada i accedeixi online a la seva cartera amb el detall de cada actiu que la compon per consultar-ne la valoraci\u00f3 i el rendiment. &nbsp; &nbsp; [&hellip;]<\/p>\n","protected":false},"author":13,"featured_media":15593,"parent":2027,"menu_order":0,"comment_status":"closed","ping_status":"closed","template":"template-layout-first.php","meta":{"footnotes":""},"yst_prominent_words":[3080,3190,3185,107,3173,2932,393,6827,2910,6824,331,3081,143,6826,3056,3055,3033,3198,337,3176],"class_list":["post-8629","page","type-page","status-publish","has-post-thumbnail","hentry"],"acf":[],"_links":{"self":[{"href":"https:\/\/pre.andbank.com\/andorra\/ca\/wp-json\/wp\/v2\/pages\/8629"}],"collection":[{"href":"https:\/\/pre.andbank.com\/andorra\/ca\/wp-json\/wp\/v2\/pages"}],"about":[{"href":"https:\/\/pre.andbank.com\/andorra\/ca\/wp-json\/wp\/v2\/types\/page"}],"author":[{"embeddable":true,"href":"https:\/\/pre.andbank.com\/andorra\/ca\/wp-json\/wp\/v2\/users\/13"}],"replies":[{"embeddable":true,"href":"https:\/\/pre.andbank.com\/andorra\/ca\/wp-json\/wp\/v2\/comments?post=8629"}],"version-history":[{"count":0,"href":"https:\/\/pre.andbank.com\/andorra\/ca\/wp-json\/wp\/v2\/pages\/8629\/revisions"}],"up":[{"embeddable":true,"href":"https:\/\/pre.andbank.com\/andorra\/ca\/wp-json\/wp\/v2\/pages\/2027"}],"wp:featuredmedia":[{"embeddable":true,"href":"https:\/\/pre.andbank.com\/andorra\/ca\/wp-json\/wp\/v2\/media\/15593"}],"wp:attachment":[{"href":"https:\/\/pre.andbank.com\/andorra\/ca\/wp-json\/wp\/v2\/media?parent=8629"}],"wp:term":[{"taxonomy":"yst_prominent_words","embeddable":true,"href":"https:\/\/pre.andbank.com\/andorra\/ca\/wp-json\/wp\/v2\/yst_prominent_words?post=8629"}],"curies":[{"name":"wp","href":"https:\/\/api.w.org\/{rel}","templated":true}]}}