{"id":4043,"date":"2017-08-31T10:37:46","date_gmt":"2017-08-31T08:37:46","guid":{"rendered":"https:\/\/www.andbank.com\/andorra\/particulars\/comptes-i-targetes\/targetes\/serveis-i-avantatges\/codi-puk\/"},"modified":"2019-09-27T13:02:50","modified_gmt":"2019-09-27T11:02:50","slug":"codi-puk","status":"publish","type":"page","link":"https:\/\/pre.andbank.com\/andorra\/ca\/particulars\/comptes-i-targetes\/targetes\/serveis-i-avantatges\/codi-puk\/","title":{"rendered":"Codi PUK"},"content":{"rendered":"<h2>Compres segures per Internet<\/h2>\n<p>Com a titular de les targetes d&#8217;Andbank, podeu gaudir del nostre sistema de compres segures per Internet:<\/p>\n<p>&nbsp;<\/p>\n<p><strong>Verified By Visa<\/strong><\/p>\n<p>Protegiu amb un codi personal la vostra targeta Visa en les compres per Internet. L\u2019\u00fanic servei que garanteix l\u2019autenticaci\u00f3 i identificaci\u00f3 dels usuaris de les targetes i dels comer\u00e7os electr\u00f2nics adherits.<\/p>\n<p><strong>Com donar-se d&#8217;alta? A trav\u00e9s dels comer\u00e7os electr\u00f2nics adherits:<\/strong><\/p>\n<ul>\n<li>Podreu realitzar fins a 3 compres en comer\u00e7os electr\u00f2nics adherits sense haver-vos-en donat d\u2019alta.<\/li>\n<li>Si realitzeu una compra en un comer\u00e7 electr\u00f2nic adherit, despr\u00e9s d\u2019introduir la numeraci\u00f3 de la targeta (16 d\u00edgits) per fer la compra, el sistema us demanar\u00e0 si voleu donar-vos d\u2019alta en el servei i, a continuaci\u00f3, se us sol\u00b7licitar\u00e0 el PIN de la targeta (4 d\u00edgits). Una vegada verificat, us haureu donat d\u2019alta en el sistema de compres segures per Internet.<\/li>\n<\/ul>\n<p><strong>A trav\u00e9s de qualsevol caixer autom\u00e0tic d&#8217;Andbank:<\/strong><\/p>\n<ul>\n<li>Mitjan\u00e7ant l&#8217;opci\u00f3 &#8220;compres segures per Internet&#8221; obtindreu el codi PUK. Amb aquest codi ja podeu donar-vos d&#8217;alta com a client segur a la web d&#8217;Andbank.<\/li>\n<\/ul>\n<p><a href=\"https:\/\/sas.sermepa.es\/adminSas\/andBanc\/catalan.html\" target=\"_blank\" rel=\"noopener\">Donar-se d&#8217;alta amb el codi PUK<\/a>.<\/p>\n","protected":false},"excerpt":{"rendered":"<p>Protegiu amb un codi personal la vostra targeta Visa en les compres per Internet. L\u2019\u00fanic servei que garanteix l\u2019autenticaci\u00f3 i identificaci\u00f3 dels usuaris de les targetes i dels comer\u00e7os electr\u00f2nics adherits.<\/p>\n","protected":false},"author":1,"featured_media":3364,"parent":1986,"menu_order":0,"comment_status":"closed","ping_status":"closed","template":"template-detail.php","meta":{"footnotes":""},"yst_prominent_words":[4825,4810,4803,1889,4808,4797,4795,4813,4807,4802,4816,4822,4819,4811,1885,4809,4799,4812,4805,4800],"class_list":["post-4043","page","type-page","status-publish","has-post-thumbnail","hentry"],"acf":[],"_links":{"self":[{"href":"https:\/\/pre.andbank.com\/andorra\/ca\/wp-json\/wp\/v2\/pages\/4043"}],"collection":[{"href":"https:\/\/pre.andbank.com\/andorra\/ca\/wp-json\/wp\/v2\/pages"}],"about":[{"href":"https:\/\/pre.andbank.com\/andorra\/ca\/wp-json\/wp\/v2\/types\/page"}],"author":[{"embeddable":true,"href":"https:\/\/pre.andbank.com\/andorra\/ca\/wp-json\/wp\/v2\/users\/1"}],"replies":[{"embeddable":true,"href":"https:\/\/pre.andbank.com\/andorra\/ca\/wp-json\/wp\/v2\/comments?post=4043"}],"version-history":[{"count":0,"href":"https:\/\/pre.andbank.com\/andorra\/ca\/wp-json\/wp\/v2\/pages\/4043\/revisions"}],"up":[{"embeddable":true,"href":"https:\/\/pre.andbank.com\/andorra\/ca\/wp-json\/wp\/v2\/pages\/1986"}],"wp:featuredmedia":[{"embeddable":true,"href":"https:\/\/pre.andbank.com\/andorra\/ca\/wp-json\/wp\/v2\/media\/3364"}],"wp:attachment":[{"href":"https:\/\/pre.andbank.com\/andorra\/ca\/wp-json\/wp\/v2\/media?parent=4043"}],"wp:term":[{"taxonomy":"yst_prominent_words","embeddable":true,"href":"https:\/\/pre.andbank.com\/andorra\/ca\/wp-json\/wp\/v2\/yst_prominent_words?post=4043"}],"curies":[{"name":"wp","href":"https:\/\/api.w.org\/{rel}","templated":true}]}}