{"id":4041,"date":"2017-08-30T14:49:08","date_gmt":"2017-08-30T12:49:08","guid":{"rendered":"https:\/\/www.andbank.com\/andorra\/particulars\/comptes-i-targetes\/targetes\/serveis-i-avantatges\/via-t\/"},"modified":"2021-06-01T09:25:27","modified_gmt":"2021-06-01T07:25:27","slug":"via-t-plus","status":"publish","type":"page","link":"https:\/\/pre.andbank.com\/andorra\/ca\/particulars\/comptes-i-targetes\/targetes\/serveis-i-avantatges\/via-t-plus\/","title":{"rendered":"VIA-T PLUS"},"content":{"rendered":"<p class=\"p1\">Nou dispositiu VIA-T amb m\u00e9s avantatges: Ara podr\u00e0 anar per la via r\u00e0pida als peatges de Fran\u00e7a, Espanya i Portugal, sense cues ni tiquets, i accedir a m\u00e9s aparcaments, t\u00fanels de rentat i gasolineres, a m\u00e9s dels descomptes disponibles en cada concessionari.<\/p>\n<p>&nbsp;<\/p>\n<h2><strong>\u00a0Avantatges de VIA-T PLUS<\/strong><\/h2>\n<ul class=\"ul1\">\n<li class=\"li1\">La forma de pagament m\u00e9s r\u00e0pida i c\u00f2moda, ja que no \u00e9s necessari aturar-se per pagar a tots els peatges de Espanya, Fran\u00e7a i Portugal.<\/li>\n<li class=\"li1\">Podreu utilitzar aquest servei a m\u00e9s de 180 aparcaments espanyols.<\/li>\n<li class=\"li1\">Gaudeixi del servei tamb\u00e9 a t\u00fanels de rentat i en m\u00e9s de 3.600 gasolineres adherides a tot Espanya.<\/li>\n<li class=\"li1\">No us haureu d\u2019aturar per recollir cap tiquet.<\/li>\n<li class=\"li1\">Disposareu de vies r\u00e0pides exclusives.<\/li>\n<li class=\"li1\">La instal\u00b7laci\u00f3 del transmissor \u00e9s f\u00e0cil i c\u00f2moda.<\/li>\n<li class=\"li1\">Descomptes disponibles en cada concessionari.<\/li>\n<li class=\"li1\">En rebreu el pagament i l\u2019extracte desglossat a final de mes.<\/li>\n<\/ul>\n<p>Podeu consultar els aparcaments disponibles <a href=\"https:\/\/www.andbank.com\/andorra\/wp-content\/uploads\/sites\/10\/2017\/08\/Concession\u00e0ries_Via_T_PLUS-CAT.pdf\" rel=\"noopener\" target=\"_blank\">aqu\u00ed<\/a><br \/>\n&nbsp;<\/p>\n<h5 class=\"p1\">*Els clients que disposen del VIA-T actual, podran fer el canvi al nou VIA-T PLUS en qualsevol moment o b\u00e9, esperar al venciment de l\u2019aparell. El canvi al nou servei pot conc\u00f3rrer en despeses addicionals. El preu del VIA-T Plus \u00e9s de 50 euros per l\u2019aparell i 30 euros de manteniment anual (IGI no incl\u00f2s). Si necessita m\u00e9s informaci\u00f3, consulti al seu gestor o b\u00e9, al 873030<\/h5>\n","protected":false},"excerpt":{"rendered":"<p>Amb el Via T no us haureu d&#8217;aturar a cap peatge i no us caldr\u00e0 fer cap acci\u00f3 manual per al pagament, nom\u00e9s necessitareu instal\u00b7lar un transmissor que es detectar\u00e0 quan passeu per la via exclusiva de telepeatge.<\/p>\n","protected":false},"author":1,"featured_media":22518,"parent":1986,"menu_order":0,"comment_status":"closed","ping_status":"closed","template":"template-detail.php","meta":{"footnotes":""},"yst_prominent_words":[8482,8501,8495,8500,8490,8488,8476,8470,8491,4495,4945,8496,3287,143,632,8498,8493,8489,8462,8477],"class_list":["post-4041","page","type-page","status-publish","has-post-thumbnail","hentry"],"acf":[],"_links":{"self":[{"href":"https:\/\/pre.andbank.com\/andorra\/ca\/wp-json\/wp\/v2\/pages\/4041"}],"collection":[{"href":"https:\/\/pre.andbank.com\/andorra\/ca\/wp-json\/wp\/v2\/pages"}],"about":[{"href":"https:\/\/pre.andbank.com\/andorra\/ca\/wp-json\/wp\/v2\/types\/page"}],"author":[{"embeddable":true,"href":"https:\/\/pre.andbank.com\/andorra\/ca\/wp-json\/wp\/v2\/users\/1"}],"replies":[{"embeddable":true,"href":"https:\/\/pre.andbank.com\/andorra\/ca\/wp-json\/wp\/v2\/comments?post=4041"}],"version-history":[{"count":0,"href":"https:\/\/pre.andbank.com\/andorra\/ca\/wp-json\/wp\/v2\/pages\/4041\/revisions"}],"up":[{"embeddable":true,"href":"https:\/\/pre.andbank.com\/andorra\/ca\/wp-json\/wp\/v2\/pages\/1986"}],"wp:featuredmedia":[{"embeddable":true,"href":"https:\/\/pre.andbank.com\/andorra\/ca\/wp-json\/wp\/v2\/media\/22518"}],"wp:attachment":[{"href":"https:\/\/pre.andbank.com\/andorra\/ca\/wp-json\/wp\/v2\/media?parent=4041"}],"wp:term":[{"taxonomy":"yst_prominent_words","embeddable":true,"href":"https:\/\/pre.andbank.com\/andorra\/ca\/wp-json\/wp\/v2\/yst_prominent_words?post=4041"}],"curies":[{"name":"wp","href":"https:\/\/api.w.org\/{rel}","templated":true}]}}