{"id":4040,"date":"2017-08-30T14:47:13","date_gmt":"2017-08-30T12:47:13","guid":{"rendered":"https:\/\/www.andbank.com\/andorra\/particulars\/comptes-i-targetes\/targetes\/serveis-i-avantatges\/contactless\/"},"modified":"2019-09-27T13:14:54","modified_gmt":"2019-09-27T11:14:54","slug":"contactless","status":"publish","type":"page","link":"https:\/\/pre.andbank.com\/andorra\/ca\/particulars\/comptes-i-targetes\/targetes\/serveis-i-avantatges\/contactless\/","title":{"rendered":"Contactless"},"content":{"rendered":"<h2>Pagaments amb un sol gest<\/h2>\n<p>Contactless (sense contacte) \u00e9s el sistema de pagament amb targeta m\u00e9s r\u00e0pid que hi ha hagut mai: nom\u00e9s cal acostar la targeta al terminal TPV i ja es fa el pagament.<\/p>\n<p>Aquest nou sistema de pagament sense contacte permet als consumidors estalviar temps, ja que \u00e9s molt m\u00e9s f\u00e0cil i r\u00e0pid acostar la targeta al terminal que pagar de la forma convencional.<\/p>\n<p>&nbsp;<\/p>\n<h2>Quins avantatges t\u00e9?<\/h2>\n<ul>\n<li>Rapidesa: per detectar la targeta, nom\u00e9s cal acostar-la al terminal.<\/li>\n<li>Comoditat: no cal introduir el PIN en pagaments inferiors als 20\u00a0\u20ac ni signar el tiquet de compra.<\/li>\n<li>Flexibilitat: la targeta tamb\u00e9 funciona com una targeta normal en terminals no adaptats a la tecnologia sense contacte.<\/li>\n<li>Seguretat: \u00e9s suficient acostar la targeta al lector; no cal donar-la a ning\u00fa ni fer cap contacte amb elements que la puguin desgastar.<\/li>\n<\/ul>\n<h2><\/h2>\n<h2>Com funciona i on?<\/h2>\n<p>El funcionament \u00e9s r\u00e0pid i c\u00f2mode:<\/p>\n<ol>\n<li>El comer\u00e7 o l&#8217;entitat tecleja l&#8217;import de la compra al TPV sense contacte.<\/li>\n<li>L&#8217;usuari acosta la targeta al terminal.<\/li>\n<li>El pagament es produeix autom\u00e0ticament, si l&#8217;import \u00e9s inferior a 20\u00a0\u20ac, i s&#8217;imprimeix el rebut de l&#8217;operaci\u00f3.<\/li>\n<li>Si l&#8217;import \u00e9s superior a 20\u00a0\u20ac, el client ha d&#8217;introduir el n\u00famero PIN secret per validar l&#8217;operaci\u00f3.<\/li>\n<\/ol>\n<p>Les targetes sense contacte funcionen en qualsevol establiment que tingui el terminal o el dat\u00e0fon adaptats amb la tecnologia NCF, que presenta el mateix s\u00edmbol que la targeta.<\/p>\n","protected":false},"excerpt":{"rendered":"<p>Aquest nou sistema de pagament sense contacte permet als consumidors estalviar temps, ja que \u00e9s molt m\u00e9s f\u00e0cil i r\u00e0pid acostar la targeta al terminal que pagar de la forma convencional.<\/p>\n","protected":false},"author":1,"featured_media":3328,"parent":1986,"menu_order":0,"comment_status":"closed","ping_status":"closed","template":"template-detail.php","meta":{"footnotes":""},"yst_prominent_words":[2383,4881,4856,4853,148,4872,4863,144,344,4861,4859,1955,4885,4878,4868,4854,113,4858,4857,4855],"class_list":["post-4040","page","type-page","status-publish","has-post-thumbnail","hentry"],"acf":[],"_links":{"self":[{"href":"https:\/\/pre.andbank.com\/andorra\/ca\/wp-json\/wp\/v2\/pages\/4040"}],"collection":[{"href":"https:\/\/pre.andbank.com\/andorra\/ca\/wp-json\/wp\/v2\/pages"}],"about":[{"href":"https:\/\/pre.andbank.com\/andorra\/ca\/wp-json\/wp\/v2\/types\/page"}],"author":[{"embeddable":true,"href":"https:\/\/pre.andbank.com\/andorra\/ca\/wp-json\/wp\/v2\/users\/1"}],"replies":[{"embeddable":true,"href":"https:\/\/pre.andbank.com\/andorra\/ca\/wp-json\/wp\/v2\/comments?post=4040"}],"version-history":[{"count":0,"href":"https:\/\/pre.andbank.com\/andorra\/ca\/wp-json\/wp\/v2\/pages\/4040\/revisions"}],"up":[{"embeddable":true,"href":"https:\/\/pre.andbank.com\/andorra\/ca\/wp-json\/wp\/v2\/pages\/1986"}],"wp:featuredmedia":[{"embeddable":true,"href":"https:\/\/pre.andbank.com\/andorra\/ca\/wp-json\/wp\/v2\/media\/3328"}],"wp:attachment":[{"href":"https:\/\/pre.andbank.com\/andorra\/ca\/wp-json\/wp\/v2\/media?parent=4040"}],"wp:term":[{"taxonomy":"yst_prominent_words","embeddable":true,"href":"https:\/\/pre.andbank.com\/andorra\/ca\/wp-json\/wp\/v2\/yst_prominent_words?post=4040"}],"curies":[{"name":"wp","href":"https:\/\/api.w.org\/{rel}","templated":true}]}}