{"id":4037,"date":"2017-08-01T09:56:58","date_gmt":"2017-08-01T07:56:58","guid":{"rendered":"https:\/\/www.andbank.com\/andorra\/particulars\/comptes-i-targetes\/targetes\/targetes-de-credit\/visa-platinum\/"},"modified":"2021-11-11T02:22:38","modified_gmt":"2021-11-11T00:22:38","slug":"visa-platinum","status":"publish","type":"page","link":"https:\/\/pre.andbank.com\/andorra\/ca\/particulars\/comptes-i-targetes\/targetes\/targetes-de-credit\/visa-platinum\/","title":{"rendered":"Visa Platinum"},"content":{"rendered":"<h2>Avantatges de la targeta Platinum<\/h2>\n<ul>\n<li><b>Un m\u00f3n de privilegis<\/b> al vostre abast. Les ofertes exclusives en evoluci\u00f3 constant i els serveis d&#8217;informaci\u00f3 personalitzada s\u00f3n atributs que la diferencien de qualsevol altra targeta.<\/li>\n<li><b>Exclusivitat<\/b>. Una targeta amb prestigi reconegut arreu del m\u00f3n i amb la m\u00e0xima garantia.<\/li>\n<li><b>L\u00edmit de cr\u00e8dit<\/b> adequat al vostre estil de vida, en funci\u00f3 de les necessitats particulars.<\/li>\n<li>Les targetes Platinum d&#8217;Andbank ofereixen als seus usuaris el <b>servei <i>Concierge<\/i><\/b> les 24 hores del dia, 365 dies l&#8217;any, amb l&#8217;objectiu de proporcionar als beneficiaris els serveis d&#8217;informaci\u00f3 a tot el m\u00f3n:\n<ul>\n<li>Serveis d&#8217;informaci\u00f3: es proporcionar\u00e0 informaci\u00f3 relacionada amb la salut, el lleure, els esports, els viatges i els despla\u00e7aments, i tamb\u00e9 sobre l&#8217;autom\u00f2bil, com ara tallers, estacions de servei, etc.<\/li>\n<li>Serveis de reserves de viatges.<\/li>\n<li>Serveis de reserves de restaurants.<\/li>\n<li>Serveis de reserves d&#8217;enviaments.<\/li>\n<li>Serveis de reserves de vehicles de lloguer.<\/li>\n<\/ul>\n<\/li>\n<\/ul>\n<p>Tel\u00e8fon del servei <i>Concierge<\/i>: +34 902 646 041 o +34 91 536 82 65.<\/p>\n<p>Consulteu <a href=\"https:\/\/www.andbank.com\/andorra\/wp-content\/uploads\/sites\/10\/2021\/07\/Servei-concierge.-CAT.pdf\" target=\"_blank\" rel=\"noopener\">aqu\u00ed<\/a> per obtenir m\u00e9s informaci\u00f3 sobre el servei <i>Concierge<\/i>.<\/p>\n<ul>\n<li><strong>Seguretat<\/strong><b>.<\/b> M\u00e0xima seguretat contra l&#8217;\u00fas fraudulent gr\u00e0cies a la tecnologia EMV (xip), aix\u00ed com a un control met\u00f2dic per a detectar operacions fraudulentes.<\/li>\n<li><strong>Assegurances gratu\u00eftes<\/strong>: Accident en viatge i assist\u00e8ncia en viatge amb la targeta Visa Platinum. Consulteu <a href=\"https:\/\/www.andbank.com\/andorra\/wp-content\/uploads\/sites\/10\/2021\/11\/POLISSA-ASSISTENCIA-EN-VIATGE-TARGETES-OR-I-PLATINUM-2021.pdf\" target=\"_blank\" rel=\"noopener\">aqu\u00ed<\/a> les cobertures incloses.<\/li>\n<\/ul>\n<p style=\"padding-left: 30px\">\u00a0 \u00a0Tel. d&#8217;urg\u00e8ncia + 34 93 463 12 34<\/p>\n<ul>\n<li><strong>Asseguran\u00e7a antifrau opcional. <\/strong>Podeu tenir una asseguran\u00e7a antifrau de <span style=\"color: #333333\">37,50<\/span>\u00a0\u20ac anuals que us cobrir\u00e0 contra la p\u00e8rdua o el robatori de la vostra targeta.<b>\u00a0<\/b><\/li>\n<\/ul>\n<ul>\n<li><b>Descomptes<\/b> en benzineres a Andorra del Grup Artal, Cepsa i Elf, aix\u00ed com a comer\u00e7os afiliats.<\/li>\n<li>Una \u00e0mplia <b>xarxa de caixers<\/b> autom\u00e0tics: 23 caixers a Andorra i m\u00e9s de 800.000 arreu del m\u00f3n<\/li>\n<\/ul>\n<h2>Caracter\u00edstiques<\/h2>\n<ul>\n<li><strong>Pagaments diferits<\/strong><b>. <\/b>El client pot escollir el pagament de totes les seves compres a final de mes o ajornar els pagaments en quotes mensuals percentuals o imports fixos.<\/li>\n<\/ul>\n<ul>\n<li>La informaci\u00f3 m\u00e9s detallada, mensual, anual, per tipus d&#8217;operaci\u00f3, sector d&#8217;activitat i pa\u00efsos.<\/li>\n<\/ul>\n<ul>\n<li>Sistema de pagament <b><i>Contactless<\/i><\/b> que permet un pagament r\u00e0pid, c\u00f2mode i segur: nom\u00e9s cal acostar la targeta al terminal de venda TPV.<\/li>\n<\/ul>\n<ul>\n<li><b>Compres segures <\/b>per Internet <i>Visa Secure<\/i>. Protegiu amb un codi personal la vostra targeta Visa en les compres per Internet. L\u2019\u00fanic servei que garanteix l\u2019autenticaci\u00f3 i identificaci\u00f3 dels usuaris de les targetes i dels comer\u00e7os electr\u00f2nics adherits.<\/li>\n<\/ul>\n<ul>\n<li><b>Servei d&#8217;av\u00eds per SMS<\/b>. Us avisem per SMS de les compres que efectueu amb la vostra targeta cada vegada que realitzeu una operaci\u00f3 superior a 50 \u20ac. Rebreu un SMS en el m\u00f2bil que us avisar\u00e0 de l&#8217;import de la vostra compra i de l&#8217;empresa o comer\u00e7 on l&#8217;heu efectuat. Consulteu amb el vostre gestor per a obtenir el servei.<\/li>\n<\/ul>\n<h6>Cost del servei: 1,00 \u20ac mensual<\/h6>\n<p>&nbsp;<\/p>\n<h4>Tel\u00e8fons d&#8217;urg\u00e8ncia en cas de p\u00e8rdua o robatori:<\/h4>\n<p><a href=\"tel:+376739039\">+376 739 039<\/a><br \/>\n<a href=\"tel:+34913626200\">+34 913 62 62 00<\/a><br \/>\n<a href=\"tel:+18008472911\">+1 800 847 29 11 (EEUU)<\/a><\/p>\n<p>&nbsp;<\/p>\n<h6><strong>*Cobertures de l\u2019asseguran\u00e7a antifrau.<\/strong><\/p>\n<p>&#8211; L\u2019asseguran\u00e7a antifrau cobreix la p\u00e8rdua, furt o robatori de la targeta. Inclouen les compres fetes amb la targeta, les disposicions d\u2019efectiu per caixer, aix\u00ed com les operacions per internet i per tel\u00e8fon.<\/h6>\n<p>&#8211; La cobertura de sinistres ocasionats per aquests casos assegura fins a les seg\u00fcents indemnitzacions:<\/p>\n<ul>\n<li>Targeta Electron: 1.500 euros per sinistre<\/li>\n<li>Targeta Classic: 3.000 euros per sinistre<\/li>\n<li>Targeta Or: 6.000 euros per sinistre<\/li>\n<li>Targeta Platinum: 12.000 euros per sinistre<\/li>\n<\/ul>\n<p>&#8211; L\u2019asseguran\u00e7a t\u00e9 un l\u00edmit de fins a 35 operacions.<br \/>\n&#8211; Fins a 72 hores anteriors al moment en qu\u00e8 s\u2019ha posat la den\u00fancia, la qual s\u2019ha d\u2019haver presentat en els darrers 45 dies.<\/p>\n","protected":false},"excerpt":{"rendered":"<p>La targeta m\u00e9s exclusiva per als clients m\u00e9s exclusius.<\/p>\n","protected":false},"author":1,"featured_media":5563,"parent":1985,"menu_order":10,"comment_status":"closed","ping_status":"closed","template":"template-detail.php","meta":{"footnotes":""},"yst_prominent_words":[146,148,5716,4768,1884,4769,4765,453,5702,143,1885,5701,1886,4767,4766,4764,1887,5720,1882,1881],"class_list":["post-4037","page","type-page","status-publish","has-post-thumbnail","hentry"],"acf":[],"_links":{"self":[{"href":"https:\/\/pre.andbank.com\/andorra\/ca\/wp-json\/wp\/v2\/pages\/4037"}],"collection":[{"href":"https:\/\/pre.andbank.com\/andorra\/ca\/wp-json\/wp\/v2\/pages"}],"about":[{"href":"https:\/\/pre.andbank.com\/andorra\/ca\/wp-json\/wp\/v2\/types\/page"}],"author":[{"embeddable":true,"href":"https:\/\/pre.andbank.com\/andorra\/ca\/wp-json\/wp\/v2\/users\/1"}],"replies":[{"embeddable":true,"href":"https:\/\/pre.andbank.com\/andorra\/ca\/wp-json\/wp\/v2\/comments?post=4037"}],"version-history":[{"count":0,"href":"https:\/\/pre.andbank.com\/andorra\/ca\/wp-json\/wp\/v2\/pages\/4037\/revisions"}],"up":[{"embeddable":true,"href":"https:\/\/pre.andbank.com\/andorra\/ca\/wp-json\/wp\/v2\/pages\/1985"}],"wp:featuredmedia":[{"embeddable":true,"href":"https:\/\/pre.andbank.com\/andorra\/ca\/wp-json\/wp\/v2\/media\/5563"}],"wp:attachment":[{"href":"https:\/\/pre.andbank.com\/andorra\/ca\/wp-json\/wp\/v2\/media?parent=4037"}],"wp:term":[{"taxonomy":"yst_prominent_words","embeddable":true,"href":"https:\/\/pre.andbank.com\/andorra\/ca\/wp-json\/wp\/v2\/yst_prominent_words?post=4037"}],"curies":[{"name":"wp","href":"https:\/\/api.w.org\/{rel}","templated":true}]}}