{"id":4035,"date":"2017-08-01T09:54:05","date_gmt":"2017-08-01T07:54:05","guid":{"rendered":"https:\/\/www.andbank.com\/andorra\/particulars\/comptes-i-targetes\/targetes\/targetes-de-credit\/visa-or\/"},"modified":"2022-02-17T19:50:14","modified_gmt":"2022-02-17T17:50:14","slug":"visa-or","status":"publish","type":"page","link":"https:\/\/pre.andbank.com\/andorra\/ca\/particulars\/comptes-i-targetes\/targetes\/targetes-de-credit\/visa-or\/","title":{"rendered":"Visa Or"},"content":{"rendered":"<p>La targeta Visa Or us permet efectuar el pagament de compres i serveis i disposar d&#8217;efectiu de la manera m\u00e9s c\u00f2moda i segura.<\/p>\n<h2>Avantatges de la targeta Visa Or<\/h2>\n<ul>\n<li><b>Exclusivitat<\/b>. Targeta de reconegut prestigi, en qualsevol pa\u00eds, amb total garantia.<\/li>\n<li><b>L\u00edmit de cr\u00e8dit<\/b> en funci\u00f3 de les vostres necessitats. El titular tindr\u00e0 un l\u00edmit preferent segons el seu estil de vida.<\/li>\n<li><strong>Seguretat.<\/strong> M\u00e0xima seguretat contra l&#8217;\u00fas fraudulent gr\u00e0cies a la tecnologia EMV (xip), aix\u00ed com a un control met\u00f2dic per a detectar operacions fraudulentes.<\/li>\n<li><strong>Assegurances gratu\u00eftes<\/strong>: L&#8217;accident de viatge en transport p\u00fablic i l&#8217;assist\u00e8ncia en viatge amb la targeta Visa Or. Consulteu <a href=\"https:\/\/www.andbank.com\/andorra\/wp-content\/uploads\/sites\/10\/2021\/11\/POLISSA-ASSISTENCIA-EN-VIATGE-TARGETES-OR-I-PLATINUM-2021.pdf\" target=\"_blank\" rel=\"noopener\">aqu\u00ed<\/a> les cobertures incloses.<\/li>\n<li style=\"list-style-type: none\">Tel\u00e8fon d&#8217;urg\u00e8ncia: + 34 93 463 12 34<\/li>\n<li><strong>Asseguran\u00e7a antifrau opcional<\/strong><b>. <\/b>Podeu tenir una asseguran\u00e7a antifrau de <span style=\"color: #333333\">28,50<\/span>\u00a0\u20ac anuals que us cobrir\u00e0 contra la p\u00e8rdua o el robatori de la vostra targeta.<\/li>\n<li><b>Descomptes<\/b> en benzineres a Andorra del Grup Artal, Cepsa i Elf, aix\u00ed com a comer\u00e7os afiliats.<\/li>\n<li>Una \u00e0mplia <b>xarxa de caixers<\/b> autom\u00e0tics: 23 caixers a Andorra i m\u00e9s de 800.000 arreu del m\u00f3n.<\/li>\n<\/ul>\n<h2>Caracter\u00edstiques<\/h2>\n<ul>\n<li><strong>Pagaments diferits<\/strong><b>. <\/b>El client pot escollir el pagament de totes les seves compres a final de mes o ajornar els pagaments en quotes mensuals percentuals o imports fixos.<\/li>\n<\/ul>\n<ul>\n<li>La informaci\u00f3 m\u00e9s detallada, mensual, anual i opcionalment quinzenal per tipus d&#8217;operaci\u00f3, sector d&#8217;activitat i pa\u00efsos.<\/li>\n<\/ul>\n<ul>\n<li>Sistema de pagament <b><i>Contactless<\/i><\/b> que permet un pagament r\u00e0pid, c\u00f2mode i segur: nom\u00e9s cal acostar la targeta al terminal de venda TPV.<\/li>\n<\/ul>\n<ul>\n<li><b>Compres segures <\/b>per Internet <i>Visa Secure<\/i>. Protegiu amb un codi personal la vostra targeta Visa en les compres per Internet. L\u2019\u00fanic servei que garanteix l\u2019autenticaci\u00f3 i identificaci\u00f3 dels usuaris de les targetes i dels comer\u00e7os electr\u00f2nics adherits.<\/li>\n<\/ul>\n<ul>\n<li><b>Servei d&#8217;av\u00eds per SMS<\/b>. Us avisem per SMS de les compres que efectueu amb la vostra targeta cada vegada que realitzeu una operaci\u00f3 superior a 50 \u20ac. Rebreu un SMS en el m\u00f2bil que us avisar\u00e0 de l&#8217;import de la vostra compra i de l&#8217;empresa o comer\u00e7 on l&#8217;heu efectuat.\u00a0Consulteu amb el vostre gestor per a obtenir el servei.<\/li>\n<\/ul>\n<h6>Cost del servei: 1,00 \u20ac mensual<\/h6>\n<p>&nbsp;<\/p>\n<h4>Tel\u00e8fons d&#8217;urg\u00e8ncia en cas de p\u00e8rdua o robatori:<\/h4>\n<p><a href=\"tel:+376739039\">+376 739 039<\/a><br \/>\n<a href=\"tel:+34913626200\">+34 913 62 62 00<\/a><br \/>\n<a href=\"tel:+18008472911\">+1 800 847 29 11 (EEUU)<\/a><\/p>\n<p>&nbsp;<\/p>\n<h4><strong>*Cobertures de l\u2019asseguran\u00e7a antifrau.<\/strong><\/h4>\n<p>&#8211; L\u2019asseguran\u00e7a antifrau cobreix la p\u00e8rdua, furt o robatori de la targeta. Inclouen les compres fetes amb la targeta, les disposicions d\u2019efectiu per caixer, aix\u00ed com les operacions per internet i per tel\u00e8fon.<br \/>\n&#8211; La cobertura de sinistres ocasionats per aquests casos assegura fins a les seg\u00fcents indemnitzacions:<\/p>\n<ul>\n<li>Targeta Electron: 1.500 euros per sinistre<\/li>\n<li>Targeta Classic: 3.000 euros per sinistre<\/li>\n<li>Targeta Or: 6.000 euros per sinistre<\/li>\n<li>Targeta Platinum: 12.000 euros per sinistre<\/li>\n<\/ul>\n<p>&#8211; L\u2019asseguran\u00e7a t\u00e9 un l\u00edmit de fins a 35 operacions.<br \/>\n&#8211; Fins a 72 hores anteriors al moment en qu\u00e8 s\u2019ha posat la den\u00fancia, la qual s\u2019ha d\u2019haver presentat en els darrers 45 dies.<\/p>\n","protected":false},"excerpt":{"rendered":"<p>La targeta que us permet fer el pagament de compres i serveis, i disposar d&#8217;efectiu de la manera m\u00e9s c\u00f2moda i segura.<\/p>\n","protected":false},"author":18,"featured_media":5549,"parent":1985,"menu_order":8,"comment_status":"closed","ping_status":"closed","template":"template-detail.php","meta":{"footnotes":""},"yst_prominent_words":[],"class_list":["post-4035","page","type-page","status-publish","has-post-thumbnail","hentry"],"acf":[],"_links":{"self":[{"href":"https:\/\/pre.andbank.com\/andorra\/ca\/wp-json\/wp\/v2\/pages\/4035"}],"collection":[{"href":"https:\/\/pre.andbank.com\/andorra\/ca\/wp-json\/wp\/v2\/pages"}],"about":[{"href":"https:\/\/pre.andbank.com\/andorra\/ca\/wp-json\/wp\/v2\/types\/page"}],"author":[{"embeddable":true,"href":"https:\/\/pre.andbank.com\/andorra\/ca\/wp-json\/wp\/v2\/users\/18"}],"replies":[{"embeddable":true,"href":"https:\/\/pre.andbank.com\/andorra\/ca\/wp-json\/wp\/v2\/comments?post=4035"}],"version-history":[{"count":2,"href":"https:\/\/pre.andbank.com\/andorra\/ca\/wp-json\/wp\/v2\/pages\/4035\/revisions"}],"predecessor-version":[{"id":23884,"href":"https:\/\/pre.andbank.com\/andorra\/ca\/wp-json\/wp\/v2\/pages\/4035\/revisions\/23884"}],"up":[{"embeddable":true,"href":"https:\/\/pre.andbank.com\/andorra\/ca\/wp-json\/wp\/v2\/pages\/1985"}],"wp:featuredmedia":[{"embeddable":true,"href":"https:\/\/pre.andbank.com\/andorra\/ca\/wp-json\/wp\/v2\/media\/5549"}],"wp:attachment":[{"href":"https:\/\/pre.andbank.com\/andorra\/ca\/wp-json\/wp\/v2\/media?parent=4035"}],"wp:term":[{"taxonomy":"yst_prominent_words","embeddable":true,"href":"https:\/\/pre.andbank.com\/andorra\/ca\/wp-json\/wp\/v2\/yst_prominent_words?post=4035"}],"curies":[{"name":"wp","href":"https:\/\/api.w.org\/{rel}","templated":true}]}}