{"id":4034,"date":"2017-08-01T09:51:35","date_gmt":"2017-08-01T07:51:35","guid":{"rendered":"https:\/\/www.andbank.com\/andorra\/particulars\/comptes-i-targetes\/targetes\/targetes-de-credit\/visa-viatge\/"},"modified":"2021-11-11T02:14:02","modified_gmt":"2021-11-11T00:14:02","slug":"visa-viatge","status":"publish","type":"page","link":"https:\/\/pre.andbank.com\/andorra\/ca\/particulars\/comptes-i-targetes\/targetes\/targetes-de-credit\/visa-viatge\/","title":{"rendered":"Visa Viatge"},"content":{"rendered":"<p>Perqu\u00e8 pugueu gaudir d&#8217;un munt d&#8217;avantatges en les vostres vacances, viatges o sortides fora del pa\u00eds, Andbank ha dissenyat aquesta targeta pensant en la vostra economia i benestar.<\/p>\n<h2>Avantatges de la targeta Visa Viatge<\/h2>\n<p>A qualsevol lloc on aneu, emporteu-vos la targeta Viatge d&#8217;Andbank perqu\u00e8 el viatge i les vacances us surtin molt m\u00e9s econ\u00f2miques.<\/p>\n<ul>\n<li>Descompte de l\u20191% per a tots els pagaments efectuats en restaurants de fora d\u2019Andorra i en totes les aerol\u00ednies del m\u00f3n.<\/li>\n<li>Descompte del 2%, per a tots els pagaments efectuats en hotels de fora d\u2019Andorra.<\/li>\n<li>Descompte del 3%, per a tots els pagaments efectuats en benzineres de fora d\u2019Andorra.<\/li>\n<\/ul>\n<p>(El reembossament d&#8217;aquests descomptes est\u00e0 subjecte a IRPF).<\/p>\n<ul>\n<li><strong>Seguretat<\/strong><b>.<\/b> M\u00e0xima seguretat contra l&#8217;\u00fas fraudulent gr\u00e0cies a la tecnologia EMV (xip), aix\u00ed com a un control met\u00f2dic per a detectar operacions fraudulentes.<\/li>\n<\/ul>\n<ul>\n<li><strong>Assegurances gratu\u00eftes<\/strong>: Accident de viatge en transport p\u00fablic amb la targeta Visa Viatge. Consulteu <a href=\"https:\/\/www.andbank.com\/andorra\/wp-content\/uploads\/sites\/10\/2021\/11\/POLISSA-ASSISTENCIA-EN-VIATGE-CLASSIC-2021-CAT.pdf\" target=\"_blank\" rel=\"noopener\">aqu\u00ed<\/a> les cobertures incloses.<\/li>\n<\/ul>\n<p>Tel\u00e8fon d&#8217;urg\u00e8ncia: + 34 93 463 12 34<\/p>\n<ul>\n<li><strong>Asseguran\u00e7a antifrau opcional<\/strong><b>. <\/b>Podeu tenir una asseguran\u00e7a antifrau de <span style=\"color: #333333\">18,75<\/span>\u00a0\u20ac anuals que us cobrir\u00e0 contra la p\u00e8rdua o el robatori de la vostra targeta.<\/li>\n<li>Una \u00e0mplia <b>xarxa de caixers<\/b> autom\u00e0tics: 23 caixers a Andorra i m\u00e9s de 800.000 arreu del m\u00f3n<\/li>\n<\/ul>\n<h2>Caracter\u00edstiques<\/h2>\n<ul>\n<li><strong>Pagaments diferits<\/strong><b>. <\/b>El client pot escollir el pagament de totes les seves compres a final de mes o ajornar els pagaments en quotes mensuals percentuals o imports fixos.<\/li>\n<\/ul>\n<ul>\n<li>La informaci\u00f3 m\u00e9s detallada, mensual, anual i opcionalment quinzenal per tipus d&#8217;operaci\u00f3, sector d&#8217;activitat i pa\u00efsos.<\/li>\n<\/ul>\n<ul>\n<li>Sistema de pagament <b><i>Contactless<\/i><\/b> que permet un pagament r\u00e0pid, c\u00f2mode i segur: nom\u00e9s cal acostar la targeta al terminal de venda TPV.<\/li>\n<\/ul>\n<ul>\n<li><b>Compres segures <\/b>per Internet <i>Visa Secure<\/i>. Protegiu amb un codi personal la vostra targeta Visa en les compres per Internet. L\u2019\u00fanic servei que garanteix l\u2019autenticaci\u00f3 i identificaci\u00f3 dels usuaris de les targetes i dels comer\u00e7os electr\u00f2nics adherits.<\/li>\n<\/ul>\n<ul>\n<li><b>Servei d&#8217;av\u00eds per SMS<\/b>. Us avisem per SMS de les compres que efectueu amb la vostra targeta cada vegada que realitzeu una operaci\u00f3 superior a 50 \u20ac. Rebreu un SMS en el m\u00f2bil que us avisar\u00e0 de l&#8217;import de la vostra compra i de l&#8217;empresa o comer\u00e7 on l&#8217;heu efectuat.\u00a0Consulteu amb el vostre gestor per a obtenir el servei.<\/li>\n<\/ul>\n<h6>Cost del servei: 1,00 \u20ac mensual<\/h6>\n<p>Tel\u00e8fons d&#8217;urg\u00e8ncia en cas de p\u00e8rdua o robatori:<\/p>\n<p><a href=\"tel:+376739039\">+376 739 039<\/a><br \/>\n<a href=\"tel:+34913626200\">+34 913 62 62 00<\/a><br \/>\n<a href=\"tel:+18008472911\">+1 800 847 29 11 (EEUU)<\/a><\/p>\n<h6><strong>*Cobertures de l\u2019asseguran\u00e7a antifrau.<\/strong><\/p>\n<p>&#8211; L\u2019asseguran\u00e7a antifrau cobreix la p\u00e8rdua, furt o robatori de la targeta. Inclouen les compres fetes amb la targeta, les disposicions d\u2019efectiu per caixer, aix\u00ed com les operacions per internet i per tel\u00e8fon.<\/h6>\n<p>&#8211; La cobertura de sinistres ocasionats per aquests casos assegura fins a les seg\u00fcents indemnitzacions:<\/p>\n<ul>\n<li>Targeta Electron: 1.500 euros per sinistre<\/li>\n<li>Targeta Classic: 3.000 euros per sinistre<\/li>\n<li>Targeta Or: 6.000 euros per sinistre<\/li>\n<li>Targeta Platinum: 12.000 euros per sinistre<\/li>\n<\/ul>\n<p>&#8211; L\u2019asseguran\u00e7a t\u00e9 un l\u00edmit de fins a 35 operacions.<br \/>\n&#8211; Fins a 72 hores anteriors al moment en qu\u00e8 s\u2019ha posat la den\u00fancia, la qual s\u2019ha d\u2019haver presentat en els darrers 45 dies.<\/p>\n","protected":false},"excerpt":{"rendered":"<p>Amb la targeta Viatge d\u2019Andbank obtindreu descomptes en les vostres despeses habituals en viatges o estades fora d\u2019Andorra.\u00a0Ara, la targeta Viatge \u00e9s sense contacte.\u00a0<\/p>\n","protected":false},"author":1,"featured_media":5521,"parent":1985,"menu_order":6,"comment_status":"closed","ping_status":"closed","template":"template-detail.php","meta":{"footnotes":""},"yst_prominent_words":[146,5716,1884,1898,1895,2342,2341,1896,1893,1891,1885,5701,1887,1882,1897,458,1894,1892,2343,1881],"class_list":["post-4034","page","type-page","status-publish","has-post-thumbnail","hentry"],"acf":[],"_links":{"self":[{"href":"https:\/\/pre.andbank.com\/andorra\/ca\/wp-json\/wp\/v2\/pages\/4034"}],"collection":[{"href":"https:\/\/pre.andbank.com\/andorra\/ca\/wp-json\/wp\/v2\/pages"}],"about":[{"href":"https:\/\/pre.andbank.com\/andorra\/ca\/wp-json\/wp\/v2\/types\/page"}],"author":[{"embeddable":true,"href":"https:\/\/pre.andbank.com\/andorra\/ca\/wp-json\/wp\/v2\/users\/1"}],"replies":[{"embeddable":true,"href":"https:\/\/pre.andbank.com\/andorra\/ca\/wp-json\/wp\/v2\/comments?post=4034"}],"version-history":[{"count":0,"href":"https:\/\/pre.andbank.com\/andorra\/ca\/wp-json\/wp\/v2\/pages\/4034\/revisions"}],"up":[{"embeddable":true,"href":"https:\/\/pre.andbank.com\/andorra\/ca\/wp-json\/wp\/v2\/pages\/1985"}],"wp:featuredmedia":[{"embeddable":true,"href":"https:\/\/pre.andbank.com\/andorra\/ca\/wp-json\/wp\/v2\/media\/5521"}],"wp:attachment":[{"href":"https:\/\/pre.andbank.com\/andorra\/ca\/wp-json\/wp\/v2\/media?parent=4034"}],"wp:term":[{"taxonomy":"yst_prominent_words","embeddable":true,"href":"https:\/\/pre.andbank.com\/andorra\/ca\/wp-json\/wp\/v2\/yst_prominent_words?post=4034"}],"curies":[{"name":"wp","href":"https:\/\/api.w.org\/{rel}","templated":true}]}}