{"id":2060,"date":"2017-04-19T09:18:02","date_gmt":"2017-04-19T07:18:02","guid":{"rendered":"https:\/\/www.andbank.com\/andorra\/sobre-nosaltres\/treballeu-amb-nosaltres\/"},"modified":"2023-04-02T19:19:49","modified_gmt":"2023-04-02T17:19:49","slug":"treballeu-amb-nosaltres","status":"publish","type":"page","link":"https:\/\/pre.andbank.com\/andorra\/ca\/sobre-nosaltres-2\/treballeu-amb-nosaltres\/","title":{"rendered":"Treballar a Andbank"},"content":{"rendered":"<p><strong>El nostre comprom\u00eds \u00e9s atraure els millors talents all\u00e0 on siguin, per complementar aix\u00ed un equip de professionals excepcionals que comparteixen la nostra filosofia i els nostres valors de treball.<\/strong><\/p>\n<p>Si voleu formar part d&#8217;un equip hum\u00e0 jove i innovador, amb una alta vocaci\u00f3 de servei i apassionat per la seva feina, envieu-nos el vostre curr\u00edculum a trav\u00e9s del formulari seg\u00fcent.<\/p>\n","protected":false},"excerpt":{"rendered":"<p>Som una empresa compromesa amb els nostres treballadors i sempre cerquem les millors opcions de formaci\u00f3 per garantir als nostres clients un servei professional i d&#8217;avantguarda.<\/p>\n","protected":false},"author":18,"featured_media":1744,"parent":2042,"menu_order":197,"comment_status":"closed","ping_status":"closed","template":"template-detail.php","meta":{"footnotes":""},"yst_prominent_words":[157,634,143],"class_list":["post-2060","page","type-page","status-publish","has-post-thumbnail","hentry"],"acf":[],"_links":{"self":[{"href":"https:\/\/pre.andbank.com\/andorra\/ca\/wp-json\/wp\/v2\/pages\/2060"}],"collection":[{"href":"https:\/\/pre.andbank.com\/andorra\/ca\/wp-json\/wp\/v2\/pages"}],"about":[{"href":"https:\/\/pre.andbank.com\/andorra\/ca\/wp-json\/wp\/v2\/types\/page"}],"author":[{"embeddable":true,"href":"https:\/\/pre.andbank.com\/andorra\/ca\/wp-json\/wp\/v2\/users\/18"}],"replies":[{"embeddable":true,"href":"https:\/\/pre.andbank.com\/andorra\/ca\/wp-json\/wp\/v2\/comments?post=2060"}],"version-history":[{"count":1,"href":"https:\/\/pre.andbank.com\/andorra\/ca\/wp-json\/wp\/v2\/pages\/2060\/revisions"}],"predecessor-version":[{"id":25008,"href":"https:\/\/pre.andbank.com\/andorra\/ca\/wp-json\/wp\/v2\/pages\/2060\/revisions\/25008"}],"up":[{"embeddable":true,"href":"https:\/\/pre.andbank.com\/andorra\/ca\/wp-json\/wp\/v2\/pages\/2042"}],"wp:featuredmedia":[{"embeddable":true,"href":"https:\/\/pre.andbank.com\/andorra\/ca\/wp-json\/wp\/v2\/media\/1744"}],"wp:attachment":[{"href":"https:\/\/pre.andbank.com\/andorra\/ca\/wp-json\/wp\/v2\/media?parent=2060"}],"wp:term":[{"taxonomy":"yst_prominent_words","embeddable":true,"href":"https:\/\/pre.andbank.com\/andorra\/ca\/wp-json\/wp\/v2\/yst_prominent_words?post=2060"}],"curies":[{"name":"wp","href":"https:\/\/api.w.org\/{rel}","templated":true}]}}