{"id":2059,"date":"2017-04-18T18:46:52","date_gmt":"2017-04-18T16:46:52","guid":{"rendered":"https:\/\/www.andbank.com\/andorra\/sobre-nosaltres\/responsabilitat-social\/"},"modified":"2021-01-28T12:50:18","modified_gmt":"2021-01-28T10:50:18","slug":"responsabilitat-social","status":"publish","type":"page","link":"https:\/\/pre.andbank.com\/andorra\/ca\/sobre-nosaltres-2\/responsabilitat-social\/","title":{"rendered":"Responsabilitat Social"},"content":{"rendered":"","protected":false},"excerpt":{"rendered":"<p>Andbank \u00e9s una entitat compromesa amb les persones i els valors socials. Al llarg de m\u00e9s de 85 anys d&#8217;hist\u00f2ria hem fomentat un esperit corporatiu solidari i ens hem implicat en les causes socials del nostre entorn.<\/p>\n","protected":false},"author":1,"featured_media":1567,"parent":2042,"menu_order":201,"comment_status":"closed","ping_status":"closed","template":"template-detail.php","meta":{"footnotes":""},"yst_prominent_words":[],"class_list":["post-2059","page","type-page","status-publish","has-post-thumbnail","hentry"],"acf":[],"_links":{"self":[{"href":"https:\/\/pre.andbank.com\/andorra\/ca\/wp-json\/wp\/v2\/pages\/2059"}],"collection":[{"href":"https:\/\/pre.andbank.com\/andorra\/ca\/wp-json\/wp\/v2\/pages"}],"about":[{"href":"https:\/\/pre.andbank.com\/andorra\/ca\/wp-json\/wp\/v2\/types\/page"}],"author":[{"embeddable":true,"href":"https:\/\/pre.andbank.com\/andorra\/ca\/wp-json\/wp\/v2\/users\/1"}],"replies":[{"embeddable":true,"href":"https:\/\/pre.andbank.com\/andorra\/ca\/wp-json\/wp\/v2\/comments?post=2059"}],"version-history":[{"count":0,"href":"https:\/\/pre.andbank.com\/andorra\/ca\/wp-json\/wp\/v2\/pages\/2059\/revisions"}],"up":[{"embeddable":true,"href":"https:\/\/pre.andbank.com\/andorra\/ca\/wp-json\/wp\/v2\/pages\/2042"}],"wp:featuredmedia":[{"embeddable":true,"href":"https:\/\/pre.andbank.com\/andorra\/ca\/wp-json\/wp\/v2\/media\/1567"}],"wp:attachment":[{"href":"https:\/\/pre.andbank.com\/andorra\/ca\/wp-json\/wp\/v2\/media?parent=2059"}],"wp:term":[{"taxonomy":"yst_prominent_words","embeddable":true,"href":"https:\/\/pre.andbank.com\/andorra\/ca\/wp-json\/wp\/v2\/yst_prominent_words?post=2059"}],"curies":[{"name":"wp","href":"https:\/\/api.w.org\/{rel}","templated":true}]}}