{"id":2058,"date":"2017-04-18T18:42:59","date_gmt":"2017-04-18T16:42:59","guid":{"rendered":"https:\/\/www.andbank.com\/andorra\/sobre-nosaltres\/estructura-de-govern\/"},"modified":"2023-11-12T19:40:39","modified_gmt":"2023-11-12T17:40:39","slug":"estructura-de-govern","status":"publish","type":"page","link":"https:\/\/pre.andbank.com\/andorra\/ca\/sobre-nosaltres-2\/estructura-de-govern\/","title":{"rendered":"Estructura de govern"},"content":{"rendered":"<h2>Presid\u00e8ncia<\/h2>\n<table style=\"max-width: 1000px;width: 95%\">\n<tbody>\n<tr>\n<td><img loading=\"lazy\" decoding=\"async\" class=\"wp-image-956 alignleft\" src=\"https:\/\/www.andbank.com\/wp-content\/uploads\/2017\/04\/Manuel-Cerqueda-Donadeu.png\" alt=\"\" width=\"150\" height=\"150\" \/><\/td>\n<td><\/td>\n<td style=\"width: 30%\"><strong>Manel Cerqueda Donadeu<\/strong><br \/>\nPresident<br \/>\n<a href=\"https:\/\/www.andbank.com\/wp-content\/uploads\/sites\/10\/2017\/09\/CA-CV-MANEL-CERQUEDA-WEB.pdf\" target=\"_blank\" rel=\"noopener noreferrer\">Curriculum Vitae<\/a><\/td>\n<td><\/td>\n<td><img loading=\"lazy\" decoding=\"async\" class=\"wp-image-17324 alignleft\" src=\"https:\/\/www.andbank.com\/wp-content\/uploads\/2017\/04\/SERGI-PALLEROLA-GENE.png\" alt=\"Sergi Pallerola Gene\" width=\"150\" height=\"150\" \/><\/td>\n<td><\/td>\n<td style=\"width: 30%\"><strong>Sergi Pallerola Gene<\/strong><br \/>\nVicepresident<br \/>\n<a href=\"https:\/\/www.andbank.com\/wp-content\/uploads\/2017\/04\/Sergi-Pallerola-Gene_CATL.pdf\" target=\"_blank\" rel=\"noopener noreferrer\">Curriculum Vitae<\/a><\/td>\n<\/tr>\n<\/tbody>\n<\/table>\n<p>&nbsp;<\/p>\n<h2>Consell d&#8217; Administraci\u00f3<\/h2>\n<table style=\"max-width: 1000px;width: 95%\">\n<tbody>\n<tr>\n<td><img loading=\"lazy\" decoding=\"async\" class=\" wp-image-3206 alignleft\" src=\"https:\/\/www.andbank.com\/wp-content\/uploads\/2019\/11\/carmen_arrequeta.png\" alt=\"\" width=\"153\" height=\"153\" \/><\/td>\n<td><\/td>\n<td style=\"width: 30%\"><strong>Carmen Aquerreta Ferraz<\/strong><br \/>\nConsellera<br \/>\n<a href=\"https:\/\/www.andbank.com\/andorra\/wp-content\/uploads\/sites\/10\/2020\/05\/CV-CARMEN-AQUERRETA-CAT.pdf\" target=\"_blank\" rel=\"noopener noreferrer\">Curriculum Vitae<\/a><\/td>\n<td><img loading=\"lazy\" decoding=\"async\" class=\"wp-image-955 alignleft\" src=\"https:\/\/www.andbank.com\/wp-content\/uploads\/2017\/04\/Manuel-Cerqueda-Diez.png\" alt=\"\" width=\"150\" height=\"150\" \/><\/td>\n<td><\/td>\n<td style=\"width: 30%\"><strong>Manel Cerqueda Diez<\/strong><br \/>\nConseller<br \/>\n<a href=\"https:\/\/www.andbank.com\/wp-content\/uploads\/2021\/01\/CV-MANEL-CERQUEDA-DIEZ-WEB-OK-CAT.pdf\" target=\"_blank\" rel=\"noopener noreferrer\">Curriculum Vitae<\/a><\/td>\n<\/tr>\n<tr>\n<td><img loading=\"lazy\" decoding=\"async\" class=\"wp-image-955 alignleft\" src=\"https:\/\/www.andbank.com\/wp-content\/uploads\/2018\/10\/gomez_acebo.png\" alt=\"\" width=\"150\" height=\"150\" \/><\/td>\n<td><\/td>\n<td style=\"width: 30%\"><strong>Javier G\u00f3mez Acebo Saenz De Heredia<\/strong><br \/>\nConseller<br \/>\n<a href=\"https:\/\/www.andbank.com\/wp-content\/uploads\/2018\/10\/CV_GOMEZ-ACEBO_CAT.pdf\" target=\"_blank\" rel=\"noopener noreferrer\">Curriculum Vitae<\/a><\/td>\n<td><img loading=\"lazy\" decoding=\"async\" class=\"wp-image-3196 alignleft\" src=\"https:\/\/www.andbank.com\/wp-content\/uploads\/sites\/10\/2017\/08\/Picture4.jpg\" alt=\"\" width=\"157\" height=\"152\" \/><\/td>\n<td><\/td>\n<td style=\"width: 30%\"><strong>Jorge Maortua Ruiz-L\u00f3pez<\/strong><br \/>\nConseller<br \/>\n<a href=\"https:\/\/www.andbank.com\/wp-content\/uploads\/sites\/10\/2017\/09\/CA-CV-JORGE-MAORTUA-WEB.pdf\" target=\"_blank\" rel=\"noopener noreferrer\">Curriculum Vitae<\/a><\/td>\n<\/tr>\n<tr>\n<td><img loading=\"lazy\" decoding=\"async\" class=\"wp-image-17324 alignleft\" src=\"https:\/\/www.andbank.com\/wp-content\/uploads\/2023\/11\/MCRibas.png\" alt=\"Maria Creus Ribas\" width=\"150\" height=\"150\" \/><\/td>\n<td><\/td>\n<td style=\"width: 30%\"><strong>Maria Creus Ribas<\/strong><br \/>\nConsellera<br \/>\n<a href=\"https:\/\/www.andbank.com\/wp-content\/uploads\/2023\/11\/CV-MARIA-CREUS-RIBAS-WEB-CAT.pdf\" target=\"_blank\" rel=\"noopener noreferrer\">Curriculum Vitae<\/a><\/td>\n<td><img loading=\"lazy\" decoding=\"async\" class=\"wp-image-957 alignleft\" src=\"https:\/\/www.andbank.com\/andorra\/wp-content\/uploads\/sites\/10\/2021\/11\/JAUME-SERRA-1.png\" alt=\"C\u00e9sar Valc\u00e1rcel\" width=\"150\" height=\"150\" \/><\/td>\n<td><\/td>\n<td style=\"width: 30%\"><strong>Jaume Serra Serra<\/strong><br \/>\nConseller<br \/>\n<a href=\"https:\/\/www.andbank.com\/andorra\/wp-content\/uploads\/sites\/10\/2021\/11\/CV-JAUME-SERRA-WEB-OK.pdf\" target=\"_blank\" rel=\"noopener noreferrer\">Curriculum Vitae<\/a><\/td>\n<\/tr>\n<tr>\n<td><img loading=\"lazy\" decoding=\"async\" class=\"wp-image-17324 alignleft\" src=\"https:\/\/www.andbank.com\/wp-content\/uploads\/2023\/11\/a-roses.jpg\" alt=\"Albert Ros\u00e9s Noguer\" width=\"150\" height=\"150\" \/><\/td>\n<td><\/td>\n<td style=\"width: 30%\"><strong>Albert Ros\u00e9s Noguer<\/strong><br \/>\nConseller<br \/>\n<a href=\"https:\/\/www.andbank.com\/wp-content\/uploads\/2023\/11\/CV-ALBERT-ROSES-CAT.pdf\" target=\"_blank\" rel=\"noopener noreferrer\">Curriculum Vitae<\/a><\/td>\n<td><img loading=\"lazy\" decoding=\"async\" class=\" wp-image-3206 alignleft\" src=\"https:\/\/www.andbank.com\/wp-content\/uploads\/2019\/11\/pablo_garcia.png\" alt=\"\" width=\"153\" height=\"153\" \/><\/td>\n<td><\/td>\n<td style=\"width: 30%\"><strong>Pablo Garc\u00eda Monta\u00f1\u00e9s<\/strong><br \/>\nSecretari no membre<br \/>\n<a href=\"https:\/\/www.andbank.com\/wp-content\/uploads\/2019\/11\/cv_pablo_garcia_cat.pdf\" target=\"_blank\" rel=\"noopener noreferrer\">Curriculum Vitae<\/a><\/td>\n<\/tr>\n<\/tbody>\n<\/table>\n<p>&nbsp;<\/p>\n<h2>Direcci\u00f3 General<\/h2>\n<table style=\"max-width: 1000px;width: 95%\">\n<tbody>\n<tr>\n<td><img loading=\"lazy\" decoding=\"async\" class=\"wp-image-959 alignleft\" src=\"https:\/\/www.andbank.com\/wp-content\/uploads\/2021\/07\/Carlos_Aso.png\" alt=\"\" width=\"150\" height=\"150\" \/><\/td>\n<td><\/td>\n<td style=\"width: 30%\"><strong>Carlos Aso Miranda<\/strong><br \/>\nDirector General<br \/>\n<a href=\"https:\/\/www.andbank.com\/wp-content\/uploads\/2021\/07\/CV-CARLOS-ASO-CAT-1.pdf\" target=\"_blank\" rel=\"noopener noreferrer\">Curriculum Vitae<\/a><\/td>\n<td><\/td>\n<td><img loading=\"lazy\" decoding=\"async\" class=\"alignnone wp-image-5589 size-full\" src=\"https:\/\/www.andbank.com\/wp-content\/uploads\/2017\/12\/blanc.png\" alt=\"\" width=\"150\" height=\"150\" \/><\/td>\n<td><\/td>\n<td style=\"width: 30%\"><\/td>\n<\/tr>\n<\/tbody>\n<\/table>\n<p>&nbsp;<\/p>\n","protected":false},"excerpt":{"rendered":"<p>Obteniu m\u00e9s informaci\u00f3 sobre la nostra estructura organitzativa i les persones que formen part de l&#8217;equip d&#8217;Andbank.<\/p>\n","protected":false},"author":18,"featured_media":1558,"parent":2042,"menu_order":192,"comment_status":"closed","ping_status":"closed","template":"template-gerencia.php","meta":{"footnotes":""},"yst_prominent_words":[591,601,587,585,2899,529,597,586],"class_list":["post-2058","page","type-page","status-publish","has-post-thumbnail","hentry"],"acf":[],"_links":{"self":[{"href":"https:\/\/pre.andbank.com\/andorra\/ca\/wp-json\/wp\/v2\/pages\/2058"}],"collection":[{"href":"https:\/\/pre.andbank.com\/andorra\/ca\/wp-json\/wp\/v2\/pages"}],"about":[{"href":"https:\/\/pre.andbank.com\/andorra\/ca\/wp-json\/wp\/v2\/types\/page"}],"author":[{"embeddable":true,"href":"https:\/\/pre.andbank.com\/andorra\/ca\/wp-json\/wp\/v2\/users\/18"}],"replies":[{"embeddable":true,"href":"https:\/\/pre.andbank.com\/andorra\/ca\/wp-json\/wp\/v2\/comments?post=2058"}],"version-history":[{"count":3,"href":"https:\/\/pre.andbank.com\/andorra\/ca\/wp-json\/wp\/v2\/pages\/2058\/revisions"}],"predecessor-version":[{"id":25426,"href":"https:\/\/pre.andbank.com\/andorra\/ca\/wp-json\/wp\/v2\/pages\/2058\/revisions\/25426"}],"up":[{"embeddable":true,"href":"https:\/\/pre.andbank.com\/andorra\/ca\/wp-json\/wp\/v2\/pages\/2042"}],"wp:featuredmedia":[{"embeddable":true,"href":"https:\/\/pre.andbank.com\/andorra\/ca\/wp-json\/wp\/v2\/media\/1558"}],"wp:attachment":[{"href":"https:\/\/pre.andbank.com\/andorra\/ca\/wp-json\/wp\/v2\/media?parent=2058"}],"wp:term":[{"taxonomy":"yst_prominent_words","embeddable":true,"href":"https:\/\/pre.andbank.com\/andorra\/ca\/wp-json\/wp\/v2\/yst_prominent_words?post=2058"}],"curies":[{"name":"wp","href":"https:\/\/api.w.org\/{rel}","templated":true}]}}