{"id":2040,"date":"2017-03-30T17:35:37","date_gmt":"2017-03-30T15:35:37","guid":{"rendered":"https:\/\/www.andbank.com\/andorra\/contacte\/"},"modified":"2023-06-21T19:45:40","modified_gmt":"2023-06-21T17:45:40","slug":"contacte","status":"publish","type":"page","link":"https:\/\/pre.andbank.com\/andorra\/ca\/contacte\/","title":{"rendered":"Contacte"},"content":{"rendered":"<p>Si sou resident a Andorra i us voleu fer client d\u2019Andbank, empleneu aquest formulari i us contactarem el m\u00e9s aviat possible. Tamb\u00e9 us podeu adre\u00e7ar a qualsevol de les nostres oficines on us atendran els nostres experts gestors.<\/p>\n","protected":false},"excerpt":{"rendered":"<p>Si sou resident a Andorra i us voleu fer client d\u2019Andbank, empleneu aquest formulari i us contactarem el m\u00e9s aviat possible. Tamb\u00e9 us podeu adre\u00e7ar a qualsevol de les nostres oficines on us atendran els nostres experts gestors.<\/p>\n","protected":false},"author":18,"featured_media":1393,"parent":0,"menu_order":250,"comment_status":"closed","ping_status":"closed","template":"template-contact.php","meta":{"footnotes":""},"yst_prominent_words":[3745,336,389],"class_list":["post-2040","page","type-page","status-publish","has-post-thumbnail","hentry"],"acf":[],"_links":{"self":[{"href":"https:\/\/pre.andbank.com\/andorra\/ca\/wp-json\/wp\/v2\/pages\/2040"}],"collection":[{"href":"https:\/\/pre.andbank.com\/andorra\/ca\/wp-json\/wp\/v2\/pages"}],"about":[{"href":"https:\/\/pre.andbank.com\/andorra\/ca\/wp-json\/wp\/v2\/types\/page"}],"author":[{"embeddable":true,"href":"https:\/\/pre.andbank.com\/andorra\/ca\/wp-json\/wp\/v2\/users\/18"}],"replies":[{"embeddable":true,"href":"https:\/\/pre.andbank.com\/andorra\/ca\/wp-json\/wp\/v2\/comments?post=2040"}],"version-history":[{"count":3,"href":"https:\/\/pre.andbank.com\/andorra\/ca\/wp-json\/wp\/v2\/pages\/2040\/revisions"}],"predecessor-version":[{"id":25109,"href":"https:\/\/pre.andbank.com\/andorra\/ca\/wp-json\/wp\/v2\/pages\/2040\/revisions\/25109"}],"wp:featuredmedia":[{"embeddable":true,"href":"https:\/\/pre.andbank.com\/andorra\/ca\/wp-json\/wp\/v2\/media\/1393"}],"wp:attachment":[{"href":"https:\/\/pre.andbank.com\/andorra\/ca\/wp-json\/wp\/v2\/media?parent=2040"}],"wp:term":[{"taxonomy":"yst_prominent_words","embeddable":true,"href":"https:\/\/pre.andbank.com\/andorra\/ca\/wp-json\/wp\/v2\/yst_prominent_words?post=2040"}],"curies":[{"name":"wp","href":"https:\/\/api.w.org\/{rel}","templated":true}]}}