{"id":2038,"date":"2017-04-05T12:14:05","date_gmt":"2017-04-05T10:14:05","guid":{"rendered":"https:\/\/www.andbank.com\/andorra\/banca-privada\/els-nostres-serveis\/real-estate\/"},"modified":"2019-09-26T15:07:54","modified_gmt":"2019-09-26T13:07:54","slug":"real-estate","status":"publish","type":"page","link":"https:\/\/pre.andbank.com\/andorra\/ca\/banca-privada\/els-nostres-serveis\/real-estate\/","title":{"rendered":"Real Estate"},"content":{"rendered":"<h2><span style=\"color: #ff0000\"><span style=\"color: #d42e00\">Fons immobiliaris per a inversors<\/span><\/span><\/h2>\n<p>Tenint sempre present el binomi risc-rendibilitat adequat per a cada client, a Andbank proposem una \u00e0mplia gamma de productes orientats espec\u00edficament a inversors interessats en <i>real estate<\/i>.<\/p>\n<p>&nbsp;<\/p>\n<h2><span style=\"color: #ff0000\"><span style=\"color: #d42e00\">Suport i assessorament en la compra i venda d&#8217;immobles<\/span><\/span><\/h2>\n<p>L&#8217;experi\u00e8ncia en el mercat immobiliari ens permet accedir a oportunitats d&#8217;inversi\u00f3 en tots els mercats i tipus d&#8217;actius d&#8217;una manera transparent i confidencial.<\/p>\n<p>El nostre equip us ofereix assessorament complet en tot el proc\u00e9s, des de l&#8217;an\u00e0lisi dels diferents mercats i actius o l&#8217;estudi de viabilitat fins a la gesti\u00f3 de la transacci\u00f3 (coordinant l&#8217;auditoria preventiva t\u00e8cnica, legal, fiscal i administrativa).<\/p>\n<p>&nbsp;<\/p>\n","protected":false},"excerpt":{"rendered":"<p>Una \u00e0mplia gamma de productes orientats espec\u00edficament a inversors interessats en l&#8217;\u00e0mbit immobiliari.<\/p>\n","protected":false},"author":1,"featured_media":1903,"parent":2027,"menu_order":263,"comment_status":"closed","ping_status":"closed","template":"template-detail.php","meta":{"footnotes":""},"yst_prominent_words":[4690,4689,3084,4688,143],"class_list":["post-2038","page","type-page","status-publish","has-post-thumbnail","hentry"],"acf":[],"_links":{"self":[{"href":"https:\/\/pre.andbank.com\/andorra\/ca\/wp-json\/wp\/v2\/pages\/2038"}],"collection":[{"href":"https:\/\/pre.andbank.com\/andorra\/ca\/wp-json\/wp\/v2\/pages"}],"about":[{"href":"https:\/\/pre.andbank.com\/andorra\/ca\/wp-json\/wp\/v2\/types\/page"}],"author":[{"embeddable":true,"href":"https:\/\/pre.andbank.com\/andorra\/ca\/wp-json\/wp\/v2\/users\/1"}],"replies":[{"embeddable":true,"href":"https:\/\/pre.andbank.com\/andorra\/ca\/wp-json\/wp\/v2\/comments?post=2038"}],"version-history":[{"count":0,"href":"https:\/\/pre.andbank.com\/andorra\/ca\/wp-json\/wp\/v2\/pages\/2038\/revisions"}],"up":[{"embeddable":true,"href":"https:\/\/pre.andbank.com\/andorra\/ca\/wp-json\/wp\/v2\/pages\/2027"}],"wp:featuredmedia":[{"embeddable":true,"href":"https:\/\/pre.andbank.com\/andorra\/ca\/wp-json\/wp\/v2\/media\/1903"}],"wp:attachment":[{"href":"https:\/\/pre.andbank.com\/andorra\/ca\/wp-json\/wp\/v2\/media?parent=2038"}],"wp:term":[{"taxonomy":"yst_prominent_words","embeddable":true,"href":"https:\/\/pre.andbank.com\/andorra\/ca\/wp-json\/wp\/v2\/yst_prominent_words?post=2038"}],"curies":[{"name":"wp","href":"https:\/\/api.w.org\/{rel}","templated":true}]}}