{"id":2036,"date":"2017-04-05T12:14:04","date_gmt":"2017-04-05T10:14:04","guid":{"rendered":"https:\/\/www.andbank.com\/andorra\/banca-privada\/els-nostres-serveis\/gestio-discrecional\/"},"modified":"2019-09-26T13:09:54","modified_gmt":"2019-09-26T11:09:54","slug":"gestio-discrecional","status":"publish","type":"page","link":"https:\/\/pre.andbank.com\/andorra\/ca\/banca-privada\/els-nostres-serveis\/gestio-discrecional\/","title":{"rendered":"Gesti\u00f3 discrecional"},"content":{"rendered":"<h2><span style=\"color: #ff0000\"><span style=\"color: #d42e00\">Gesti\u00f3 personalitzada<\/span><\/span><\/h2>\n<ul>\n<li>Assist\u00e8ncia i assessorament professional individual i permanent.<\/li>\n<li>Disponibilitat total del nostre equip d&#8217;experts gestors, que buscar\u00e0 les inversions m\u00e9s adients per al vostre perfil.<\/li>\n<li>Seguiment continu de la cartera i adaptaci\u00f3 als canvis segons el perfil definit per a cada client.<\/li>\n<\/ul>\n<h2><span style=\"color: #ff0000\"><span style=\"color: #d42e00\">Gesti\u00f3 de retorn absolut<\/span><\/span><\/h2>\n<ul>\n<li>\u00c9s una gesti\u00f3 de volatilitat moderada, enfocada a la preservaci\u00f3 del capital i a la recerca de rendibilitat positiva en qualsevol condici\u00f3 de mercat. L&#8217;estrat\u00e8gia amb qu\u00e8 es gestiona aquesta cartera afavoreix la flexibilitat a l&#8217;hora d&#8217;adaptar el conjunt d&#8217;inversions que els nostres analistes considerin necessari en funci\u00f3 de la vostra visi\u00f3 de mercat.<\/li>\n<\/ul>\n<h2><span style=\"color: #ff0000\"><span style=\"color: #d42e00\">Gesti\u00f3 direccional o tradicional<\/span><\/span><\/h2>\n<ul>\n<li>La gesti\u00f3 direccional \u00e9s la que pren com a refer\u00e8ncia un o diversos \u00edndexs del mercat.<\/li>\n<li>Els actius que constitueixen aquesta cartera s\u00f3n sensibles a les tend\u00e8ncies i, per tant, la consecuci\u00f3 de resultats queda subjecta al comportament general del mercat.<\/li>\n<li>L&#8217;estrat\u00e8gia portada a terme pels nostres gestors pret\u00e9n mantenir un equilibri estable en cada tipus d&#8217;actiu, segons el perfil de risc de l&#8217;inversor. El binomi rendibilitat-risc es maximitza a llarg termini.<\/li>\n<\/ul>\n","protected":false},"excerpt":{"rendered":"<p>Gestionem de forma personalitzada el patrimoni dels clients amb absoluta independ\u00e8ncia, per a la qual cosa graduem i controlem en tot moment el nivell de risc i les expectatives de rendibilitat probables.<\/p>\n","protected":false},"author":1,"featured_media":4870,"parent":2027,"menu_order":233,"comment_status":"closed","ping_status":"closed","template":"template-detail.php","meta":{"footnotes":""},"yst_prominent_words":[],"class_list":["post-2036","page","type-page","status-publish","has-post-thumbnail","hentry"],"acf":[],"_links":{"self":[{"href":"https:\/\/pre.andbank.com\/andorra\/ca\/wp-json\/wp\/v2\/pages\/2036"}],"collection":[{"href":"https:\/\/pre.andbank.com\/andorra\/ca\/wp-json\/wp\/v2\/pages"}],"about":[{"href":"https:\/\/pre.andbank.com\/andorra\/ca\/wp-json\/wp\/v2\/types\/page"}],"author":[{"embeddable":true,"href":"https:\/\/pre.andbank.com\/andorra\/ca\/wp-json\/wp\/v2\/users\/1"}],"replies":[{"embeddable":true,"href":"https:\/\/pre.andbank.com\/andorra\/ca\/wp-json\/wp\/v2\/comments?post=2036"}],"version-history":[{"count":0,"href":"https:\/\/pre.andbank.com\/andorra\/ca\/wp-json\/wp\/v2\/pages\/2036\/revisions"}],"up":[{"embeddable":true,"href":"https:\/\/pre.andbank.com\/andorra\/ca\/wp-json\/wp\/v2\/pages\/2027"}],"wp:featuredmedia":[{"embeddable":true,"href":"https:\/\/pre.andbank.com\/andorra\/ca\/wp-json\/wp\/v2\/media\/4870"}],"wp:attachment":[{"href":"https:\/\/pre.andbank.com\/andorra\/ca\/wp-json\/wp\/v2\/media?parent=2036"}],"wp:term":[{"taxonomy":"yst_prominent_words","embeddable":true,"href":"https:\/\/pre.andbank.com\/andorra\/ca\/wp-json\/wp\/v2\/yst_prominent_words?post=2036"}],"curies":[{"name":"wp","href":"https:\/\/api.w.org\/{rel}","templated":true}]}}