{"id":2019,"date":"2017-04-20T11:01:37","date_gmt":"2017-04-20T09:01:37","guid":{"rendered":"https:\/\/www.andbank.com\/andorra\/banca-a-distancia\/caixers\/"},"modified":"2019-11-19T13:49:53","modified_gmt":"2019-11-19T11:49:53","slug":"caixers","status":"publish","type":"page","link":"https:\/\/pre.andbank.com\/andorra\/ca\/sobre-nosaltres-2\/banca-a-distancia\/caixers\/","title":{"rendered":"Caixers"},"content":{"rendered":"<p>Andbank posa a la vostra disposici\u00f3 la seva \u00e0mplia <a href=\"https:\/\/www.andbank.com\/andorra\/ca\/contacte\/\">xarxa de caixers<\/a>. Cada vegada que utilitzeu un caixer autom\u00e0tic d&#8217;Andbank, assegurem la vostra targeta* (s&#8217;executa un proc\u00e9s exclusiu que la protegeix contra l&#8217;\u00fas fraudulent).<\/p>\n<p>A m\u00e9s de les funcionalitats m\u00e9s habituals dels caixers, com ara fer un reintegrament de diners o consultar els extractes dels comptes, els caixers d&#8217;Andbank tamb\u00e9 us permeten:<\/p>\n<ol>\n<li>Recarregar el tel\u00e8fon m\u00f2bil amb contracte Mobiland Clic!<\/li>\n<li>Canviar el n\u00famero personal (PIN).<\/li>\n<li>Obtenir el <a href=\"https:\/\/www.andbank.com\/andorra\/ca\/particulars\/comptes-i-targetes\/targetes\/serveis-i-avantatges\/codi-puk\/\">codi de seguretat PUK<\/a> per fer compres segures per Internet.<\/li>\n<\/ol>\n<h6>*Cada vegada que introdu\u00efu la vostra targeta en un caixer autom\u00e0tic d&#8217;Andbank, s&#8217;executa un proc\u00e9s exclusiu que la protegeix contra el duplicat fraudulent. Per aquest motiu, us suggerim que passeu habitualment per algun dels caixers autom\u00e0tics d&#8217;Andbank, sobretot si heu fet operacions fora del Principat d&#8217;Andorra.<\/h6>\n","protected":false},"excerpt":{"rendered":"<p>23 caixers a Andorra i m\u00e9s de 800.000 arreu del m\u00f3n. La comoditat d&#8217;utilitzar els nostres serveis durant les 24 hores del dia.<\/p>\n","protected":false},"author":1,"featured_media":1810,"parent":2013,"menu_order":65,"comment_status":"closed","ping_status":"closed","template":"template-detail.php","meta":{"footnotes":""},"yst_prominent_words":[],"class_list":["post-2019","page","type-page","status-publish","has-post-thumbnail","hentry"],"acf":[],"_links":{"self":[{"href":"https:\/\/pre.andbank.com\/andorra\/ca\/wp-json\/wp\/v2\/pages\/2019"}],"collection":[{"href":"https:\/\/pre.andbank.com\/andorra\/ca\/wp-json\/wp\/v2\/pages"}],"about":[{"href":"https:\/\/pre.andbank.com\/andorra\/ca\/wp-json\/wp\/v2\/types\/page"}],"author":[{"embeddable":true,"href":"https:\/\/pre.andbank.com\/andorra\/ca\/wp-json\/wp\/v2\/users\/1"}],"replies":[{"embeddable":true,"href":"https:\/\/pre.andbank.com\/andorra\/ca\/wp-json\/wp\/v2\/comments?post=2019"}],"version-history":[{"count":0,"href":"https:\/\/pre.andbank.com\/andorra\/ca\/wp-json\/wp\/v2\/pages\/2019\/revisions"}],"up":[{"embeddable":true,"href":"https:\/\/pre.andbank.com\/andorra\/ca\/wp-json\/wp\/v2\/pages\/2013"}],"wp:featuredmedia":[{"embeddable":true,"href":"https:\/\/pre.andbank.com\/andorra\/ca\/wp-json\/wp\/v2\/media\/1810"}],"wp:attachment":[{"href":"https:\/\/pre.andbank.com\/andorra\/ca\/wp-json\/wp\/v2\/media?parent=2019"}],"wp:term":[{"taxonomy":"yst_prominent_words","embeddable":true,"href":"https:\/\/pre.andbank.com\/andorra\/ca\/wp-json\/wp\/v2\/yst_prominent_words?post=2019"}],"curies":[{"name":"wp","href":"https:\/\/api.w.org\/{rel}","templated":true}]}}