{"id":2018,"date":"2017-04-20T11:01:33","date_gmt":"2017-04-20T09:01:33","guid":{"rendered":"https:\/\/www.andbank.com\/andorra\/banca-a-distancia\/banc-mail\/"},"modified":"2019-11-19T13:41:22","modified_gmt":"2019-11-19T11:41:22","slug":"banc-mail","status":"publish","type":"page","link":"https:\/\/pre.andbank.com\/andorra\/ca\/sobre-nosaltres-2\/banca-a-distancia\/banc-mail\/","title":{"rendered":"Banc mail"},"content":{"rendered":"<p><em>Per qu\u00e8 heu d\u2019esperar a tenir la correspond\u00e8ncia en paper quan la podeu rebre en poques hores al vostre correu electr\u00f2nic?<\/em><\/p>\n<p><strong>El sistema m\u00e9s pr\u00e0ctic per rebre la vostra correspond\u00e8ncia banc\u00e0ria. Un sistema de correspond\u00e8ncia digital que us arribar\u00e0 directament al correu electr\u00f2nic.<\/strong><\/p>\n<h2>Agilitat<\/h2>\n<p>Cada cop que hi hagi un moviment en el vostre compte (transfer\u00e8ncia, pagament de rebuts, cobrament de la n\u00f2mina, pagament de targeta, etc.), rebreu, al dia seg\u00fcent, el document per correu electr\u00f2nic.<\/p>\n<h2>Facilitat<\/h2>\n<p>Donar-se\u2019n d\u2019alta \u00e9s tan f\u00e0cil com anar a qualsevol oficina d\u2019Andbank o entrar al servei de l\u2019e-andbank.<\/p>\n<h2>Seguretat<\/h2>\n<p>Aquest sistema innovador gaudeix de la m\u00e0xima seguretat operativa i d\u2019una \u00f2ptima garantia de confidencialitat per part dels nostres sistemes tecnol\u00f2gics.<\/p>\n<h2>Pr\u00e0ctic<\/h2>\n<p>Podreu eliminar els documents que no us interessen o arxivar els que s\u00f3n m\u00e9s importants.<\/p>\n<h2>Ecol\u00f2gic<\/h2>\n<p>Amb aquest nou servei, Andbank continua la l\u00ednia de pol\u00edtica ambiental i del comprom\u00eds envers el medi ambient reduint i estalviant l\u2019\u00fas de paper.<\/p>\n","protected":false},"excerpt":{"rendered":"<p>La vostra correspond\u00e8ncia a l\u2019instant.<\/p>\n","protected":false},"author":1,"featured_media":1804,"parent":2013,"menu_order":57,"comment_status":"closed","ping_status":"closed","template":"template-detail.php","meta":{"footnotes":""},"yst_prominent_words":[406,5558,5565,5563,5567,157,331,1955,5568,143,5572,5571,3433,1956,113,389,388],"class_list":["post-2018","page","type-page","status-publish","has-post-thumbnail","hentry"],"acf":[],"_links":{"self":[{"href":"https:\/\/pre.andbank.com\/andorra\/ca\/wp-json\/wp\/v2\/pages\/2018"}],"collection":[{"href":"https:\/\/pre.andbank.com\/andorra\/ca\/wp-json\/wp\/v2\/pages"}],"about":[{"href":"https:\/\/pre.andbank.com\/andorra\/ca\/wp-json\/wp\/v2\/types\/page"}],"author":[{"embeddable":true,"href":"https:\/\/pre.andbank.com\/andorra\/ca\/wp-json\/wp\/v2\/users\/1"}],"replies":[{"embeddable":true,"href":"https:\/\/pre.andbank.com\/andorra\/ca\/wp-json\/wp\/v2\/comments?post=2018"}],"version-history":[{"count":0,"href":"https:\/\/pre.andbank.com\/andorra\/ca\/wp-json\/wp\/v2\/pages\/2018\/revisions"}],"up":[{"embeddable":true,"href":"https:\/\/pre.andbank.com\/andorra\/ca\/wp-json\/wp\/v2\/pages\/2013"}],"wp:featuredmedia":[{"embeddable":true,"href":"https:\/\/pre.andbank.com\/andorra\/ca\/wp-json\/wp\/v2\/media\/1804"}],"wp:attachment":[{"href":"https:\/\/pre.andbank.com\/andorra\/ca\/wp-json\/wp\/v2\/media?parent=2018"}],"wp:term":[{"taxonomy":"yst_prominent_words","embeddable":true,"href":"https:\/\/pre.andbank.com\/andorra\/ca\/wp-json\/wp\/v2\/yst_prominent_words?post=2018"}],"curies":[{"name":"wp","href":"https:\/\/api.w.org\/{rel}","templated":true}]}}