{"id":2016,"date":"2017-04-04T13:20:11","date_gmt":"2017-04-04T11:20:11","guid":{"rendered":"https:\/\/www.andbank.com\/andorra\/banca-privada\/gestio-de-patrimonis\/"},"modified":"2019-09-25T14:59:15","modified_gmt":"2019-09-25T12:59:15","slug":"gestio-de-patrimonis","status":"publish","type":"page","link":"https:\/\/pre.andbank.com\/andorra\/ca\/banca-privada\/gestio-de-patrimonis\/","title":{"rendered":"Gesti\u00f3 de patrimonis"},"content":{"rendered":"<p><em>Som conscients que l&#8217;\u00e8xit de la nostra gesti\u00f3 rau fonamentalment en el coneixement del perfil inversor dels clients i en la proposta de solucions d&#8217;inversi\u00f3 innovadores i competitives.<\/em><\/p>\n<h2>Filosofia d&#8217;inversi\u00f3<\/h2>\n<p>Des que es va fundar l&#8217;any 1930, Andbank s&#8217;ha dedicat a gestionar patrimonis, i ha basat la filosofia d&#8217;inversi\u00f3 en la preservaci\u00f3 del capital i en l&#8217;obtenci\u00f3 de rendibilitats sostenibles i consistents tant a mitj\u00e0 termini com a llarg termini.<\/p>\n<p><strong>Els m\u00e9s de 85 anys d&#8217;experi\u00e8ncia ens han perm\u00e8s perfeccionar de manera progressiva l&#8217;estil de gesti\u00f3, fonamentat en una metodologia pr\u00f2pia, que preveu 5 fases d&#8217;actuaci\u00f3:<\/strong><\/p>\n<ul>\n<li>Estudi minuci\u00f3s del perfil de l&#8217;inversor i de les necessitats del client<\/li>\n<li>Definici\u00f3 dels objectius de gesti\u00f3.<\/li>\n<li>Elaboraci\u00f3 i definici\u00f3 de l&#8217;estrat\u00e8gia d&#8217;inversi\u00f3<\/li>\n<li>Execuci\u00f3 i implementaci\u00f3 de les inversions<\/li>\n<li>Seguiment i control dels resultats<\/li>\n<\/ul>\n<p>La nostra ambici\u00f3 \u00e9s assolir l&#8217;excel\u00b7l\u00e8ncia en el servei. Som conscients que l&#8217;\u00e8xit de la nostra gesti\u00f3 rau fonamentalment en el coneixement del perfil inversor dels clients i en la proposta de solucions d&#8217;inversi\u00f3 innovadores i competitives que s&#8217;adiguin amb l&#8217;estrat\u00e8gia definida per a cada un dels nostres clients.<\/p>\n<h2>Planificaci\u00f3 patrimonial<\/h2>\n<p>A Andbank estem conven\u00e7uts que la clau del nostre \u00e8xit com a banquers es basa en una correcta planificaci\u00f3 patrimonial. Ajudem els clients a dissenyar l&#8217;estrat\u00e8gia de gesti\u00f3 que millor s&#8217;adapta a les seves necessitats.<\/p>\n<p><strong>El disseny d&#8217;aquestes estrat\u00e8gies ve determinat per:<\/strong><\/p>\n<ol>\n<li><strong>Optimitzaci\u00f3 del perfil de cartera i diversitat patrimonial, tenint en compte les caracter\u00edstiques espec\u00edfiques de cada client.<\/strong> Aquesta q\u00fcesti\u00f3 \u00e9s fonamental per a professionals que es dediquen a l&#8217;art o a l&#8217;esport i per a clients amb grans creixements patrimonials. A Andbank cada client \u00e9s \u00fanic, de manera que per a nosaltres \u00e9s especialment rellevant definir de forma singular la planificaci\u00f3 patrimonial d&#8217;acord amb les caracter\u00edstiques particulars.<\/li>\n<li><strong>Elecci\u00f3 del productes financers que garanteixin la rendibilitat m\u00e0xima tenint en compte la fiscalitat aplicable.\u00a0<\/strong> La rendibilitat d&#8217;una inversi\u00f3 queda tamb\u00e9 determinada per la tributaci\u00f3 a qu\u00e8 estigui sotm\u00e8s el rendiment obtingut. Per\u00f2, a m\u00e9s de l&#8217;impacte fiscal (tipus impositiu), tamb\u00e9 cal tenir en compte el moment temporal en qu\u00e8 queda subjecta a tributaci\u00f3.<\/li>\n<li><strong>Planificaci\u00f3 success\u00f2ria que s&#8217;adapti als veritables desitjos del client<\/strong>: assist\u00e8ncia en la preparaci\u00f3 de testaments que garanteixin reserves troncals o preparaci\u00f3 de poders preventius.<\/li>\n<\/ol>\n<p>A Andbank sabem que en la definici\u00f3 d&#8217;un pla successori hi ha moltes variables a tenir en compte, com ara la forta c\u00e0rrega afectiva que comporta o la relaci\u00f3 directa amb el dret civil i la normativa fiscal. Aquestes dues q\u00fcestions, tenen un impacte directe en el cam\u00ed que el client defineix per a la successi\u00f3. Per aix\u00f2, som del parer que \u00e9s fonamental que la definici\u00f3 d&#8217;un pla de successi\u00f3 estigui liderada per professionals experts en la mat\u00e8ria.<\/p>\n","protected":false},"excerpt":{"rendered":"<p>Som conscients que l&#8217;\u00e8xit de la nostra gesti\u00f3 rau fonamentalment en el coneixement del perfil inversor dels clients i en la proposta de solucions d&#8217;inversi\u00f3 innovadores i competitives. <\/p>\n","protected":false},"author":1,"featured_media":3425,"parent":2005,"menu_order":240,"comment_status":"closed","ping_status":"closed","template":"template-detail.php","meta":{"footnotes":""},"yst_prominent_words":[],"class_list":["post-2016","page","type-page","status-publish","has-post-thumbnail","hentry"],"acf":[],"_links":{"self":[{"href":"https:\/\/pre.andbank.com\/andorra\/ca\/wp-json\/wp\/v2\/pages\/2016"}],"collection":[{"href":"https:\/\/pre.andbank.com\/andorra\/ca\/wp-json\/wp\/v2\/pages"}],"about":[{"href":"https:\/\/pre.andbank.com\/andorra\/ca\/wp-json\/wp\/v2\/types\/page"}],"author":[{"embeddable":true,"href":"https:\/\/pre.andbank.com\/andorra\/ca\/wp-json\/wp\/v2\/users\/1"}],"replies":[{"embeddable":true,"href":"https:\/\/pre.andbank.com\/andorra\/ca\/wp-json\/wp\/v2\/comments?post=2016"}],"version-history":[{"count":0,"href":"https:\/\/pre.andbank.com\/andorra\/ca\/wp-json\/wp\/v2\/pages\/2016\/revisions"}],"up":[{"embeddable":true,"href":"https:\/\/pre.andbank.com\/andorra\/ca\/wp-json\/wp\/v2\/pages\/2005"}],"wp:featuredmedia":[{"embeddable":true,"href":"https:\/\/pre.andbank.com\/andorra\/ca\/wp-json\/wp\/v2\/media\/3425"}],"wp:attachment":[{"href":"https:\/\/pre.andbank.com\/andorra\/ca\/wp-json\/wp\/v2\/media?parent=2016"}],"wp:term":[{"taxonomy":"yst_prominent_words","embeddable":true,"href":"https:\/\/pre.andbank.com\/andorra\/ca\/wp-json\/wp\/v2\/yst_prominent_words?post=2016"}],"curies":[{"name":"wp","href":"https:\/\/api.w.org\/{rel}","templated":true}]}}