{"id":2014,"date":"2017-04-20T10:56:16","date_gmt":"2017-04-20T08:56:16","guid":{"rendered":"https:\/\/www.andbank.com\/andorra\/banca-a-distancia\/e-andbank\/"},"modified":"2023-03-22T23:41:16","modified_gmt":"2023-03-22T21:41:16","slug":"nou-home-banking-dandbank","status":"publish","type":"page","link":"https:\/\/pre.andbank.com\/andorra\/ca\/sobre-nosaltres-2\/banca-a-distancia\/nou-home-banking-dandbank\/","title":{"rendered":"Home Banking"},"content":{"rendered":"<h3>Tenim la banca online m\u00e9s intu\u00eftiva, \u00e0gil i segura. Gaudir\u00e0 de les millors funcionalitats, per a que pugui treballar c\u00f2modament i disposar de tota la informaci\u00f3 que necessiti per operar amb total llibertat i mobilitat. La plataforma est\u00e0 disponible en quatre idiomes per a facilitar-li les gestions.<\/h3>\n<p>&nbsp;<\/p>\n<div class=\"row\" align=\"center\"><\/div>\n<div class=\"row\">\n<div class=\"col-xs-12 col-ms-8\">\n<h2>Gesti\u00f3 del seu compte personal<\/h2>\n<h3 style=\"text-align: left\">Amb el Home Banking d\u2019Andbank pot gestionar les seves dades personals, accedir als seus documents i consultar la correspond\u00e8ncia.<\/h3>\n<\/div>\n<div class=\"col-xs-12 col-ms-4\"><img loading=\"lazy\" decoding=\"async\" class=\"wp-image-21783 aligncenter\" src=\"https:\/\/www.andbank.com\/andorra\/wp-content\/uploads\/sites\/10\/2017\/04\/p3-2-cat.jpg\" alt=\"\" width=\"333\" height=\"333\"><\/div>\n<\/div>\n<div class=\"row\" align=\"center\"><\/div>\n<div class=\"row\">\n<div class=\"col-xs-12 col-ms-4\"><img loading=\"lazy\" decoding=\"async\" class=\"aligncenter size-full wp-image-8445\" src=\"https:\/\/www.andbank.com\/andorra\/wp-content\/uploads\/sites\/10\/2017\/04\/p5_cat.jpg\" alt=\"\" width=\"275\" height=\"275\"><\/div>\n<div class=\"col-xs-12 col-ms-8\">\n<p>&nbsp;<\/p>\n<h2>Posici\u00f3 global<\/h2>\n<h3>Visualitzi r\u00e0pidament la seva posici\u00f3 global, en qu\u00e8 es mostren tots els productes disponibles. Podr\u00e0 consultar informaci\u00f3 espec\u00edfica del seu compte i disposar\u00e0 d\u2019informaci\u00f3 econ\u00f2mica i les principals campanyes actives.<\/h3>\n<\/div>\n<\/div>\n<div class=\"row\" align=\"center\"><\/div>\n<div class=\"row\">\n<div class=\"col-xs-12 col-ms-8\">\n<p>&nbsp;<\/p>\n<h2>Transfer\u00e8ncies<\/h2>\n<h3>Podr\u00e0 realitzar i gestionar transfer\u00e8ncies, tant entre comptes propis com nacionals i internacionals.<\/h3>\n<\/div>\n<div class=\"col-xs-12 col-ms-4\"><img loading=\"lazy\" decoding=\"async\" class=\"aligncenter size-full wp-image-8433\" src=\"https:\/\/www.andbank.com\/andorra\/wp-content\/uploads\/sites\/10\/2017\/04\/p11_cat.jpg\" alt=\"\" width=\"275\" height=\"275\"><\/div>\n<\/div>\n<div class=\"row\" align=\"center\"><\/div>\n<div class=\"row\">\n<div class=\"col-xs-12 col-ms-4\"><img loading=\"lazy\" decoding=\"async\" class=\"aligncenter size-full wp-image-8445\" src=\"https:\/\/www.andbank.com\/andorra\/wp-content\/uploads\/sites\/10\/2017\/04\/p7_cat.jpg\" alt=\"\" width=\"275\" height=\"275\"><\/div>\n<div class=\"col-xs-12 col-ms-8\">\n<p>&nbsp;<\/p>\n<h2>Targetes<\/h2>\n<h3>En cada moment podr\u00e0 fer un seguiment de totes les operacions que faci amb qualsevol de les seves targetes, podr\u00e0 activar-les o bloquejar-les en cas que sigui convenient.<\/h3>\n<\/div>\n<\/div>\n<div class=\"row\" align=\"center\"><\/div>\n<div class=\"row\">\n<div class=\"col-xs-12 col-ms-8\">\n<p>&nbsp;<\/p>\n<h2>Estalvi<\/h2>\n<h3>Podr\u00e0 consultar el desglossament dels productes lligats a l\u2019estalvi amb informaci\u00f3 sobre la tipologia, la divisa de refer\u00e8ncia, el tipus d\u2019inter\u00e8s, el venciment, el volum i la totalitat de l\u2019import.<\/h3>\n<\/div>\n<div class=\"col-xs-12 col-ms-4\"><img loading=\"lazy\" decoding=\"async\" class=\"aligncenter size-full wp-image-8441\" src=\"https:\/\/www.andbank.com\/andorra\/wp-content\/uploads\/sites\/10\/2017\/04\/p7_cat.jpg\" alt=\"\" width=\"275\" height=\"275\"><\/div>\n<\/div>\n<div class=\"row\" align=\"center\"><\/div>\n<div class=\"row\">\n<div class=\"col-xs-12 col-ms-4\"><img loading=\"lazy\" decoding=\"async\" class=\"aligncenter size-full wp-image-8445\" src=\"https:\/\/www.andbank.com\/andorra\/wp-content\/uploads\/sites\/10\/2017\/04\/p21_cat.jpg\" alt=\"\" width=\"275\" height=\"275\"><\/div>\n<div class=\"col-xs-12 col-ms-8\">\n<p>&nbsp;<\/p>\n<h2>Compravenda de valors i fons<\/h2>\n<h3>Aquesta eina us far\u00e0 m\u00e9s senzilla la manera d&#8217;invertir en l\u00ednia. Disposar\u00e0 d&#8217;una visi\u00f3 global de la cotitzaci\u00f3 dels mercats. Tamb\u00e9 podr\u00e0 accedir a les operacions de compravenda de valors a la seva cartera amb nom\u00e9s un clic.<\/h3>\n<h3>Per accedir-hi nom\u00e9s necessita el mateix usuari que tenia a la versi\u00f3 anterior de la plataforma. Si no t\u00e9 usuari, haur\u00e0 de contactar amb el seu gestor per donar-se d\u2019alta.<\/h3>\n<\/div>\n<\/div>\n<p>&nbsp;<\/p>\n<div style=\"text-align: center\"><a class=\"main-button\" href=\"https:\/\/www.andbank.com\/andorra\/wp-content\/uploads\/sites\/10\/2018\/10\/Andbank-Llibret-Home-banking_A5_cat.pdf\" target=\"_blank\" rel=\"noopener\">M\u00c9S INFORMACI\u00d3<\/a><\/div>\n<p>&nbsp;<\/p>\n<hr>\n","protected":false},"excerpt":{"rendered":"<p>El futur \u00e9s ara. Posem la millor tecnologia al seu servei.<\/p>\n","protected":false},"author":18,"featured_media":21546,"parent":2013,"menu_order":33,"comment_status":"closed","ping_status":"closed","template":"template-detail.php","meta":{"footnotes":""},"yst_prominent_words":[3080,148,7679,1960,6742,7660,2910,737,331,143,4489,3078,7677,3056,3055,7678,3033,7674,337,7676],"class_list":["post-2014","page","type-page","status-publish","has-post-thumbnail","hentry"],"acf":[],"_links":{"self":[{"href":"https:\/\/pre.andbank.com\/andorra\/ca\/wp-json\/wp\/v2\/pages\/2014"}],"collection":[{"href":"https:\/\/pre.andbank.com\/andorra\/ca\/wp-json\/wp\/v2\/pages"}],"about":[{"href":"https:\/\/pre.andbank.com\/andorra\/ca\/wp-json\/wp\/v2\/types\/page"}],"author":[{"embeddable":true,"href":"https:\/\/pre.andbank.com\/andorra\/ca\/wp-json\/wp\/v2\/users\/18"}],"replies":[{"embeddable":true,"href":"https:\/\/pre.andbank.com\/andorra\/ca\/wp-json\/wp\/v2\/comments?post=2014"}],"version-history":[{"count":4,"href":"https:\/\/pre.andbank.com\/andorra\/ca\/wp-json\/wp\/v2\/pages\/2014\/revisions"}],"predecessor-version":[{"id":24960,"href":"https:\/\/pre.andbank.com\/andorra\/ca\/wp-json\/wp\/v2\/pages\/2014\/revisions\/24960"}],"up":[{"embeddable":true,"href":"https:\/\/pre.andbank.com\/andorra\/ca\/wp-json\/wp\/v2\/pages\/2013"}],"wp:featuredmedia":[{"embeddable":true,"href":"https:\/\/pre.andbank.com\/andorra\/ca\/wp-json\/wp\/v2\/media\/21546"}],"wp:attachment":[{"href":"https:\/\/pre.andbank.com\/andorra\/ca\/wp-json\/wp\/v2\/media?parent=2014"}],"wp:term":[{"taxonomy":"yst_prominent_words","embeddable":true,"href":"https:\/\/pre.andbank.com\/andorra\/ca\/wp-json\/wp\/v2\/yst_prominent_words?post=2014"}],"curies":[{"name":"wp","href":"https:\/\/api.w.org\/{rel}","templated":true}]}}