{"id":2012,"date":"2017-04-19T18:00:38","date_gmt":"2017-04-19T16:00:38","guid":{"rendered":"https:\/\/www.andbank.com\/andorra\/empreses\/corporate-andbank\/"},"modified":"2019-11-06T18:09:13","modified_gmt":"2019-11-06T16:09:13","slug":"corporate-andbank","status":"publish","type":"page","link":"https:\/\/pre.andbank.com\/andorra\/ca\/empreses\/corporate-andbank\/","title":{"rendered":"Corporate Andbank"},"content":{"rendered":"<h2>El nostre servei m\u00e9s personal<\/h2>\n<p>El nostre objectiu \u00e9s oferir assessorament, serveis i suport financer a les grans empreses i institucions andorranes, aix\u00ed com als alts directius en el desenvolupament de la seva activitat.<\/p>\n<p>Per aquest motiu, en Corporate no tenim productes estandarditzats, sin\u00f3 solucions personalitzades i les tecnologies m\u00e9s avan\u00e7ades que el vostre gestor personal s&#8217;encarregar\u00e0 de confeccionar a la vostra mida, seguint de manera fidel els vostres desitjos i necessitats.<\/p>\n<ol>\n<li>Gesti\u00f3 integral de pagaments.<\/li>\n<li>Mitjans de pagament.<\/li>\n<li>Finan\u00e7ament promotor i finances.<\/li>\n<li>Solucions personalitzades d\u2019inversi\u00f3.<\/li>\n<li>Negoci internacional.<\/li>\n<li>Comer\u00e7 electr\u00f2nic segur.<\/li>\n<\/ol>\n","protected":false},"excerpt":{"rendered":"<p>El nostre servei m\u00e9s personal El nostre objectiu \u00e9s oferir assessorament, serveis i suport financer a les grans empreses i institucions andorranes, aix\u00ed com als alts directius en el desenvolupament de la seva activitat. Per aquest motiu, en Corporate no tenim productes estandarditzats, sin\u00f3 solucions personalitzades i les tecnologies m\u00e9s avan\u00e7ades que el vostre gestor [&hellip;]<\/p>\n","protected":false},"author":1,"featured_media":5683,"parent":1999,"menu_order":37,"comment_status":"closed","ping_status":"closed","template":"template-distributor.php","meta":{"footnotes":""},"yst_prominent_words":[331,3869,2453,3871,3870,3868],"class_list":["post-2012","page","type-page","status-publish","has-post-thumbnail","hentry"],"acf":[],"_links":{"self":[{"href":"https:\/\/pre.andbank.com\/andorra\/ca\/wp-json\/wp\/v2\/pages\/2012"}],"collection":[{"href":"https:\/\/pre.andbank.com\/andorra\/ca\/wp-json\/wp\/v2\/pages"}],"about":[{"href":"https:\/\/pre.andbank.com\/andorra\/ca\/wp-json\/wp\/v2\/types\/page"}],"author":[{"embeddable":true,"href":"https:\/\/pre.andbank.com\/andorra\/ca\/wp-json\/wp\/v2\/users\/1"}],"replies":[{"embeddable":true,"href":"https:\/\/pre.andbank.com\/andorra\/ca\/wp-json\/wp\/v2\/comments?post=2012"}],"version-history":[{"count":0,"href":"https:\/\/pre.andbank.com\/andorra\/ca\/wp-json\/wp\/v2\/pages\/2012\/revisions"}],"up":[{"embeddable":true,"href":"https:\/\/pre.andbank.com\/andorra\/ca\/wp-json\/wp\/v2\/pages\/1999"}],"wp:featuredmedia":[{"embeddable":true,"href":"https:\/\/pre.andbank.com\/andorra\/ca\/wp-json\/wp\/v2\/media\/5683"}],"wp:attachment":[{"href":"https:\/\/pre.andbank.com\/andorra\/ca\/wp-json\/wp\/v2\/media?parent=2012"}],"wp:term":[{"taxonomy":"yst_prominent_words","embeddable":true,"href":"https:\/\/pre.andbank.com\/andorra\/ca\/wp-json\/wp\/v2\/yst_prominent_words?post=2012"}],"curies":[{"name":"wp","href":"https:\/\/api.w.org\/{rel}","templated":true}]}}