{"id":2011,"date":"2017-04-19T17:59:48","date_gmt":"2017-04-19T15:59:48","guid":{"rendered":"https:\/\/www.andbank.com\/andorra\/empreses\/inversio\/gestio-de-lempresa\/"},"modified":"2019-11-06T17:35:32","modified_gmt":"2019-11-06T15:35:32","slug":"gestio-de-lempresa","status":"publish","type":"page","link":"https:\/\/pre.andbank.com\/andorra\/ca\/empreses\/inversio\/gestio-de-lempresa\/","title":{"rendered":"Gesti\u00f3 de l&#8217;empresa"},"content":{"rendered":"<p>Una gesti\u00f3 \u00f2ptima de l&#8217;empresa i dels seus beneficis \u00e9s important per al seu desenvolupament i creixement.<\/p>\n<p>Per aix\u00f2, estem al vostre costat per aconsellar-vos i oferir-vos el nostre servei a mida i personalitzat, per a cada empresa, per a cada ocasi\u00f3.<\/p>\n<ol>\n<li><strong>Fons d&#8217;inversi\u00f3 \u2013<\/strong> Us oferim una \u00e0mplia gamma de <a href=\"https:\/\/www.andbank.com\/andorra\/ca\/banca-privada\/els-nostres-serveis\/instruments-dinversio\/els-nostres-fons\/\">fons d\u2019inversi\u00f3<\/a> perqu\u00e8 escolliu el que millor s\u2019adapti a la vostra empresa.<\/li>\n<li><strong>Plans d&#8217;estalvi<\/strong>: us oferim un servei de previsi\u00f3 perqu\u00e8 pugueu dissenyar un pla de beneficis socials i cobertura econ\u00f2mica per als empleats de la vostra empresa.<\/li>\n<li><strong>Assessorament global<\/strong>: el nostre equip d&#8217;assessors financers us assessoraran perqu\u00e8 pugueu optar pel projecte que m\u00e9s s&#8217;identifiqui amb la vostra empresa.<\/li>\n<\/ol>\n","protected":false},"excerpt":{"rendered":"<p>Els millors productes fets a mida i pensats per optimitzar els beneficis empresarials.<\/p>\n","protected":false},"author":1,"featured_media":1756,"parent":2009,"menu_order":61,"comment_status":"closed","ping_status":"closed","template":"template-detail.php","meta":{"footnotes":""},"yst_prominent_words":[5346,2932,2919,110,2920,2916,3869,2923,143,5342,5345,5344,5347,1956,389,5343,1888,5341],"class_list":["post-2011","page","type-page","status-publish","has-post-thumbnail","hentry"],"acf":[],"_links":{"self":[{"href":"https:\/\/pre.andbank.com\/andorra\/ca\/wp-json\/wp\/v2\/pages\/2011"}],"collection":[{"href":"https:\/\/pre.andbank.com\/andorra\/ca\/wp-json\/wp\/v2\/pages"}],"about":[{"href":"https:\/\/pre.andbank.com\/andorra\/ca\/wp-json\/wp\/v2\/types\/page"}],"author":[{"embeddable":true,"href":"https:\/\/pre.andbank.com\/andorra\/ca\/wp-json\/wp\/v2\/users\/1"}],"replies":[{"embeddable":true,"href":"https:\/\/pre.andbank.com\/andorra\/ca\/wp-json\/wp\/v2\/comments?post=2011"}],"version-history":[{"count":0,"href":"https:\/\/pre.andbank.com\/andorra\/ca\/wp-json\/wp\/v2\/pages\/2011\/revisions"}],"up":[{"embeddable":true,"href":"https:\/\/pre.andbank.com\/andorra\/ca\/wp-json\/wp\/v2\/pages\/2009"}],"wp:featuredmedia":[{"embeddable":true,"href":"https:\/\/pre.andbank.com\/andorra\/ca\/wp-json\/wp\/v2\/media\/1756"}],"wp:attachment":[{"href":"https:\/\/pre.andbank.com\/andorra\/ca\/wp-json\/wp\/v2\/media?parent=2011"}],"wp:term":[{"taxonomy":"yst_prominent_words","embeddable":true,"href":"https:\/\/pre.andbank.com\/andorra\/ca\/wp-json\/wp\/v2\/yst_prominent_words?post=2011"}],"curies":[{"name":"wp","href":"https:\/\/api.w.org\/{rel}","templated":true}]}}