{"id":2008,"date":"2017-04-19T17:57:45","date_gmt":"2017-04-19T15:57:45","guid":{"rendered":"https:\/\/www.andbank.com\/andorra\/empreses\/financament\/polisa-de-credit\/"},"modified":"2019-11-06T18:03:49","modified_gmt":"2019-11-06T16:03:49","slug":"polissa-de-credit","status":"publish","type":"page","link":"https:\/\/pre.andbank.com\/andorra\/ca\/empreses\/financament\/polissa-de-credit\/","title":{"rendered":"P\u00f2lisa de cr\u00e8dit"},"content":{"rendered":"<h2>Avantatges de la p\u00f2lissa de cr\u00e8dit:<\/h2>\n<ol>\n<li>Es paguen interessos nom\u00e9s per la quantitat disposada.<\/li>\n<li>Per la seva condici\u00f3 de compte corrent, us permet canalitzar les operacions habituals de la vostra empresa.<\/li>\n<li>Consulta del saldo utilitzat per Internet a trav\u00e9s d&#8217;e-andbank empreses.<\/li>\n<\/ol>\n","protected":false},"excerpt":{"rendered":"<p>La p\u00f2lissa de cr\u00e8dit \u00e9s un cr\u00e8dit en compte corrent que us permetr\u00e0 finan\u00e7ar el capital circulant d&#8217;una manera m\u00e9s flexible.<\/p>\n","protected":false},"author":1,"featured_media":1774,"parent":2004,"menu_order":77,"comment_status":"closed","ping_status":"closed","template":"template-detail.php","meta":{"footnotes":""},"yst_prominent_words":[143],"class_list":["post-2008","page","type-page","status-publish","has-post-thumbnail","hentry"],"acf":[],"_links":{"self":[{"href":"https:\/\/pre.andbank.com\/andorra\/ca\/wp-json\/wp\/v2\/pages\/2008"}],"collection":[{"href":"https:\/\/pre.andbank.com\/andorra\/ca\/wp-json\/wp\/v2\/pages"}],"about":[{"href":"https:\/\/pre.andbank.com\/andorra\/ca\/wp-json\/wp\/v2\/types\/page"}],"author":[{"embeddable":true,"href":"https:\/\/pre.andbank.com\/andorra\/ca\/wp-json\/wp\/v2\/users\/1"}],"replies":[{"embeddable":true,"href":"https:\/\/pre.andbank.com\/andorra\/ca\/wp-json\/wp\/v2\/comments?post=2008"}],"version-history":[{"count":0,"href":"https:\/\/pre.andbank.com\/andorra\/ca\/wp-json\/wp\/v2\/pages\/2008\/revisions"}],"up":[{"embeddable":true,"href":"https:\/\/pre.andbank.com\/andorra\/ca\/wp-json\/wp\/v2\/pages\/2004"}],"wp:featuredmedia":[{"embeddable":true,"href":"https:\/\/pre.andbank.com\/andorra\/ca\/wp-json\/wp\/v2\/media\/1774"}],"wp:attachment":[{"href":"https:\/\/pre.andbank.com\/andorra\/ca\/wp-json\/wp\/v2\/media?parent=2008"}],"wp:term":[{"taxonomy":"yst_prominent_words","embeddable":true,"href":"https:\/\/pre.andbank.com\/andorra\/ca\/wp-json\/wp\/v2\/yst_prominent_words?post=2008"}],"curies":[{"name":"wp","href":"https:\/\/api.w.org\/{rel}","templated":true}]}}