{"id":2005,"date":"2017-04-04T13:19:25","date_gmt":"2017-04-04T11:19:25","guid":{"rendered":"https:\/\/www.andbank.com\/andorra\/banca-privada\/"},"modified":"2019-09-25T13:06:13","modified_gmt":"2019-09-25T11:06:13","slug":"banca-privada","status":"publish","type":"page","link":"https:\/\/pre.andbank.com\/andorra\/ca\/banca-privada\/","title":{"rendered":"Banca Privada"},"content":{"rendered":"<p><strong>Independ\u00e8ncia<\/strong>, <strong>experi\u00e8ncia<\/strong> i <strong>especialitzaci\u00f3<\/strong> s\u00f3n els trets que ens defineixen. La clau de l&#8217;\u00e8xit rau en un m\u00e8tode perfeccionat al llarg dels m\u00e9s de 85 anys d&#8217;experi\u00e8ncia que permet un exhaustiu control del risc a trav\u00e9s de les eines m\u00e9s avan\u00e7ades.<\/p>\n","protected":false},"excerpt":{"rendered":"<p>Independ\u00e8ncia, experi\u00e8ncia i especialitzaci\u00f3 s\u00f3n els trets que ens defineixen. La clau de l&#8217;\u00e8xit rau en un m\u00e8tode perfeccionat al llarg dels m\u00e9s de 85 anys d&#8217;experi\u00e8ncia que permet un exhaustiu control del risc a trav\u00e9s de les eines m\u00e9s avan\u00e7ades.<\/p>\n","protected":false},"author":1,"featured_media":1897,"parent":0,"menu_order":256,"comment_status":"closed","ping_status":"closed","template":"template-distributor.php","meta":{"footnotes":""},"yst_prominent_words":[331],"class_list":["post-2005","page","type-page","status-publish","has-post-thumbnail","hentry"],"acf":[],"_links":{"self":[{"href":"https:\/\/pre.andbank.com\/andorra\/ca\/wp-json\/wp\/v2\/pages\/2005"}],"collection":[{"href":"https:\/\/pre.andbank.com\/andorra\/ca\/wp-json\/wp\/v2\/pages"}],"about":[{"href":"https:\/\/pre.andbank.com\/andorra\/ca\/wp-json\/wp\/v2\/types\/page"}],"author":[{"embeddable":true,"href":"https:\/\/pre.andbank.com\/andorra\/ca\/wp-json\/wp\/v2\/users\/1"}],"replies":[{"embeddable":true,"href":"https:\/\/pre.andbank.com\/andorra\/ca\/wp-json\/wp\/v2\/comments?post=2005"}],"version-history":[{"count":0,"href":"https:\/\/pre.andbank.com\/andorra\/ca\/wp-json\/wp\/v2\/pages\/2005\/revisions"}],"wp:featuredmedia":[{"embeddable":true,"href":"https:\/\/pre.andbank.com\/andorra\/ca\/wp-json\/wp\/v2\/media\/1897"}],"wp:attachment":[{"href":"https:\/\/pre.andbank.com\/andorra\/ca\/wp-json\/wp\/v2\/media?parent=2005"}],"wp:term":[{"taxonomy":"yst_prominent_words","embeddable":true,"href":"https:\/\/pre.andbank.com\/andorra\/ca\/wp-json\/wp\/v2\/yst_prominent_words?post=2005"}],"curies":[{"name":"wp","href":"https:\/\/api.w.org\/{rel}","templated":true}]}}