{"id":2002,"date":"2017-04-19T17:54:38","date_gmt":"2017-04-19T15:54:38","guid":{"rendered":"https:\/\/www.andbank.com\/andorra\/empreses\/cobraments-i-pagaments\/rebuts-domiciliats\/"},"modified":"2019-10-23T15:12:30","modified_gmt":"2019-10-23T13:12:30","slug":"rebuts-domiciliats","status":"publish","type":"page","link":"https:\/\/pre.andbank.com\/andorra\/ca\/empreses\/cobraments-i-pagaments\/rebuts-domiciliats\/","title":{"rendered":"Rebuts domiciliats"},"content":{"rendered":"<h2>Quins avantatges t\u00e9?<\/h2>\n<ul>\n<li>Redueix els costos i les despeses d\u2019administraci\u00f3 en traspassar tota la gesti\u00f3 dels pagaments al banc, simplificar-ne l\u2019operativa i eliminar burocr\u00e0cia.<\/li>\n<li>Evita errors en permetre la gesti\u00f3 integral dels pagaments.<\/li>\n<li>Us permet revocar les ordres de pagament abans del seu venciment.<\/li>\n<\/ul>\n<p><strong>Aprofiteu tamb\u00e9 els avantatges que us ofereix el nostre servei de domiciliaci\u00f3 de n\u00f2mines per e-andbank empreses.<\/strong><\/p>\n<ol>\n<li>Senzillesa d\u2019\u00fas de l\u2019aplicaci\u00f3.<\/li>\n<li>Seguretat en l\u2019\u00fas dels nostres sistemes inform\u00e0tics.<\/li>\n<li>Agilitat i rapidesa en el cobrament de les n\u00f2mines.<\/li>\n<li>Estalvi de costos de despla\u00e7ament en poder utilitzar el nostre servei des de qualsevol lloc.<\/li>\n<\/ol>\n","protected":false},"excerpt":{"rendered":"<p>En Andbank us facilitem la gesti\u00f3 peri\u00f2dica amb el nostre servei de domiciliacions. Us oferim un servei c\u00f2mode i r\u00e0pid per tramitar tots els pagaments de la vostra empresa.<\/p>\n","protected":false},"author":1,"featured_media":1738,"parent":2000,"menu_order":81,"comment_status":"closed","ping_status":"closed","template":"template-detail.php","meta":{"footnotes":""},"yst_prominent_words":[392,5201,393,5196,157,162,5205,3869,5198,4885,1956,389],"class_list":["post-2002","page","type-page","status-publish","has-post-thumbnail","hentry"],"acf":[],"_links":{"self":[{"href":"https:\/\/pre.andbank.com\/andorra\/ca\/wp-json\/wp\/v2\/pages\/2002"}],"collection":[{"href":"https:\/\/pre.andbank.com\/andorra\/ca\/wp-json\/wp\/v2\/pages"}],"about":[{"href":"https:\/\/pre.andbank.com\/andorra\/ca\/wp-json\/wp\/v2\/types\/page"}],"author":[{"embeddable":true,"href":"https:\/\/pre.andbank.com\/andorra\/ca\/wp-json\/wp\/v2\/users\/1"}],"replies":[{"embeddable":true,"href":"https:\/\/pre.andbank.com\/andorra\/ca\/wp-json\/wp\/v2\/comments?post=2002"}],"version-history":[{"count":0,"href":"https:\/\/pre.andbank.com\/andorra\/ca\/wp-json\/wp\/v2\/pages\/2002\/revisions"}],"up":[{"embeddable":true,"href":"https:\/\/pre.andbank.com\/andorra\/ca\/wp-json\/wp\/v2\/pages\/2000"}],"wp:featuredmedia":[{"embeddable":true,"href":"https:\/\/pre.andbank.com\/andorra\/ca\/wp-json\/wp\/v2\/media\/1738"}],"wp:attachment":[{"href":"https:\/\/pre.andbank.com\/andorra\/ca\/wp-json\/wp\/v2\/media?parent=2002"}],"wp:term":[{"taxonomy":"yst_prominent_words","embeddable":true,"href":"https:\/\/pre.andbank.com\/andorra\/ca\/wp-json\/wp\/v2\/yst_prominent_words?post=2002"}],"curies":[{"name":"wp","href":"https:\/\/api.w.org\/{rel}","templated":true}]}}