{"id":2001,"date":"2017-04-19T17:54:32","date_gmt":"2017-04-19T15:54:32","guid":{"rendered":"https:\/\/www.andbank.com\/andorra\/empreses\/cobraments-i-pagaments\/compres-segures-tpv-virtual\/"},"modified":"2019-10-23T13:06:36","modified_gmt":"2019-10-23T11:06:36","slug":"compres-segures-tpv-virtual","status":"publish","type":"page","link":"https:\/\/pre.andbank.com\/andorra\/ca\/empreses\/cobraments-i-pagaments\/compres-segures-tpv-virtual\/","title":{"rendered":"Compres segures amb un TPV virtual"},"content":{"rendered":"<p>Per adaptar-nos a les recomanacions dels organismes de pagament internacionals Visa, us oferim el model de compres segures per Internet Verified by Visa.<\/p>\n<ol>\n<li>Ara ja podeu adaptar el nou sistema de pagament segur per Internet al vostre TPV virtual. Un model de comer\u00e7 electr\u00f2nic gratu\u00eft que permet realitzar transaccions de pagament segures.<\/li>\n<li>La seguretat i la integritat del proc\u00e9s de pagament, mitjan\u00e7ant el servidor del TPV virtual d&#8217;Andbank, estan assegurades per l&#8217;autenticaci\u00f3 de totes les parts que hi intervenen.<\/li>\n<li>Donar-se d\u2019alta en el sistema Verified by Visa \u00e9s ben senzill: nom\u00e9s heu de passar per l\u2019oficina habitual perqu\u00e8 el gestor us doni les instruccions necess\u00e0ries i us faciliti el formulari d\u2019alta en el servei, que tamb\u00e9 podeu emplenar des d\u2019aquesta p\u00e0gina.<\/li>\n<\/ol>\n<p>Voleu con\u00e8ixer millor quin \u00e9s el servei m\u00e9s segur per a les vostres compres per Internet?\u00a0<a href=\"https:\/\/www.visaeurope.es\/confianza-visa\/compras-verified-by-visa\" target=\"_blank\" rel=\"noopener\">Visiteu Verified By Visa<\/a><\/p>\n","protected":false},"excerpt":{"rendered":"<p>Seguretat m\u00e0xima en els pagaments<\/p>\n","protected":false},"author":1,"featured_media":1732,"parent":2000,"menu_order":73,"comment_status":"closed","ping_status":"closed","template":"template-detail.php","meta":{"footnotes":""},"yst_prominent_words":[5077,5171,1889,4737,5183,1955,143,1885,3242,5188,5179,5184,113,4860,5181,389,5176,5170,5169,1602],"class_list":["post-2001","page","type-page","status-publish","has-post-thumbnail","hentry"],"acf":[],"_links":{"self":[{"href":"https:\/\/pre.andbank.com\/andorra\/ca\/wp-json\/wp\/v2\/pages\/2001"}],"collection":[{"href":"https:\/\/pre.andbank.com\/andorra\/ca\/wp-json\/wp\/v2\/pages"}],"about":[{"href":"https:\/\/pre.andbank.com\/andorra\/ca\/wp-json\/wp\/v2\/types\/page"}],"author":[{"embeddable":true,"href":"https:\/\/pre.andbank.com\/andorra\/ca\/wp-json\/wp\/v2\/users\/1"}],"replies":[{"embeddable":true,"href":"https:\/\/pre.andbank.com\/andorra\/ca\/wp-json\/wp\/v2\/comments?post=2001"}],"version-history":[{"count":0,"href":"https:\/\/pre.andbank.com\/andorra\/ca\/wp-json\/wp\/v2\/pages\/2001\/revisions"}],"up":[{"embeddable":true,"href":"https:\/\/pre.andbank.com\/andorra\/ca\/wp-json\/wp\/v2\/pages\/2000"}],"wp:featuredmedia":[{"embeddable":true,"href":"https:\/\/pre.andbank.com\/andorra\/ca\/wp-json\/wp\/v2\/media\/1732"}],"wp:attachment":[{"href":"https:\/\/pre.andbank.com\/andorra\/ca\/wp-json\/wp\/v2\/media?parent=2001"}],"wp:term":[{"taxonomy":"yst_prominent_words","embeddable":true,"href":"https:\/\/pre.andbank.com\/andorra\/ca\/wp-json\/wp\/v2\/yst_prominent_words?post=2001"}],"curies":[{"name":"wp","href":"https:\/\/api.w.org\/{rel}","templated":true}]}}