{"id":1998,"date":"2017-04-19T17:48:26","date_gmt":"2017-04-19T15:48:26","guid":{"rendered":"https:\/\/www.andbank.com\/andorra\/particulars\/assegurances\/andsalut\/"},"modified":"2021-04-13T12:53:13","modified_gmt":"2021-04-13T10:53:13","slug":"andsalut","status":"publish","type":"page","link":"https:\/\/pre.andbank.com\/andorra\/ca\/particulars\/assegurances\/andsalut\/","title":{"rendered":"AndSalut"},"content":{"rendered":"<h2>Assist\u00e8ncia Sanit\u00e0ria AndSalut<\/h2>\n<p>Andbank Assegurances crea un cobertura vital\u00edcia d\u2019assist\u00e8ncia sanit\u00e0ria com a complement a AndVida amb l\u2019objectiu d\u2019oferir una asseguran\u00e7a de salut adaptada a les vostres necessitats i que respongui a la realitat sanit\u00e0ria.<\/p>\n<h2>Andbank Assegurances ofereix tres modalitats d&#8217;AndSalut<\/h2>\n<ul>\n<li><strong>AndSalut<\/strong>: cobertura de totes les despeses concertades fins al 100\u00a0% de les tarifes de responsabilitat de la CASS. Actes no concertats amb la CASS: cobertura de fins un 58\u00a0%.<\/li>\n<li><strong>AndSalut \u00d2ptima<\/strong>: A m\u00e9s de les cobertures d&#8217;AndSalut, cobreix actes no inclosos per la CASS, com les pr\u00f3tesis dentals, \u00f2ptica o les sessions de quiropr\u00e0ctica i osteopatia.<\/li>\n<li><strong>AndSalut Plus<\/strong>: cobertura de fins al 100\u00a0% dels costos reals no coberts per la CASS, amb llibertat total d&#8217;elecci\u00f3 de metges i hospitals, sense l\u00edmit geogr\u00e0fic o especialitat.<\/li>\n<\/ul>\n<p>Amb noves prestacions i les millors condicions perqu\u00e8 no tingueu cap dubte a contractar-les.<\/p>\n<h2>Baixa laboral<\/h2>\n<p>Garanteix el suport econ\u00f2mic en cas de baixa laboral a causa de malaltia o accident, tant per als assalariats com per als treballadors per compte propi.<\/p>\n<p>&nbsp;<\/p>\n<h5>M\u00e9s informaci\u00f3<\/h5>\n<p>Si voleu m\u00e9s informaci\u00f3 sobre AndSalut, feu clic <a href=\"https:\/\/www.andbank.com\/andorra\/wp-content\/uploads\/sites\/10\/2017\/04\/Diptic-Andsalut-2020-JULIOL.pdf\" target=\"_blank\" rel=\"noopener\"><b>aqu\u00ed<\/b><\/a><\/p>\n<p>Consulteu amb el vostre gestor o amb Andbank Assegurances, tel. +376 881 965, qualsevol dubte o informaci\u00f3 que necessiteu.<\/p>\n","protected":false},"excerpt":{"rendered":"<p>La vostra asseguran\u00e7a en bones mans<\/p>\n","protected":false},"author":1,"featured_media":4477,"parent":1996,"menu_order":97,"comment_status":"closed","ping_status":"closed","template":"template-detail.php","meta":{"footnotes":""},"yst_prominent_words":[4168,107,4159,4163,4166,4162,4167,4164,4161,408,4173,2684,4160,737,331,4172,143,1980,4174,4165],"class_list":["post-1998","page","type-page","status-publish","has-post-thumbnail","hentry"],"acf":[],"_links":{"self":[{"href":"https:\/\/pre.andbank.com\/andorra\/ca\/wp-json\/wp\/v2\/pages\/1998"}],"collection":[{"href":"https:\/\/pre.andbank.com\/andorra\/ca\/wp-json\/wp\/v2\/pages"}],"about":[{"href":"https:\/\/pre.andbank.com\/andorra\/ca\/wp-json\/wp\/v2\/types\/page"}],"author":[{"embeddable":true,"href":"https:\/\/pre.andbank.com\/andorra\/ca\/wp-json\/wp\/v2\/users\/1"}],"replies":[{"embeddable":true,"href":"https:\/\/pre.andbank.com\/andorra\/ca\/wp-json\/wp\/v2\/comments?post=1998"}],"version-history":[{"count":0,"href":"https:\/\/pre.andbank.com\/andorra\/ca\/wp-json\/wp\/v2\/pages\/1998\/revisions"}],"up":[{"embeddable":true,"href":"https:\/\/pre.andbank.com\/andorra\/ca\/wp-json\/wp\/v2\/pages\/1996"}],"wp:featuredmedia":[{"embeddable":true,"href":"https:\/\/pre.andbank.com\/andorra\/ca\/wp-json\/wp\/v2\/media\/4477"}],"wp:attachment":[{"href":"https:\/\/pre.andbank.com\/andorra\/ca\/wp-json\/wp\/v2\/media?parent=1998"}],"wp:term":[{"taxonomy":"yst_prominent_words","embeddable":true,"href":"https:\/\/pre.andbank.com\/andorra\/ca\/wp-json\/wp\/v2\/yst_prominent_words?post=1998"}],"curies":[{"name":"wp","href":"https:\/\/api.w.org\/{rel}","templated":true}]}}