{"id":1991,"date":"2017-04-19T17:13:19","date_gmt":"2017-04-19T15:13:19","guid":{"rendered":"https:\/\/www.andbank.com\/andorra\/particulars\/estalvi-i-inversio\/inversio\/"},"modified":"2023-06-21T19:56:38","modified_gmt":"2023-06-21T17:56:38","slug":"inversio","status":"publish","type":"page","link":"https:\/\/pre.andbank.com\/andorra\/ca\/particulars\/estalvi-i-inversio\/inversio\/","title":{"rendered":"Inversi\u00f3"},"content":{"rendered":"<h2>Conegueu els nostres serveis d\u2019inversi\u00f3<\/h2>\n<ul>\n<li>\u00a0Fons d&#8217;inversi\u00f3. Oferim una \u00e0mplia gamma de <a href=\"https:\/\/www.andbank.com\/andorra\/ca\/banca-privada\/els-nostres-serveis\/instruments-dinversio\/els-nostres-fons\/\">fons d\u2019inversi\u00f3<\/a> per triar.<\/li>\n<li>Ordre de gesti\u00f3.<\/li>\n<\/ul>\n<p>&nbsp;<\/p>\n<p>&nbsp;<\/p>\n<p>Si voleu m\u00e9s informaci\u00f3 podeu consultar amb el vostre gestor o trucar al tel\u00e8fon <strong>+376 873 300<\/strong> i respondrem a totes les vostres preguntes.<\/p>\n","protected":false},"excerpt":{"rendered":"<p>En Andbank oferim solucions d\u2019inversi\u00f3 adaptades al perfil de cada un dels nostres inversors.<\/p>\n","protected":false},"author":18,"featured_media":1675,"parent":1987,"menu_order":130,"comment_status":"closed","ping_status":"closed","template":"template-detail.php","meta":{"footnotes":""},"yst_prominent_words":[2919,2920,2916],"class_list":["post-1991","page","type-page","status-publish","has-post-thumbnail","hentry"],"acf":[],"_links":{"self":[{"href":"https:\/\/pre.andbank.com\/andorra\/ca\/wp-json\/wp\/v2\/pages\/1991"}],"collection":[{"href":"https:\/\/pre.andbank.com\/andorra\/ca\/wp-json\/wp\/v2\/pages"}],"about":[{"href":"https:\/\/pre.andbank.com\/andorra\/ca\/wp-json\/wp\/v2\/types\/page"}],"author":[{"embeddable":true,"href":"https:\/\/pre.andbank.com\/andorra\/ca\/wp-json\/wp\/v2\/users\/18"}],"replies":[{"embeddable":true,"href":"https:\/\/pre.andbank.com\/andorra\/ca\/wp-json\/wp\/v2\/comments?post=1991"}],"version-history":[{"count":1,"href":"https:\/\/pre.andbank.com\/andorra\/ca\/wp-json\/wp\/v2\/pages\/1991\/revisions"}],"predecessor-version":[{"id":25127,"href":"https:\/\/pre.andbank.com\/andorra\/ca\/wp-json\/wp\/v2\/pages\/1991\/revisions\/25127"}],"up":[{"embeddable":true,"href":"https:\/\/pre.andbank.com\/andorra\/ca\/wp-json\/wp\/v2\/pages\/1987"}],"wp:featuredmedia":[{"embeddable":true,"href":"https:\/\/pre.andbank.com\/andorra\/ca\/wp-json\/wp\/v2\/media\/1675"}],"wp:attachment":[{"href":"https:\/\/pre.andbank.com\/andorra\/ca\/wp-json\/wp\/v2\/media?parent=1991"}],"wp:term":[{"taxonomy":"yst_prominent_words","embeddable":true,"href":"https:\/\/pre.andbank.com\/andorra\/ca\/wp-json\/wp\/v2\/yst_prominent_words?post=1991"}],"curies":[{"name":"wp","href":"https:\/\/api.w.org\/{rel}","templated":true}]}}