{"id":1984,"date":"2017-04-19T17:03:22","date_gmt":"2017-04-19T15:03:22","guid":{"rendered":"https:\/\/www.andbank.com\/andorra\/particulars\/comptes-i-targetes\/targetes\/targeta-de-debit\/"},"modified":"2023-11-10T13:41:57","modified_gmt":"2023-11-10T11:41:57","slug":"targeta-de-debit","status":"publish","type":"page","link":"https:\/\/pre.andbank.com\/andorra\/ca\/particulars\/comptes-i-targetes\/targetes\/targeta-de-debit\/","title":{"rendered":"Targeta de d\u00e8bit"},"content":{"rendered":"<p>La millor soluci\u00f3 per controlar el vostre compte, en qualsevol moment i a qualsevol lloc.<\/p>\n<h2>Avantatges de la targeta Visa D\u00e8bit<\/h2>\n<ul>\n<li><b>Tranquil\u00b7litat total<\/b>. Podeu controlar el c\u00e0rrec de la vostra compra en qualsevol moment, ja que \u00e9s instantani: la compra que feu es carregar\u00e0 al vostre compte de manera immediata.<\/li>\n<li><strong>Seguretat<\/strong>.<b> <\/b>M\u00e0xima seguretat contra l&#8217;\u00fas fraudulent gr\u00e0cies a la tecnologia EMV (xip), aix\u00ed com a un control met\u00f2dic per a detectar operacions fraudulentes.<\/li>\n<li><strong>Asseguran\u00e7a antifrau opcional. <\/strong>Podeu tenir una asseguran\u00e7a antifrau de 9,75 \u20ac anuals que us cobrir\u00e0 contra la p\u00e8rdua o el robatori de la vostra targeta.<\/li>\n<li><b>Descomptes<\/b> en benzineres a Andorra del Grup Artal, Cepsa i Elf, aix\u00ed com a comer\u00e7os afiliats.<\/li>\n<\/ul>\n<h2>Caracter\u00edstiques<\/h2>\n<ul>\n<li>Sistema de pagament <b><i>Contactless<\/i><\/b> que permet un pagament r\u00e0pid, c\u00f2mode i segur: nom\u00e9s cal acostar la targeta al terminal de venda TPV.<\/li>\n<\/ul>\n<ul>\n<li><b>Compres segures <\/b>per Internet <i>Visa Secure<\/i>. Protegiu amb un codi personal la vostra targeta Visa en les compres per Internet. L\u2019\u00fanic servei que garanteix l\u2019autenticaci\u00f3 i identificaci\u00f3 dels usuaris de les targetes i dels comer\u00e7os electr\u00f2nics adherits.<\/li>\n<\/ul>\n<ul>\n<li style=\"list-style-type: none\">\n<ul>\n<li><b>Servei d&#8217;av\u00eds per SMS<\/b>. Us avisem per SMS de les compres que efectueu amb la vostra targeta cada vegada que realitzeu una operaci\u00f3 superior a 50 \u20ac. Rebreu un SMS en el m\u00f2bil que us avisar\u00e0 de l&#8217;import de la vostra compra i de l&#8217;empresa o comer\u00e7 on l&#8217;heu efectuat.<\/li>\n<\/ul>\n<\/li>\n<\/ul>\n<h6>Cost del servei: 1,00 \u20ac mensual<\/h6>\n<h4><\/h4>\n<h4>Tel. d&#8217;urg\u00e8ncia en cas de p\u00e8rdua o robatori:<\/h4>\n<p><a href=\"tel:+376739039\">+376 739 039<\/a><br \/>\n<a href=\"tel:+34913626200\">+34 913 62 62 00<\/a><br \/>\n<a href=\"tel:+18008472911\">+1 800 847 29 11 (EEUU)<\/a><\/p>\n<h6><strong>*Cobertures de l\u2019asseguran\u00e7a antifrau.<\/strong><\/p>\n<p>&#8211; L\u2019asseguran\u00e7a antifrau cobreix la p\u00e8rdua, furt o robatori de la targeta. Inclouen les compres fetes amb la targeta, les disposicions d\u2019efectiu per caixer, aix\u00ed com les operacions per internet i per tel\u00e8fon.<\/h6>\n<p>&#8211; La cobertura de sinistres ocasionats per aquests casos assegura fins a les seg\u00fcents indemnitzacions:<\/p>\n<ul>\n<li>Targeta Electron: 1.500 euros per sinistre<\/li>\n<li>Targeta Classic: 3.000 euros per sinistre<\/li>\n<li>Targeta Or: 6.000 euros per sinistre<\/li>\n<li>Targeta Platinum: 12.000 euros per sinistre<\/li>\n<\/ul>\n<p>&#8211; L\u2019asseguran\u00e7a t\u00e9 un l\u00edmit de fins a 35 operacions.<br \/>\n&#8211; Fins a 72 hores anteriors al moment en qu\u00e8 s\u2019ha posat la den\u00fancia, la qual s\u2019ha d\u2019haver presentat en els darrers 45 dies.<\/p>\n","protected":false},"excerpt":{"rendered":"<p>Podeu disposar del compte en qualsevol moment. <\/p>\n","protected":false},"author":32,"featured_media":25360,"parent":1982,"menu_order":109,"comment_status":"closed","ping_status":"closed","template":"template-detail.php","meta":{"footnotes":""},"yst_prominent_words":[3748,146,5703,1884,4732,1889,5702,394,1885,5701,1886,3180,4738,5704,1882,1602,1888,4739,1881,4718],"class_list":["post-1984","page","type-page","status-publish","has-post-thumbnail","hentry"],"acf":[],"_links":{"self":[{"href":"https:\/\/pre.andbank.com\/andorra\/ca\/wp-json\/wp\/v2\/pages\/1984"}],"collection":[{"href":"https:\/\/pre.andbank.com\/andorra\/ca\/wp-json\/wp\/v2\/pages"}],"about":[{"href":"https:\/\/pre.andbank.com\/andorra\/ca\/wp-json\/wp\/v2\/types\/page"}],"author":[{"embeddable":true,"href":"https:\/\/pre.andbank.com\/andorra\/ca\/wp-json\/wp\/v2\/users\/32"}],"replies":[{"embeddable":true,"href":"https:\/\/pre.andbank.com\/andorra\/ca\/wp-json\/wp\/v2\/comments?post=1984"}],"version-history":[{"count":2,"href":"https:\/\/pre.andbank.com\/andorra\/ca\/wp-json\/wp\/v2\/pages\/1984\/revisions"}],"predecessor-version":[{"id":25420,"href":"https:\/\/pre.andbank.com\/andorra\/ca\/wp-json\/wp\/v2\/pages\/1984\/revisions\/25420"}],"up":[{"embeddable":true,"href":"https:\/\/pre.andbank.com\/andorra\/ca\/wp-json\/wp\/v2\/pages\/1982"}],"wp:featuredmedia":[{"embeddable":true,"href":"https:\/\/pre.andbank.com\/andorra\/ca\/wp-json\/wp\/v2\/media\/25360"}],"wp:attachment":[{"href":"https:\/\/pre.andbank.com\/andorra\/ca\/wp-json\/wp\/v2\/media?parent=1984"}],"wp:term":[{"taxonomy":"yst_prominent_words","embeddable":true,"href":"https:\/\/pre.andbank.com\/andorra\/ca\/wp-json\/wp\/v2\/yst_prominent_words?post=1984"}],"curies":[{"name":"wp","href":"https:\/\/api.w.org\/{rel}","templated":true}]}}