{"id":1981,"date":"2017-04-19T16:57:41","date_gmt":"2017-04-19T14:57:41","guid":{"rendered":"https:\/\/www.andbank.com\/andorra\/particulars\/comptes-i-targetes\/compte-jove\/"},"modified":"2019-10-22T12:59:01","modified_gmt":"2019-10-22T10:59:01","slug":"compte-amic-estalvi-andbank","status":"publish","type":"page","link":"https:\/\/pre.andbank.com\/andorra\/ca\/particulars\/comptes-i-targetes\/compte-amic-estalvi-andbank\/","title":{"rendered":"Compte Amic"},"content":{"rendered":"<h3>Compte Amic &#8211; El compte dels experts en cr\u00e9ixer<\/h3>\n<p>&nbsp;<\/p>\n<p>El nou Compte Amic \u00e9s un compte corrent pensat per als m\u00e9s joves de la casa en el qual podran dipositar els seus estalvis tot gaudint d\u2019avantatges i obsequis<\/p>\n<h4>Caracter\u00edstiques del compte<\/h4>\n<p>\u2022 De 0 a 18 anys<br \/>\n\u2022 Compte totalment gratu\u00eft, sense comissions d\u2019obertura, de manteniment o d\u2019inactivitat<br \/>\n\u2022 Compte corrent remunerat al 0,10 %<br \/>\n\u2022 Disponibilitat d\u2019efectiu immediat i sense penalitzaci\u00f3<br \/>\n\u2022 Possibilitat d\u2019una targeta Visa Electron d\u2019Andbank gratu\u00efta per als joves de m\u00e9s de 14 anys<\/p>\n<p>El Compte Amic t\u00e9 com a protagonistes dos germans, la Can\u00f2lich i el Cerni, els seus amics, l\u2019Anna i l\u2019Esteve, i la seva mascota, el Roc. Amb aquests personatges, creats per l\u2019artista Pilar\u00edn Bay\u00e9s, les nenes i els nens se sentiran for\u00e7a identificats i els petits aprendran a familiaritzar-se amb els seus estalvis.<\/p>\n<p>Obriu un Compte Amic i recolliu l\u2019obsequi de benvinguda per al vostre fill.<\/p>\n<p>&nbsp;<\/p>\n<h5>Condicions particulars:<\/h5>\n<p>\u2022 Campanya dirigida als residents d\u2019Andorra en general.<br \/>\n\u2022 El titular del compte ha de ser un \u00fanic menor de 18 anys amb, com a m\u00ednim, un tutor responsable de l\u2019operativa com apoderat.<br \/>\n\u2022 Remuneraci\u00f3 del compte corrent amb un tipus d\u2019inter\u00e8s del 0,10 % amb liquidaci\u00f3 trimestral, segons condicions vigents i revisable anualment. Rendiment subjecte a efectes d&#8217;IRPF.<br \/>\n\u2022 Possibilitat de cancel\u00b7laci\u00f3 del compte.<br \/>\n\u2022 A partir dels 18 anys del titular, la modalitat del contracte Compte Amic canvia a compte corrent tradicional.<br \/>\n\u2022 Per a l\u2019obertura del compte \u00e9s necessari un document d\u2019identificaci\u00f3 del titular i del\/s apoderat\/s, aix\u00ed com la justificaci\u00f3 de l\u2019origen dels fons.<br \/>\n\u2022 L\u2019obsequi de benvinguda \u00e9s en relaci\u00f3 amb l\u2019edat del menor i subjecte a les exist\u00e8ncies.<br \/>\n\u2022 El valor de l\u2019obsequi no \u00e9s bescanviable en efectiu.<br \/>\n\u2022 Possibilitat de contractaci\u00f3 de productes no complexos.<br \/>\n\u2022 El compte no admet domiciliacions ni descomptes d\u2019efectes, no es pot endeutar ni fer servir per donar garanties pr\u00f2pies o a tercers.<\/p>\n","protected":false},"excerpt":{"rendered":"<p>Els millors serveis al vostre compte jove.<\/p>\n","protected":false},"author":1,"featured_media":7411,"parent":1978,"menu_order":174,"comment_status":"closed","ping_status":"closed","template":"template-detail.php","meta":{"footnotes":""},"yst_prominent_words":[1963,1978,1865,148,1961,1983,408,1957,1977,1982,393,157,841,1976,144,453,1979,143,1980,1981],"class_list":["post-1981","page","type-page","status-publish","has-post-thumbnail","hentry"],"acf":[],"_links":{"self":[{"href":"https:\/\/pre.andbank.com\/andorra\/ca\/wp-json\/wp\/v2\/pages\/1981"}],"collection":[{"href":"https:\/\/pre.andbank.com\/andorra\/ca\/wp-json\/wp\/v2\/pages"}],"about":[{"href":"https:\/\/pre.andbank.com\/andorra\/ca\/wp-json\/wp\/v2\/types\/page"}],"author":[{"embeddable":true,"href":"https:\/\/pre.andbank.com\/andorra\/ca\/wp-json\/wp\/v2\/users\/1"}],"replies":[{"embeddable":true,"href":"https:\/\/pre.andbank.com\/andorra\/ca\/wp-json\/wp\/v2\/comments?post=1981"}],"version-history":[{"count":0,"href":"https:\/\/pre.andbank.com\/andorra\/ca\/wp-json\/wp\/v2\/pages\/1981\/revisions"}],"up":[{"embeddable":true,"href":"https:\/\/pre.andbank.com\/andorra\/ca\/wp-json\/wp\/v2\/pages\/1978"}],"wp:featuredmedia":[{"embeddable":true,"href":"https:\/\/pre.andbank.com\/andorra\/ca\/wp-json\/wp\/v2\/media\/7411"}],"wp:attachment":[{"href":"https:\/\/pre.andbank.com\/andorra\/ca\/wp-json\/wp\/v2\/media?parent=1981"}],"wp:term":[{"taxonomy":"yst_prominent_words","embeddable":true,"href":"https:\/\/pre.andbank.com\/andorra\/ca\/wp-json\/wp\/v2\/yst_prominent_words?post=1981"}],"curies":[{"name":"wp","href":"https:\/\/api.w.org\/{rel}","templated":true}]}}