{"id":1980,"date":"2017-04-19T16:57:32","date_gmt":"2017-04-19T14:57:32","guid":{"rendered":"https:\/\/www.andbank.com\/andorra\/particulars\/comptes-i-targetes\/compte-nomina\/"},"modified":"2023-06-21T19:52:24","modified_gmt":"2023-06-21T17:52:24","slug":"compte-nomina","status":"publish","type":"page","link":"https:\/\/pre.andbank.com\/andorra\/ca\/particulars\/comptes-i-targetes\/compte-nomina\/","title":{"rendered":"Compte n\u00f2mina"},"content":{"rendered":"<ul>\n<li>Volem donar resposta a totes les vostres necessitats financeres, oferint-vos les condicions m\u00e9s avantatjoses en productes i serveis exclusius.<\/li>\n<li>Domicilieu la n\u00f2mina i us beneficiareu de tots els avantatges del compte NominAvant.<\/li>\n<li>Veniu a les oficines d\u2019Andbank i demaneu pel compte NominAvant.<\/li>\n<\/ul>\n<p>&nbsp;<\/p>\n<h5>Si voleu m\u00e9s informaci\u00f3 podeu contactar amb nosaltres en qualsevol de les oficines d&#8217;Andbank o trucar al tel\u00e8fon + 376 873 300 i respondrem a totes les vostres preguntes.<\/h5>\n","protected":false},"excerpt":{"rendered":"<p>Domicilieu la n\u00f2mina en Andbank i gaudiu dels avantatges associats al compte.<\/p>\n","protected":false},"author":18,"featured_media":1612,"parent":1978,"menu_order":170,"comment_status":"closed","ping_status":"closed","template":"template-detail.php","meta":{"footnotes":""},"yst_prominent_words":[1960,4517,745,331,749,342,3015,4518,3241],"class_list":["post-1980","page","type-page","status-publish","has-post-thumbnail","hentry"],"acf":[],"_links":{"self":[{"href":"https:\/\/pre.andbank.com\/andorra\/ca\/wp-json\/wp\/v2\/pages\/1980"}],"collection":[{"href":"https:\/\/pre.andbank.com\/andorra\/ca\/wp-json\/wp\/v2\/pages"}],"about":[{"href":"https:\/\/pre.andbank.com\/andorra\/ca\/wp-json\/wp\/v2\/types\/page"}],"author":[{"embeddable":true,"href":"https:\/\/pre.andbank.com\/andorra\/ca\/wp-json\/wp\/v2\/users\/18"}],"replies":[{"embeddable":true,"href":"https:\/\/pre.andbank.com\/andorra\/ca\/wp-json\/wp\/v2\/comments?post=1980"}],"version-history":[{"count":1,"href":"https:\/\/pre.andbank.com\/andorra\/ca\/wp-json\/wp\/v2\/pages\/1980\/revisions"}],"predecessor-version":[{"id":25118,"href":"https:\/\/pre.andbank.com\/andorra\/ca\/wp-json\/wp\/v2\/pages\/1980\/revisions\/25118"}],"up":[{"embeddable":true,"href":"https:\/\/pre.andbank.com\/andorra\/ca\/wp-json\/wp\/v2\/pages\/1978"}],"wp:featuredmedia":[{"embeddable":true,"href":"https:\/\/pre.andbank.com\/andorra\/ca\/wp-json\/wp\/v2\/media\/1612"}],"wp:attachment":[{"href":"https:\/\/pre.andbank.com\/andorra\/ca\/wp-json\/wp\/v2\/media?parent=1980"}],"wp:term":[{"taxonomy":"yst_prominent_words","embeddable":true,"href":"https:\/\/pre.andbank.com\/andorra\/ca\/wp-json\/wp\/v2\/yst_prominent_words?post=1980"}],"curies":[{"name":"wp","href":"https:\/\/api.w.org\/{rel}","templated":true}]}}