{"id":1979,"date":"2017-04-19T16:57:27","date_gmt":"2017-04-19T14:57:27","guid":{"rendered":"https:\/\/www.andbank.com\/andorra\/particulars\/comptes-i-targetes\/compte-corrent\/"},"modified":"2023-06-21T19:50:20","modified_gmt":"2023-06-21T17:50:20","slug":"compte-corrent","status":"publish","type":"page","link":"https:\/\/pre.andbank.com\/andorra\/ca\/particulars\/comptes-i-targetes\/compte-corrent\/","title":{"rendered":"Compte Corrent"},"content":{"rendered":"<h2>El vostre compte bancari del dia a dia<\/h2>\n<ul>\n<li>Us facilitem les gestions di\u00e0ries.<\/li>\n<li>Gestioneu el vostre compte amb tota la comoditat i seguretat per realitzar i controlar les vostres transaccions.<\/li>\n<\/ul>\n<p><strong>Us oferim tots els serveis associats al vostre compte corrent:<\/strong><\/p>\n<ol>\n<li>Acc\u00e9s gratu\u00eft al servei e-andbank (accessible les 24 hores del dia, amb la m\u00e0xima seguretat des de qualsevol ordinador o dispositiu m\u00f2bil).<\/li>\n<li>\u00das del nostre exclusiu servei BancMail, amb el qual rebreu els extractes i moviments digitalitzats en el vostre correu electr\u00f2nic.<\/li>\n<li>Una \u00e0mplia gamma de targetes per comprar arreu del m\u00f3n i disposar dels diners en qualsevol moment i en qualsevol lloc.<\/li>\n<\/ol>\n<p>&nbsp;<\/p>\n<h5>Si voleu m\u00e9s informaci\u00f3 podeu contactar amb nosaltres en qualsevol de les oficines d&#8217;Andbank o trucar al tel\u00e8fon + 376 873 300 i respondrem a totes les vostres preguntes.<\/h5>\n","protected":false},"excerpt":{"rendered":"<p>Tots els serveis al vostre compte corrent.<\/p>\n","protected":false},"author":18,"featured_media":1597,"parent":1978,"menu_order":122,"comment_status":"closed","ping_status":"closed","template":"template-detail.php","meta":{"footnotes":""},"yst_prominent_words":[148,1960,4719,157,143,3180,3433,1956,389,388,4718,3241],"class_list":["post-1979","page","type-page","status-publish","has-post-thumbnail","hentry"],"acf":[],"_links":{"self":[{"href":"https:\/\/pre.andbank.com\/andorra\/ca\/wp-json\/wp\/v2\/pages\/1979"}],"collection":[{"href":"https:\/\/pre.andbank.com\/andorra\/ca\/wp-json\/wp\/v2\/pages"}],"about":[{"href":"https:\/\/pre.andbank.com\/andorra\/ca\/wp-json\/wp\/v2\/types\/page"}],"author":[{"embeddable":true,"href":"https:\/\/pre.andbank.com\/andorra\/ca\/wp-json\/wp\/v2\/users\/18"}],"replies":[{"embeddable":true,"href":"https:\/\/pre.andbank.com\/andorra\/ca\/wp-json\/wp\/v2\/comments?post=1979"}],"version-history":[{"count":2,"href":"https:\/\/pre.andbank.com\/andorra\/ca\/wp-json\/wp\/v2\/pages\/1979\/revisions"}],"predecessor-version":[{"id":25114,"href":"https:\/\/pre.andbank.com\/andorra\/ca\/wp-json\/wp\/v2\/pages\/1979\/revisions\/25114"}],"up":[{"embeddable":true,"href":"https:\/\/pre.andbank.com\/andorra\/ca\/wp-json\/wp\/v2\/pages\/1978"}],"wp:featuredmedia":[{"embeddable":true,"href":"https:\/\/pre.andbank.com\/andorra\/ca\/wp-json\/wp\/v2\/media\/1597"}],"wp:attachment":[{"href":"https:\/\/pre.andbank.com\/andorra\/ca\/wp-json\/wp\/v2\/media?parent=1979"}],"wp:term":[{"taxonomy":"yst_prominent_words","embeddable":true,"href":"https:\/\/pre.andbank.com\/andorra\/ca\/wp-json\/wp\/v2\/yst_prominent_words?post=1979"}],"curies":[{"name":"wp","href":"https:\/\/api.w.org\/{rel}","templated":true}]}}