{"id":13293,"date":"2020-03-16T14:03:58","date_gmt":"2020-03-16T12:03:58","guid":{"rendered":"https:\/\/www.andbank.com\/andorra\/informacio-legal\/informacion-basica-la-proteccion-los-depositos\/"},"modified":"2020-03-16T14:11:12","modified_gmt":"2020-03-16T12:11:12","slug":"informacio-la-proteccion-dels-diposits-i-les-inversions","status":"publish","type":"page","link":"https:\/\/pre.andbank.com\/andorra\/ca\/informacio-legal\/informacio-la-proteccion-dels-diposits-i-les-inversions\/","title":{"rendered":"Informaci\u00f3 sobre la protecci\u00f3n dels dip\u00f2sits i les inversions"},"content":{"rendered":"<h2>Informaci\u00f3 b\u00e0sica sobre la protecci\u00f3 dels dip\u00f2sits <\/h2>\n<p>La Llei 20\/2018, del 13 de setembre, <strong>reguladora del Fons Andorr\u00e0 de Garantia de Dip\u00f2sits i del Sistema Andorr\u00e0 de Garantia d\u2019Inversions<\/strong>, obliga a les entitats banc\u00e0ries a posar a disposici\u00f3 dels dipositants, reals o potencials, la informaci\u00f3 necess\u00e0ria per identificar el Fons Andorr\u00e0 de Garantia de Dip\u00f2sits (<strong>FAGADI<\/strong>). Aquesta informaci\u00f3 compr\u00e8n en tot cas la seva denominaci\u00f3, la seu, el n\u00famero de tel\u00e8fon, l\u2019adre\u00e7a d\u2019Internet i de correu electr\u00f2nic, aix\u00ed com les disposicions que s\u2019hi apliquen, especificant l\u2019import, l\u2019abast de les garanties ofertes i les condicions i formalitats necess\u00e0ries perqu\u00e8 es produeixi el pagament de l\u2019import garantit.<\/p>\n<p><a href=\"https:\/\/www.andbank.com\/andorra\/wp-content\/uploads\/sites\/10\/2017\/04\/FULL-INFORMATIU-SOBRE-EL-FAGADI-CAT.pdf\" target=\"_blank\" rel=\"noopener noreferrer\"> Informaci\u00f3 b\u00e0sica sobre la protecci\u00f3 dels dip\u00f2sits<\/a><\/p>\n<p>&nbsp;<\/p>\n<h2>Informaci\u00f3 b\u00e0sica sobre la protecci\u00f3 d&#8217;inversions<\/h2>\n<p>La Llei 20\/2018, del 13 de setembre, <strong>reguladora del Fons Andorr\u00e0 de Garantia de Dip\u00f2sits i del Sistema Andorr\u00e0 de Garantia d\u2019Inversions<\/strong>, obliga a les entitats banc\u00e0ries a posar a disposici\u00f3 dels inversors, reals o potencials, la informaci\u00f3 necess\u00e0ria per identificar el Sistema Andorr\u00e0 de Garantia d\u2019Inversions (<strong>SAGI<\/strong>). Aquesta informaci\u00f3 compr\u00e8n en tot cas la seva denominaci\u00f3, la seu, el n\u00famero de tel\u00e8fon, l\u2019adre\u00e7a d\u2019Internet i de correu electr\u00f2nic, aix\u00ed com les disposicions que s\u2019hi apliquen, especificant l\u2019import, l\u2019abast de les garanties ofertes i les condicions i formalitats necess\u00e0ries perqu\u00e8 es produeixi el pagament de l\u2019import garantit.<\/p>\n<p><a href=\"https:\/\/www.andbank.com\/andorra\/wp-content\/uploads\/sites\/10\/2017\/04\/FULL-INFORMATIU-SOBRE-EL-SAGI-CAT.pdf\" target=\"_blank\" rel=\"noopener noreferrer\"> Informaci\u00f3 b\u00e0sica sobre la protecci\u00f3 d\u2019inversions<\/a><\/p>\n","protected":false},"excerpt":{"rendered":"<p>Informaci\u00f3 b\u00e0sica sobre la protecci\u00f3 dels dip\u00f2sits La Llei 20\/2018, del 13 de setembre, reguladora del Fons Andorr\u00e0 de Garantia de Dip\u00f2sits i del Sistema Andorr\u00e0 de Garantia d\u2019Inversions, obliga a les entitats banc\u00e0ries a posar a disposici\u00f3 dels dipositants, reals o potencials, la informaci\u00f3 necess\u00e0ria per identificar el Fons Andorr\u00e0 de Garantia de Dip\u00f2sits [&hellip;]<\/p>\n","protected":false},"author":28,"featured_media":0,"parent":1972,"menu_order":0,"comment_status":"closed","ping_status":"closed","template":"template-info-detail.php","meta":{"footnotes":""},"yst_prominent_words":[6336,6367,6357,6334,6359,6354,6364,6356,6335,6365,6345,6360,6363,6362,6358,6353,6355,6366,6352,6361],"class_list":["post-13293","page","type-page","status-publish","hentry"],"acf":[],"_links":{"self":[{"href":"https:\/\/pre.andbank.com\/andorra\/ca\/wp-json\/wp\/v2\/pages\/13293"}],"collection":[{"href":"https:\/\/pre.andbank.com\/andorra\/ca\/wp-json\/wp\/v2\/pages"}],"about":[{"href":"https:\/\/pre.andbank.com\/andorra\/ca\/wp-json\/wp\/v2\/types\/page"}],"author":[{"embeddable":true,"href":"https:\/\/pre.andbank.com\/andorra\/ca\/wp-json\/wp\/v2\/users\/28"}],"replies":[{"embeddable":true,"href":"https:\/\/pre.andbank.com\/andorra\/ca\/wp-json\/wp\/v2\/comments?post=13293"}],"version-history":[{"count":0,"href":"https:\/\/pre.andbank.com\/andorra\/ca\/wp-json\/wp\/v2\/pages\/13293\/revisions"}],"up":[{"embeddable":true,"href":"https:\/\/pre.andbank.com\/andorra\/ca\/wp-json\/wp\/v2\/pages\/1972"}],"wp:attachment":[{"href":"https:\/\/pre.andbank.com\/andorra\/ca\/wp-json\/wp\/v2\/media?parent=13293"}],"wp:term":[{"taxonomy":"yst_prominent_words","embeddable":true,"href":"https:\/\/pre.andbank.com\/andorra\/ca\/wp-json\/wp\/v2\/yst_prominent_words?post=13293"}],"curies":[{"name":"wp","href":"https:\/\/api.w.org\/{rel}","templated":true}]}}