{"id":13076,"date":"2020-03-01T13:57:15","date_gmt":"2020-03-01T11:57:15","guid":{"rendered":"https:\/\/www.andbank.com\/andorra\/andbank-trainee-program-2020\/"},"modified":"2024-03-08T17:52:06","modified_gmt":"2024-03-08T15:52:06","slug":"andbank-trainee-program-2024","status":"publish","type":"page","link":"https:\/\/pre.andbank.com\/andorra\/ca\/andbank-trainee-program-2024\/","title":{"rendered":"Andbank Trainee Program 2024"},"content":{"rendered":"<h2>Pr\u00e0ctiques d\u2019estiu:<\/h2>\n<p>&nbsp;<\/p>\n<p><strong>Requisits:<\/strong><\/p>\n<ul>\n<li>Tenir la condici\u00f3 d&#8217;alumnes de segon any en estudis superiors (actualment matriculats).<\/li>\n<li>Preferentment graus especialitzats en: Administraci\u00f3 i Direcci\u00f3 d&#8217;Empreses, Economia, Matem\u00e0tiques, F\u00edsica o Enginyeries, Dret o Psicologia.<\/li>\n<li>Nacionalitat andorrana o disposar de perm\u00eds de resid\u00e8ncia (requisit imprescindible per al programa de pr\u00e0ctiques d&#8217;estiu a Andorra), en cas de filials s&#8217;haur\u00e0 de tenir en compte la legislaci\u00f3 local.<\/li>\n<li>Es valorar\u00e0 domini de l&#8217;angl\u00e8s.<\/li>\n<li>Capacitat de treballar en equip, iniciativa, responsabilitat i polival\u00e8ncia.<\/li>\n<li>Participaci\u00f3 limitada a 2 anys consecutius.<\/li>\n<\/ul>\n<p><strong>Proc\u00e9s d\u2019aplicaci\u00f3 i caracter\u00edstiques:<\/strong><\/p>\n<ul>\n<li>Enviar CV, carta de motivaci\u00f3 i expedient acad\u00e8mic a: <a href=\"mailto:traineeprogram@andbank.com\">traineeprogram@andbank.com<\/a><\/li>\n<li>Data l\u00edmit d\u2019inscripci\u00f3: <strong>29 de mar\u00e7 de 2024<\/strong><\/li>\n<li>Per\u00edode: <strong>2 mesos (juliol i agost)<\/strong><\/li>\n<\/ul>\n<p><strong>Selecci\u00f3:<\/strong><\/p>\n<p>El departament de RH contactar\u00e0 amb les persones que hagin estat preseleccionades per iniciar el proc\u00e9s de selecci\u00f3 definitiu.<\/p>\n","protected":false},"excerpt":{"rendered":"<p>Pr\u00e0ctiques d\u2019estiu: &nbsp; Requisits: Tenir la condici\u00f3 d&#8217;alumnes de segon any en estudis superiors (actualment matriculats). Preferentment graus especialitzats en: Administraci\u00f3 i Direcci\u00f3 d&#8217;Empreses, Economia, Matem\u00e0tiques, F\u00edsica o Enginyeries, Dret o Psicologia. Nacionalitat andorrana o disposar de perm\u00eds de resid\u00e8ncia (requisit imprescindible per al programa de pr\u00e0ctiques d&#8217;estiu a Andorra), en cas de filials s&#8217;haur\u00e0 [&hellip;]<\/p>\n","protected":false},"author":28,"featured_media":25679,"parent":0,"menu_order":0,"comment_status":"closed","ping_status":"closed","template":"","meta":{"footnotes":""},"yst_prominent_words":[6146,6145,6140,6136,6125,6139,6135,6144,6124,6119,6134,6141,6149,6143,6137,6148,6142,6138,1191,6147],"class_list":["post-13076","page","type-page","status-publish","has-post-thumbnail","hentry"],"acf":[],"_links":{"self":[{"href":"https:\/\/pre.andbank.com\/andorra\/ca\/wp-json\/wp\/v2\/pages\/13076"}],"collection":[{"href":"https:\/\/pre.andbank.com\/andorra\/ca\/wp-json\/wp\/v2\/pages"}],"about":[{"href":"https:\/\/pre.andbank.com\/andorra\/ca\/wp-json\/wp\/v2\/types\/page"}],"author":[{"embeddable":true,"href":"https:\/\/pre.andbank.com\/andorra\/ca\/wp-json\/wp\/v2\/users\/28"}],"replies":[{"embeddable":true,"href":"https:\/\/pre.andbank.com\/andorra\/ca\/wp-json\/wp\/v2\/comments?post=13076"}],"version-history":[{"count":3,"href":"https:\/\/pre.andbank.com\/andorra\/ca\/wp-json\/wp\/v2\/pages\/13076\/revisions"}],"predecessor-version":[{"id":25682,"href":"https:\/\/pre.andbank.com\/andorra\/ca\/wp-json\/wp\/v2\/pages\/13076\/revisions\/25682"}],"wp:featuredmedia":[{"embeddable":true,"href":"https:\/\/pre.andbank.com\/andorra\/ca\/wp-json\/wp\/v2\/media\/25679"}],"wp:attachment":[{"href":"https:\/\/pre.andbank.com\/andorra\/ca\/wp-json\/wp\/v2\/media?parent=13076"}],"wp:term":[{"taxonomy":"yst_prominent_words","embeddable":true,"href":"https:\/\/pre.andbank.com\/andorra\/ca\/wp-json\/wp\/v2\/yst_prominent_words?post=13076"}],"curies":[{"name":"wp","href":"https:\/\/api.w.org\/{rel}","templated":true}]}}